{"id":4140,"date":"2022-04-18T10:47:24","date_gmt":"2022-04-18T09:47:24","guid":{"rendered":"https:\/\/eranovum.energy\/?page_id=4140"},"modified":"2024-04-01T11:54:52","modified_gmt":"2024-04-01T10:54:52","slug":"politique-des-cookies","status":"publish","type":"page","link":"https:\/\/eranovum.energy\/fr\/politique-des-cookies\/","title":{"rendered":"Politique des cookies"},"content":{"rendered":"\t\t<div data-elementor-type=\"wp-page\" data-elementor-id=\"4140\" class=\"elementor elementor-4140\">\n\t\t\t\t\t\t<section data-animation-type=\"block\" class=\"elementor-section elementor-top-section elementor-element elementor-element-763ebb9c elementor-section-boxed elementor-section-height-default elementor-section-height-default animation_type_block sc_fly_static elementor-invisible\" data-id=\"763ebb9c\" data-element_type=\"section\" data-e-type=\"section\" data-settings=\"{&quot;background_background&quot;:&quot;classic&quot;,&quot;animation&quot;:&quot;qwery-fadein&quot;}\">\n\t\t\t\t\t\t\t<div class=\"elementor-background-overlay\"><\/div>\n\t\t\t\t\t\t\t<div class=\"elementor-container elementor-column-gap-extended\">\n\t\t\t\t\t<div class=\"elementor-column elementor-col-100 elementor-top-column elementor-element elementor-element-1c759af2 sc_content_align_inherit sc_layouts_column_icons_position_left sc_fly_static\" data-id=\"1c759af2\" data-element_type=\"column\" data-e-type=\"column\">\n\t\t\t<div class=\"elementor-widget-wrap elementor-element-populated\">\n\t\t\t\t\t\t<div class=\"elementor-element elementor-element-473cb1b7 sc_fly_static elementor-widget elementor-widget-spacer\" data-id=\"473cb1b7\" data-element_type=\"widget\" data-e-type=\"widget\" data-widget_type=\"spacer.default\">\n\t\t\t\t<div class=\"elementor-widget-container\">\n\t\t\t\t\t\t\t<div class=\"elementor-spacer\">\n\t\t\t<div class=\"elementor-spacer-inner\"><\/div>\n\t\t<\/div>\n\t\t\t\t\t\t<\/div>\n\t\t\t\t<\/div>\n\t\t\t\t<div class=\"elementor-element elementor-element-13d99fef sc_fly_static elementor-widget elementor-widget-heading\" data-id=\"13d99fef\" data-element_type=\"widget\" data-e-type=\"widget\" data-widget_type=\"heading.default\">\n\t\t\t\t<div class=\"elementor-widget-container\">\n\t\t\t\t\t<h1 class=\"elementor-heading-title elementor-size-default\">Politique des cookies<\/h1>\t\t\t\t<\/div>\n\t\t\t\t<\/div>\n\t\t\t\t<div class=\"elementor-element elementor-element-5251766 sc_fly_static elementor-widget elementor-widget-spacer\" data-id=\"5251766\" data-element_type=\"widget\" data-e-type=\"widget\" data-widget_type=\"spacer.default\">\n\t\t\t\t<div class=\"elementor-widget-container\">\n\t\t\t\t\t\t\t<div class=\"elementor-spacer\">\n\t\t\t<div class=\"elementor-spacer-inner\"><\/div>\n\t\t<\/div>\n\t\t\t\t\t\t<\/div>\n\t\t\t\t<\/div>\n\t\t\t\t<div class=\"elementor-element elementor-element-92f0af8 sc_fly_static elementor-widget elementor-widget-spacer\" data-id=\"92f0af8\" data-element_type=\"widget\" data-e-type=\"widget\" data-widget_type=\"spacer.default\">\n\t\t\t\t<div class=\"elementor-widget-container\">\n\t\t\t\t\t\t\t<div class=\"elementor-spacer\">\n\t\t\t<div class=\"elementor-spacer-inner\"><\/div>\n\t\t<\/div>\n\t\t\t\t\t\t<\/div>\n\t\t\t\t<\/div>\n\t\t\t\t\t<\/div>\n\t\t<\/div>\n\t\t\t\t\t<\/div>\n\t\t<\/section>\n\t\t\t\t<section class=\"elementor-section-with-custom-width elementor-section elementor-top-section elementor-element elementor-element-61d79958 elementor-section-boxed elementor-section-height-default elementor-section-height-default sc_fly_static\" data-id=\"61d79958\" data-element_type=\"section\" data-e-type=\"section\">\n\t\t\t\t\t\t<div class=\"elementor-container elementor-column-gap-extended\">\n\t\t\t\t\t<div class=\"elementor-column elementor-col-100 elementor-top-column elementor-element elementor-element-2c496e9e sc_content_align_inherit sc_layouts_column_icons_position_left sc_fly_static\" data-id=\"2c496e9e\" data-element_type=\"column\" data-e-type=\"column\">\n\t\t\t<div class=\"elementor-widget-wrap elementor-element-populated\">\n\t\t\t\t\t\t<div class=\"elementor-element elementor-element-6c742a4 sc_fly_static elementor-widget elementor-widget-spacer\" data-id=\"6c742a4\" data-element_type=\"widget\" data-e-type=\"widget\" data-widget_type=\"spacer.default\">\n\t\t\t\t<div class=\"elementor-widget-container\">\n\t\t\t\t\t\t\t<div class=\"elementor-spacer\">\n\t\t\t<div class=\"elementor-spacer-inner\"><\/div>\n\t\t<\/div>\n\t\t\t\t\t\t<\/div>\n\t\t\t\t<\/div>\n\t\t\t\t<div class=\"elementor-element elementor-element-67ec268f sc_fly_static elementor-widget elementor-widget-text-editor\" data-id=\"67ec268f\" data-element_type=\"widget\" data-e-type=\"widget\" data-widget_type=\"text-editor.default\">\n\t\t\t\t<div class=\"elementor-widget-container\">\n\t\t\t\t\t\t\t\t\t<p>a. Qu&rsquo;est-ce qu&rsquo;un cookie ?<\/p><p>Les cookies sont de petits fichiers ou dispositifs d&rsquo;usage g\u00e9n\u00e9ral qui sont install\u00e9s dans le navigateur de l&rsquo;utilisateur afin de stocker, r\u00e9cup\u00e9rer ou mettre \u00e0 jour des donn\u00e9es. Ils permettent au responsable d&rsquo;un site web de conna\u00eetre les pr\u00e9f\u00e9rences des utilisateurs lorsqu&rsquo;ils naviguent sur son site et de personnaliser les services offerts en fonction de ces pr\u00e9f\u00e9rences.<\/p><p>b. Quels sont les types de cookies ?<\/p><p>En fonction de leur finalit\u00e9, les cookies peuvent \u00eatre<\/p><p>Cookies techniques : ils sont n\u00e9cessaires \u00e0 la navigation. Sans eux, la page ne fonctionnerait pas correctement (cookies de \u00ab\u00a0user input\u00a0\u00bb, cookies de session du lecteur multim\u00e9dia, etc.)<br \/>Cookies de personnalisation ou de configuration : ils permettent au site web de reconna\u00eetre la langue de l&rsquo;utilisateur, la taille des caract\u00e8res, etc.<br \/>Cookies de s\u00e9curit\u00e9 : ils pr\u00e9viennent ou emp\u00eachent les attaques contre le site web ou ses utilisateurs.<br \/>Cookies d&rsquo;analyse : ils permettent de mesurer l&rsquo;activit\u00e9 de l&rsquo;utilisateur et d&rsquo;\u00e9tablir des statistiques de navigation.<br \/>Cookies publicitaires : ils g\u00e8rent la fr\u00e9quence et le contenu des publicit\u00e9s.<br \/>Cookies de publicit\u00e9 comportementale : ils stockent des informations sur les utilisateurs afin de leur pr\u00e9senter des publicit\u00e9s personnalis\u00e9es.<\/p><p>c. Quels sont les cookies que nous utilisons ?<\/p><p>Chez Eranovum, nous n&rsquo;utilisons nos propres cookies qu&rsquo;aux fins suivantes :<\/p><p>Cookies techniques temporaires, cookies de session, qui nous permettent de nous assurer que notre site web fonctionne correctement et de pouvoir naviguer entre les pages web du site. Lorsque vous quittez le site web, ces cookies sont supprim\u00e9s de votre navigateur. La suppression de ces cookies peut entra\u00eener un dysfonctionnement du site ou l&rsquo;impossibilit\u00e9 d&rsquo;acc\u00e9der \u00e0 certaines parties de celui-ci.<br \/>Les cookies statistiques de Google Analytics pour analyser le trafic des utilisateurs. Certaines des donn\u00e9es collect\u00e9es sont le nombre de visites re\u00e7ues, l&rsquo;origine des visites, les mots-cl\u00e9s utilis\u00e9s pour trouver le site ou les heures avec le plus grand nombre de visiteurs. Vous pouvez en savoir plus sur la politique de confidentialit\u00e9 de Google Analytics en visitant ce lien.<\/p><p>d. Comment puis-je contr\u00f4ler l&rsquo;utilisation des cookies et des balises web ?<\/p><p>Si vous souhaitez supprimer les cookies et les pixels invisibles d\u00e9j\u00e0 install\u00e9s sur les terminaux des utilisateurs, vous pouvez le faire \u00e0 partir de votre navigateur. Vous pouvez savoir comment proc\u00e9der en allant dans le menu d&rsquo;aide du navigateur, o\u00f9 sont \u00e9tablies les \u00e9tapes \u00e0 suivre pour proc\u00e9der \u00e0 leur \u00e9limination. Pour plus d&rsquo;informations :<\/p><p>Internet Explorer<\/p><p>http:\/\/windows.microsoft.com\/es-es\/windows-vista\/block-or-allow-cookies<\/p><p>Mozilla Firefox<\/p><p>http:\/\/support.mozilla.org\/es\/kb\/habilitar-y-deshabilitar-cookies-que-los-sitios-we<\/p><p>Google Chrome<\/p><p>https:\/\/support.google.com\/chrome\/answer\/95647?hl=es<\/p><p>Safari<\/p><p>http:\/\/support.apple.com\/kb\/ph5042<\/p><p>La pr\u00e9sente politique en mati\u00e8re de cookies a \u00e9t\u00e9 r\u00e9vis\u00e9e pour la derni\u00e8re fois le 13 d\u00e9cembre 2021 par Eranovum, qui se r\u00e9serve le droit d&rsquo;apporter \u00e0 tout moment les modifications qu&rsquo;elle juge n\u00e9cessaires pour l&rsquo;adapter \u00e0 l&rsquo;\u00e9volution de la l\u00e9gislation ou de la jurisprudence.<\/p>\t\t\t\t\t\t\t\t<\/div>\n\t\t\t\t<\/div>\n\t\t\t\t<div class=\"elementor-element elementor-element-34db45af sc_fly_static elementor-widget elementor-widget-spacer\" data-id=\"34db45af\" data-element_type=\"widget\" data-e-type=\"widget\" data-widget_type=\"spacer.default\">\n\t\t\t\t<div class=\"elementor-widget-container\">\n\t\t\t\t\t\t\t<div class=\"elementor-spacer\">\n\t\t\t<div class=\"elementor-spacer-inner\"><\/div>\n\t\t<\/div>\n\t\t\t\t\t\t<\/div>\n\t\t\t\t<\/div>\n\t\t\t\t\t<\/div>\n\t\t<\/div>\n\t\t\t\t\t<\/div>\n\t\t<\/section>\n\t\t\t\t<\/div>\n\t\t","protected":false},"excerpt":{"rendered":"<p>Politique des cookies a. Qu&rsquo;est-ce qu&rsquo;un cookie ? Les cookies sont de petits fichiers ou&hellip;<\/p>\n","protected":false},"author":1,"featured_media":0,"parent":0,"menu_order":0,"comment_status":"closed","ping_status":"closed","template":"","meta":{"_stopmodifiedupdate":false,"_modified_date":"","_acf_changed":false,"footnotes":""},"class_list":["post-4140","page","type-page","status-publish","hentry"],"yoast_head":"<!-- This site is optimized with the Yoast SEO plugin v27.3 - https:\/\/yoast.com\/product\/yoast-seo-wordpress\/ -->\n<title>Politique des cookies - Eranovum<\/title>\n<meta name=\"robots\" content=\"index, follow, max-snippet:-1, max-image-preview:large, max-video-preview:-1\" \/>\n<link rel=\"canonical\" href=\"https:\/\/eranovum.energy\/fr\/politique-des-cookies\/\" \/>\n<meta property=\"og:locale\" content=\"fr_FR\" \/>\n<meta property=\"og:type\" content=\"article\" \/>\n<meta property=\"og:title\" content=\"Politique des cookies - Eranovum\" \/>\n<meta property=\"og:description\" content=\"Politique des cookies a. Qu&rsquo;est-ce qu&rsquo;un cookie ? Les cookies sont de petits fichiers ou&hellip;\" \/>\n<meta property=\"og:url\" content=\"https:\/\/eranovum.energy\/fr\/politique-des-cookies\/\" \/>\n<meta property=\"og:site_name\" content=\"Eranovum\" \/>\n<meta property=\"article:modified_time\" content=\"2024-04-01T10:54:52+00:00\" \/>\n<meta property=\"og:image\" content=\"https:\/\/eranovum.energy\/wp-content\/uploads\/2024\/01\/Eranovum-Logo-1.jpg\" \/>\n\t<meta property=\"og:image:width\" content=\"1200\" \/>\n\t<meta property=\"og:image:height\" content=\"675\" \/>\n\t<meta property=\"og:image:type\" content=\"image\/jpeg\" \/>\n<meta name=\"twitter:card\" content=\"summary_large_image\" \/>\n<meta name=\"twitter:label1\" content=\"Dur\u00e9e de lecture estim\u00e9e\" \/>\n\t<meta name=\"twitter:data1\" content=\"2 minutes\" \/>\n<script type=\"application\/ld+json\" class=\"yoast-schema-graph\">{\"@context\":\"https:\\\/\\\/schema.org\",\"@graph\":[{\"@type\":\"WebPage\",\"@id\":\"https:\\\/\\\/eranovum.energy\\\/fr\\\/politique-des-cookies\\\/\",\"url\":\"https:\\\/\\\/eranovum.energy\\\/fr\\\/politique-des-cookies\\\/\",\"name\":\"Politique des cookies - Eranovum\",\"isPartOf\":{\"@id\":\"https:\\\/\\\/eranovum.energy\\\/fr\\\/#website\"},\"datePublished\":\"2022-04-18T09:47:24+00:00\",\"dateModified\":\"2024-04-01T10:54:52+00:00\",\"breadcrumb\":{\"@id\":\"https:\\\/\\\/eranovum.energy\\\/fr\\\/politique-des-cookies\\\/#breadcrumb\"},\"inLanguage\":\"fr-FR\",\"potentialAction\":[{\"@type\":\"ReadAction\",\"target\":[\"https:\\\/\\\/eranovum.energy\\\/fr\\\/politique-des-cookies\\\/\"]}]},{\"@type\":\"BreadcrumbList\",\"@id\":\"https:\\\/\\\/eranovum.energy\\\/fr\\\/politique-des-cookies\\\/#breadcrumb\",\"itemListElement\":[{\"@type\":\"ListItem\",\"position\":1,\"name\":\"Home\",\"item\":\"https:\\\/\\\/eranovum.energy\\\/fr\\\/\"},{\"@type\":\"ListItem\",\"position\":2,\"name\":\"Politique des cookies\"}]},{\"@type\":\"WebSite\",\"@id\":\"https:\\\/\\\/eranovum.energy\\\/fr\\\/#website\",\"url\":\"https:\\\/\\\/eranovum.energy\\\/fr\\\/\",\"name\":\"Eranovum\",\"description\":\"Leading the new era of energy\",\"publisher\":{\"@id\":\"https:\\\/\\\/eranovum.energy\\\/fr\\\/#organization\"},\"potentialAction\":[{\"@type\":\"SearchAction\",\"target\":{\"@type\":\"EntryPoint\",\"urlTemplate\":\"https:\\\/\\\/eranovum.energy\\\/fr\\\/?s={search_term_string}\"},\"query-input\":{\"@type\":\"PropertyValueSpecification\",\"valueRequired\":true,\"valueName\":\"search_term_string\"}}],\"inLanguage\":\"fr-FR\"},{\"@type\":\"Organization\",\"@id\":\"https:\\\/\\\/eranovum.energy\\\/fr\\\/#organization\",\"name\":\"Eranovum\",\"url\":\"https:\\\/\\\/eranovum.energy\\\/fr\\\/\",\"logo\":{\"@type\":\"ImageObject\",\"inLanguage\":\"fr-FR\",\"@id\":\"https:\\\/\\\/eranovum.energy\\\/fr\\\/#\\\/schema\\\/logo\\\/image\\\/\",\"url\":\"https:\\\/\\\/eranovum.energy\\\/wp-content\\\/uploads\\\/2022\\\/04\\\/cropped-eranovum-logo-web.png\",\"contentUrl\":\"https:\\\/\\\/eranovum.energy\\\/wp-content\\\/uploads\\\/2022\\\/04\\\/cropped-eranovum-logo-web.png\",\"width\":351,\"height\":41,\"caption\":\"Eranovum\"},\"image\":{\"@id\":\"https:\\\/\\\/eranovum.energy\\\/fr\\\/#\\\/schema\\\/logo\\\/image\\\/\"}}]}<\/script>\n<!-- \/ Yoast SEO plugin. -->","yoast_head_json":{"title":"Politique des cookies - Eranovum","robots":{"index":"index","follow":"follow","max-snippet":"max-snippet:-1","max-image-preview":"max-image-preview:large","max-video-preview":"max-video-preview:-1"},"canonical":"https:\/\/eranovum.energy\/fr\/politique-des-cookies\/","og_locale":"fr_FR","og_type":"article","og_title":"Politique des cookies - Eranovum","og_description":"Politique des cookies a. Qu&rsquo;est-ce qu&rsquo;un cookie ? Les cookies sont de petits fichiers ou&hellip;","og_url":"https:\/\/eranovum.energy\/fr\/politique-des-cookies\/","og_site_name":"Eranovum","article_modified_time":"2024-04-01T10:54:52+00:00","og_image":[{"width":1200,"height":675,"url":"https:\/\/eranovum.energy\/wp-content\/uploads\/2024\/01\/Eranovum-Logo-1.jpg","type":"image\/jpeg"}],"twitter_card":"summary_large_image","twitter_misc":{"Dur\u00e9e de lecture estim\u00e9e":"2 minutes"},"schema":{"@context":"https:\/\/schema.org","@graph":[{"@type":"WebPage","@id":"https:\/\/eranovum.energy\/fr\/politique-des-cookies\/","url":"https:\/\/eranovum.energy\/fr\/politique-des-cookies\/","name":"Politique des cookies - Eranovum","isPartOf":{"@id":"https:\/\/eranovum.energy\/fr\/#website"},"datePublished":"2022-04-18T09:47:24+00:00","dateModified":"2024-04-01T10:54:52+00:00","breadcrumb":{"@id":"https:\/\/eranovum.energy\/fr\/politique-des-cookies\/#breadcrumb"},"inLanguage":"fr-FR","potentialAction":[{"@type":"ReadAction","target":["https:\/\/eranovum.energy\/fr\/politique-des-cookies\/"]}]},{"@type":"BreadcrumbList","@id":"https:\/\/eranovum.energy\/fr\/politique-des-cookies\/#breadcrumb","itemListElement":[{"@type":"ListItem","position":1,"name":"Home","item":"https:\/\/eranovum.energy\/fr\/"},{"@type":"ListItem","position":2,"name":"Politique des cookies"}]},{"@type":"WebSite","@id":"https:\/\/eranovum.energy\/fr\/#website","url":"https:\/\/eranovum.energy\/fr\/","name":"Eranovum","description":"Leading the new era of energy","publisher":{"@id":"https:\/\/eranovum.energy\/fr\/#organization"},"potentialAction":[{"@type":"SearchAction","target":{"@type":"EntryPoint","urlTemplate":"https:\/\/eranovum.energy\/fr\/?s={search_term_string}"},"query-input":{"@type":"PropertyValueSpecification","valueRequired":true,"valueName":"search_term_string"}}],"inLanguage":"fr-FR"},{"@type":"Organization","@id":"https:\/\/eranovum.energy\/fr\/#organization","name":"Eranovum","url":"https:\/\/eranovum.energy\/fr\/","logo":{"@type":"ImageObject","inLanguage":"fr-FR","@id":"https:\/\/eranovum.energy\/fr\/#\/schema\/logo\/image\/","url":"https:\/\/eranovum.energy\/wp-content\/uploads\/2022\/04\/cropped-eranovum-logo-web.png","contentUrl":"https:\/\/eranovum.energy\/wp-content\/uploads\/2022\/04\/cropped-eranovum-logo-web.png","width":351,"height":41,"caption":"Eranovum"},"image":{"@id":"https:\/\/eranovum.energy\/fr\/#\/schema\/logo\/image\/"}}]}},"acf":[],"_links":{"self":[{"href":"https:\/\/eranovum.energy\/fr\/wp-json\/wp\/v2\/pages\/4140","targetHints":{"allow":["GET"]}}],"collection":[{"href":"https:\/\/eranovum.energy\/fr\/wp-json\/wp\/v2\/pages"}],"about":[{"href":"https:\/\/eranovum.energy\/fr\/wp-json\/wp\/v2\/types\/page"}],"author":[{"embeddable":true,"href":"https:\/\/eranovum.energy\/fr\/wp-json\/wp\/v2\/users\/1"}],"replies":[{"embeddable":true,"href":"https:\/\/eranovum.energy\/fr\/wp-json\/wp\/v2\/comments?post=4140"}],"version-history":[{"count":0,"href":"https:\/\/eranovum.energy\/fr\/wp-json\/wp\/v2\/pages\/4140\/revisions"}],"wp:attachment":[{"href":"https:\/\/eranovum.energy\/fr\/wp-json\/wp\/v2\/media?parent=4140"}],"curies":[{"name":"wp","href":"https:\/\/api.w.org\/{rel}","templated":true}]}}