{"id":4135,"date":"2022-04-18T10:43:21","date_gmt":"2022-04-18T09:43:21","guid":{"rendered":"https:\/\/eranovum.energy\/?page_id=4135"},"modified":"2024-04-01T11:52:43","modified_gmt":"2024-04-01T10:52:43","slug":"conditions-legales","status":"publish","type":"page","link":"https:\/\/eranovum.energy\/fr\/conditions-legales\/","title":{"rendered":"Conditions L\u00e9gales"},"content":{"rendered":"\t\t<div data-elementor-type=\"wp-page\" data-elementor-id=\"4135\" class=\"elementor elementor-4135\">\n\t\t\t\t\t\t<section data-animation-type=\"block\" class=\"elementor-section elementor-top-section elementor-element elementor-element-41755e0d elementor-section-boxed elementor-section-height-default elementor-section-height-default animation_type_block sc_fly_static elementor-invisible\" data-id=\"41755e0d\" data-element_type=\"section\" data-e-type=\"section\" data-settings=\"{&quot;background_background&quot;:&quot;classic&quot;,&quot;animation&quot;:&quot;qwery-fadein&quot;}\">\n\t\t\t\t\t\t\t<div class=\"elementor-background-overlay\"><\/div>\n\t\t\t\t\t\t\t<div class=\"elementor-container elementor-column-gap-extended\">\n\t\t\t\t\t<div class=\"elementor-column elementor-col-100 elementor-top-column elementor-element elementor-element-6800eb5d sc_content_align_inherit sc_layouts_column_icons_position_left sc_fly_static\" data-id=\"6800eb5d\" data-element_type=\"column\" data-e-type=\"column\">\n\t\t\t<div class=\"elementor-widget-wrap elementor-element-populated\">\n\t\t\t\t\t\t<div class=\"elementor-element elementor-element-20685b22 sc_fly_static elementor-widget elementor-widget-spacer\" data-id=\"20685b22\" data-element_type=\"widget\" data-e-type=\"widget\" data-widget_type=\"spacer.default\">\n\t\t\t\t<div class=\"elementor-widget-container\">\n\t\t\t\t\t\t\t<div class=\"elementor-spacer\">\n\t\t\t<div class=\"elementor-spacer-inner\"><\/div>\n\t\t<\/div>\n\t\t\t\t\t\t<\/div>\n\t\t\t\t<\/div>\n\t\t\t\t<div class=\"elementor-element elementor-element-b133669 sc_fly_static elementor-widget elementor-widget-heading\" data-id=\"b133669\" data-element_type=\"widget\" data-e-type=\"widget\" data-widget_type=\"heading.default\">\n\t\t\t\t<div class=\"elementor-widget-container\">\n\t\t\t\t\t<h1 class=\"elementor-heading-title elementor-size-default\">Conditions L\u00e9gales<\/h1>\t\t\t\t<\/div>\n\t\t\t\t<\/div>\n\t\t\t\t<div class=\"elementor-element elementor-element-1613f558 sc_fly_static elementor-widget elementor-widget-spacer\" data-id=\"1613f558\" data-element_type=\"widget\" data-e-type=\"widget\" data-widget_type=\"spacer.default\">\n\t\t\t\t<div class=\"elementor-widget-container\">\n\t\t\t\t\t\t\t<div class=\"elementor-spacer\">\n\t\t\t<div class=\"elementor-spacer-inner\"><\/div>\n\t\t<\/div>\n\t\t\t\t\t\t<\/div>\n\t\t\t\t<\/div>\n\t\t\t\t<div class=\"elementor-element elementor-element-51c35297 sc_fly_static elementor-widget elementor-widget-spacer\" data-id=\"51c35297\" data-element_type=\"widget\" data-e-type=\"widget\" data-widget_type=\"spacer.default\">\n\t\t\t\t<div class=\"elementor-widget-container\">\n\t\t\t\t\t\t\t<div class=\"elementor-spacer\">\n\t\t\t<div class=\"elementor-spacer-inner\"><\/div>\n\t\t<\/div>\n\t\t\t\t\t\t<\/div>\n\t\t\t\t<\/div>\n\t\t\t\t\t<\/div>\n\t\t<\/div>\n\t\t\t\t\t<\/div>\n\t\t<\/section>\n\t\t\t\t<section class=\"elementor-section-with-custom-width elementor-section elementor-top-section elementor-element elementor-element-32e5acd elementor-section-boxed elementor-section-height-default elementor-section-height-default sc_fly_static\" data-id=\"32e5acd\" data-element_type=\"section\" data-e-type=\"section\">\n\t\t\t\t\t\t<div class=\"elementor-container elementor-column-gap-extended\">\n\t\t\t\t\t<div class=\"elementor-column elementor-col-100 elementor-top-column elementor-element elementor-element-05ed214 sc_content_align_inherit sc_layouts_column_icons_position_left sc_fly_static\" data-id=\"05ed214\" data-element_type=\"column\" data-e-type=\"column\">\n\t\t\t<div class=\"elementor-widget-wrap elementor-element-populated\">\n\t\t\t\t\t\t<div class=\"elementor-element elementor-element-0a5b75d sc_fly_static elementor-widget elementor-widget-spacer\" data-id=\"0a5b75d\" data-element_type=\"widget\" data-e-type=\"widget\" data-widget_type=\"spacer.default\">\n\t\t\t\t<div class=\"elementor-widget-container\">\n\t\t\t\t\t\t\t<div class=\"elementor-spacer\">\n\t\t\t<div class=\"elementor-spacer-inner\"><\/div>\n\t\t<\/div>\n\t\t\t\t\t\t<\/div>\n\t\t\t\t<\/div>\n\t\t\t\t<div class=\"elementor-element elementor-element-83a7d08 sc_fly_static elementor-widget elementor-widget-text-editor\" data-id=\"83a7d08\" data-element_type=\"widget\" data-e-type=\"widget\" data-widget_type=\"text-editor.default\">\n\t\t\t\t<div class=\"elementor-widget-container\">\n\t\t\t\t\t\t\t\t\t<p>a. Identit\u00e9 du propri\u00e9taire du site web<\/p><p>Eranovum Energy Services SL<br \/>B88561600<br \/>Adresse : Calle Suero de Qui\u00f1ones 34-36, 28002 Madrid<br \/>Courrier \u00e9lectronique : info@eranovum.energy<br \/>Inscrite au Registre du commerce de Madrid, volume 40074, folio 132, entr\u00e9e 2, feuille M-711996, avec le num\u00e9ro d&rsquo;identification fiscale B88561600.<\/p><p>*Les entreprises du groupe Eranovum sont les suivantes :<\/p><p>Eranovum Energy Services SL &#8211; Avenida del General Per\u00f3n 38, 7-3, 28020 Madrid &#8211; CIF : B88561600<\/p><p>Eranovum e-mobility SL &#8211; Avenida del General Per\u00f3n 38, 7-3, 28020 &#8211; Num\u00e9ro de TVA : B05482310<\/p><p>b. Objet<\/p><p>Eranovum Energy Services SL (ci-apr\u00e8s Eranovum), responsable du site web, met \u00e0 la disposition des utilisateurs de son site web https:\/\/eranovum.energy\/ (ci-apr\u00e8s \u00ab\u00a0le site web\u00a0\u00bb ou \u00ab\u00a0le site web\u00a0\u00bb) le pr\u00e9sent avis l\u00e9gal, avec lequel elle entend respecter les obligations pr\u00e9vues par la loi 34\/2002 relative aux services de la soci\u00e9t\u00e9 de l&rsquo;information et au commerce \u00e9lectronique (LSSI-CE), et informer tous les utilisateurs des conditions d&rsquo;utilisation du site web.<\/p><p>Toute personne acc\u00e9dant \u00e0 ce site Web assume le r\u00f4le d&rsquo;utilisateur et s&rsquo;engage \u00e0 observer et \u00e0 respecter strictement les dispositions de la pr\u00e9sente loi, ainsi que toute autre disposition l\u00e9gale applicable.<\/p><p>Eranovum se r\u00e9serve le droit de modifier tout type d&rsquo;information pouvant figurer dans ce document, sans obligation de pr\u00e9avis ni d&rsquo;information des utilisateurs, la publication sur le site Web d&rsquo;Eranovum \u00e9tant consid\u00e9r\u00e9e comme suffisante, \u00e0 compter de la date de sa publication.<\/p><p>c. Responsabilit\u00e9s<\/p><p>Eranovum est exempt\u00e9e de tout type de responsabilit\u00e9 d\u00e9riv\u00e9e de l&rsquo;information publi\u00e9e sur son site Web, \u00e0 condition que cette information ait \u00e9t\u00e9 manipul\u00e9e ou introduite par un tiers, ext\u00e9rieur \u00e0 celui-ci.<\/p><p>d. Liens et contenus<\/p><p>Depuis les diff\u00e9rents espaces d&rsquo;Eranovum, il est possible que vous soyez redirig\u00e9 vers des contenus de sites web, de pages d&rsquo;atterrissage ou de r\u00e9seaux sociaux de tiers. Ces liens n&rsquo;\u00e9tablissent, par eux-m\u00eames, aucun lien juridique ou commercial avec ceux auxquels ils renvoient. Eranovum n&rsquo;assume en aucun cas la responsabilit\u00e9 de ces contenus, \u00e9tant donn\u00e9 qu&rsquo;ils n&rsquo;ont aucun lien avec ces derniers.<\/p><p>Eranovum n&rsquo;est pas responsable des informations et des contenus stock\u00e9s ou publi\u00e9s sur le site web, sur ses r\u00e9seaux sociaux ou sur tout autre m\u00e9dia fourni par Eranovum, qui permet \u00e0 des tiers de publier des contenus de mani\u00e8re ind\u00e9pendante.<\/p><p>Nonobstant ce qui pr\u00e9c\u00e8de, et conform\u00e9ment aux dispositions des articles 11 et 16 de la LSSI-CE, Eranovum est \u00e0 la disposition de tous les utilisateurs, autorit\u00e9s et forces de s\u00e9curit\u00e9, pour collaborer activement au retrait ou, le cas \u00e9ch\u00e9ant, au blocage de tous les contenus ou liens qui pourraient affecter ou contrevenir \u00e0 la l\u00e9gislation nationale ou internationale, aux droits de tiers ou \u00e0 la morale et \u00e0 l&rsquo;ordre public, en portant les contenus en question \u00e0 l&rsquo;attention des autorit\u00e9s comp\u00e9tentes.<\/p><p>Si l&rsquo;utilisateur consid\u00e8re qu&rsquo;il existe, sur le site web d&rsquo;Eranovum, un contenu ou un lien susceptible d&rsquo;\u00eatre class\u00e9 dans cette cat\u00e9gorie, il est pri\u00e9 de le signaler imm\u00e9diatement \u00e0 info@eranovum.energy.<\/p><p>c. Politique de confidentialit\u00e9<\/p><p>Eranovum s&rsquo;engage fermement \u00e0 respecter la vie priv\u00e9e et \u00e0 se conformer \u00e0 la l\u00e9gislation en vigueur en mati\u00e8re de protection des donn\u00e9es personnelles de ses utilisateurs, partenaires, candidats et autres personnes qui fournissent leurs donn\u00e9es \u00e0 Eranovum.<\/p><p>Si vous souhaitez savoir, plus en d\u00e9tail, comment nous traitons les donn\u00e9es qui sont fournies sur le site web eranovum.energy ou par tout autre moyen, veuillez consulter notre politique de confidentialit\u00e9 Eranovum.<\/p><p>d. Avis sur les cookies<\/p><p>Les cookies sont de petits fichiers, cr\u00e9\u00e9s par les sites web, qui sont stock\u00e9s sur chaque ordinateur ou appareil mobile et qui affichent des informations sur la navigation Internet.<\/p><p>Si vous le souhaitez, vous pouvez supprimer les cookies install\u00e9s dans chaque navigateur utilis\u00e9, ainsi que configurer votre navigateur de mani\u00e8re \u00e0 ce que les cookies ne soient pas install\u00e9s.<\/p><p>Pour plus de d\u00e9tails sur la mani\u00e8re dont les cookies sont utilis\u00e9s sur le site web d&rsquo;Eranovum, veuillez lire notre politique en mati\u00e8re de cookies d&rsquo;Eranovum.<\/p><p>e. Droits de propri\u00e9t\u00e9 intellectuelle<\/p><p>Tous les contenus du site web d&rsquo;Eranovum, y compris, mais sans s&rsquo;y limiter, les bases de donn\u00e9es, les images et les photographies, les dessins, les graphiques et les fichiers de texte, sont la propri\u00e9t\u00e9 d&rsquo;Eranovum ou de fournisseurs de contenus tiers, dans ce dernier cas, ayant \u00e9t\u00e9 licenci\u00e9s ou c\u00e9d\u00e9s par eux. Ils sont ainsi prot\u00e9g\u00e9s par les r\u00e9glementations nationales et internationales en mati\u00e8re de propri\u00e9t\u00e9 intellectuelle, en particulier par le texte r\u00e9vis\u00e9 de la loi sur la propri\u00e9t\u00e9 intellectuelle approuv\u00e9 par le d\u00e9cret royal 1\/1996 du 12 avril.<\/p><p>Les utilisateurs s&rsquo;engagent \u00e0 utiliser les contenus mis \u00e0 disposition sur eranovum.energy, conform\u00e9ment \u00e0 la loi susmentionn\u00e9e, ainsi qu&rsquo;\u00e0 la morale et aux bonnes m\u0153urs et \u00e0 l&rsquo;ordre public.<\/p><p>Eranovum reconna\u00eet, en faveur de ses titulaires, les droits de propri\u00e9t\u00e9 industrielle et intellectuelle correspondants, et leur simple mention ou apparition dans ses diff\u00e9rents espaces n&rsquo;implique pas l&rsquo;existence d&rsquo;un quelconque droit ou responsabilit\u00e9 d&rsquo;Eranovum \u00e0 leur \u00e9gard.<\/p><p>L&rsquo;utilisateur s&rsquo;abstient de tout comportement qui porte atteinte aux droits de propri\u00e9t\u00e9 intellectuelle ou industrielle d&rsquo;Eranovum ou de tiers, ou qui viole ou transgresse l&rsquo;intimit\u00e9 personnelle ou familiale ou l&rsquo;image de tiers, ou qui est illicite ou immoral.<\/p><p>Dans tous les cas, l&rsquo;utilisateur garantit Eranovum contre tout recours judiciaire ou extrajudiciaire qui pourrait \u00eatre intent\u00e9 contre elle en raison de cette utilisation.<\/p><p>Les marques, enseignes, signes distinctifs ou logos pr\u00e9sents sur le site web d&rsquo;Eranovum sont la propri\u00e9t\u00e9 d&rsquo;Eranovum, d\u00fbment enregistr\u00e9s, et aucun des droits d&rsquo;exploitation ne peut \u00eatre consid\u00e9r\u00e9 comme transf\u00e9r\u00e9 \u00e0 l&rsquo;utilisateur, au-del\u00e0 de ce qui est strictement n\u00e9cessaire \u00e0 l&rsquo;utilisation correcte du site web.<\/p><p>Les textes, donn\u00e9es et dessins graphiques contenus dans le site web d&rsquo;Eranovum ne peuvent \u00eatre modifi\u00e9s, copi\u00e9s, transform\u00e9s, alt\u00e9r\u00e9s, reproduits, adapt\u00e9s ou traduits ult\u00e9rieurement par des tiers sans l&rsquo;autorisation expresse du propri\u00e9taire dudit contenu. La mise \u00e0 disposition des textes, des donn\u00e9es et des dessins graphiques n&rsquo;implique en aucun cas le transfert de propri\u00e9t\u00e9 ou la concession d&rsquo;un droit d&rsquo;exploitation, de reproduction, de diffusion, de transformation, de distribution ou de transmission en leur faveur, autre que le droit d&rsquo;utilisation qui implique l&rsquo;usage l\u00e9gitime d&rsquo;Eranovum et, sauf autorisation \u00e9crite expresse, d&rsquo;Eranovum.<\/p><p>Pour formuler tout type d&rsquo;observation sur d&rsquo;\u00e9ventuelles violations des droits de propri\u00e9t\u00e9 intellectuelle ou industrielle, ainsi que sur tout contenu du site web, ou pour demander des autorisations d&rsquo;utilisation des textes, des donn\u00e9es et des dessins graphiques disponibles sur le site web, l&rsquo;adresse \u00e9lectronique suivante est \u00e0 la disposition de l&rsquo;utilisateur : info@eranovum.energy.<\/p><p>f. D\u00e9clarations<\/p><p>Eranovum d\u00e9clare que, sur son site web eranovum.energy, elle dispose de la technologie appropri\u00e9e pour permettre l&rsquo;acc\u00e8s et l&rsquo;utilisation de celui-ci. Cependant, Eranovum n&rsquo;est pas responsable de l&rsquo;existence \u00e9ventuelle de virus ou d&rsquo;autres \u00e9l\u00e9ments nuisibles, introduits par n&rsquo;importe quel moyen ou par n&rsquo;importe quel tiers, qui peuvent provoquer des alt\u00e9rations dans les diff\u00e9rents syst\u00e8mes informatiques.<\/p><p>Eranovum s&rsquo;efforce d&rsquo;assurer au mieux l&rsquo;exactitude du contenu du site eranovum.energy. Toutefois, il peut contenir des inexactitudes, des omissions pertinentes, des impr\u00e9cisions ou des fautes d&rsquo;impression. Dans ce cas, Eranovum ne garantit pas la v\u00e9racit\u00e9, l&rsquo;exactitude et l&rsquo;actualit\u00e9 des donn\u00e9es qu&rsquo;il contient.<\/p><p>L&rsquo;utilisateur qui acc\u00e8de au site eranovum.energy exon\u00e8re Eranovum de toute responsabilit\u00e9 en ce qui concerne la fiabilit\u00e9, l&rsquo;utilit\u00e9 ou les fausses attentes que ces espaces peuvent produire.<\/p><p>g. Politique \u00e0 l&rsquo;\u00e9gard des mineurs<\/p><p>Le site eranovum.energy d&rsquo;Eranovum est adapt\u00e9 \u00e0 tous les publics. Dans tous les cas, les services d&rsquo;Eranovum s&rsquo;adressent \u00e0 des personnes \u00e2g\u00e9es de plus de 18 ans ayant la capacit\u00e9 juridique suffisante pour pouvoir contracter diff\u00e9rents services et conform\u00e9ment aux conditions contractuelles \u00e9tablies \u00e0 tout moment entre les parties. Dans le cas de contrats conclus par des mineurs, l&rsquo;autorisation de leurs parents ou tuteurs est n\u00e9cessaire pour pouvoir traiter leurs donn\u00e9es.<\/p><p>L&rsquo;utilisateur est seul responsable de la v\u00e9racit\u00e9 et de l&rsquo;exactitude des donn\u00e9es fournies \u00e0 Eranovum pour l&rsquo;entretien des relations commerciales.<\/p><p>Eranovum offre et met en place les moyens disponibles pour v\u00e9rifier l&rsquo;\u00e2ge des utilisateurs qui recourent \u00e0 ses services et veille \u00e0 la protection de celui-ci.<\/p><p>En tout \u00e9tat de cause, Eranovum est exon\u00e9r\u00e9e du traitement des donn\u00e9es effectu\u00e9 sur des mineurs sans le consentement de leurs parents ou tuteurs.<\/p><p>h. Loi applicable et juridiction<\/p><p>Pour la r\u00e9solution de tous les litiges ou questions li\u00e9s au site web eranovum.energy, ou aux activit\u00e9s qui y sont men\u00e9es, la l\u00e9gislation espagnole s&rsquo;applique, \u00e0 laquelle les parties se soumettent express\u00e9ment, et les cours et tribunaux de la ville de Madrid sont comp\u00e9tents pour la r\u00e9solution de tous les conflits d\u00e9coulant de son utilisation ou li\u00e9s \u00e0 celle-ci.<\/p><p>i. Publication<\/p><p>Cette politique de confidentialit\u00e9 a \u00e9t\u00e9 r\u00e9vis\u00e9e pour la derni\u00e8re fois le 8 mars 2021.<\/p><p>Eranovum se r\u00e9serve le droit d&rsquo;apporter, \u00e0 tout moment, les modifications qu&rsquo;elle juge n\u00e9cessaires pour l&rsquo;adapter aux nouvelles l\u00e9gislations ou jurisprudences.<\/p>\t\t\t\t\t\t\t\t<\/div>\n\t\t\t\t<\/div>\n\t\t\t\t<div class=\"elementor-element elementor-element-3997b0d sc_fly_static elementor-widget elementor-widget-spacer\" data-id=\"3997b0d\" data-element_type=\"widget\" data-e-type=\"widget\" data-widget_type=\"spacer.default\">\n\t\t\t\t<div class=\"elementor-widget-container\">\n\t\t\t\t\t\t\t<div class=\"elementor-spacer\">\n\t\t\t<div class=\"elementor-spacer-inner\"><\/div>\n\t\t<\/div>\n\t\t\t\t\t\t<\/div>\n\t\t\t\t<\/div>\n\t\t\t\t\t<\/div>\n\t\t<\/div>\n\t\t\t\t\t<\/div>\n\t\t<\/section>\n\t\t\t\t<\/div>\n\t\t","protected":false},"excerpt":{"rendered":"<p>Conditions L\u00e9gales a. Identit\u00e9 du propri\u00e9taire du site web Eranovum Energy Services SLB88561600Adresse : Calle&hellip;<\/p>\n","protected":false},"author":1,"featured_media":0,"parent":0,"menu_order":0,"comment_status":"closed","ping_status":"closed","template":"","meta":{"_stopmodifiedupdate":false,"_modified_date":"","_acf_changed":false,"footnotes":""},"class_list":["post-4135","page","type-page","status-publish","hentry"],"yoast_head":"<!-- This site is optimized with the Yoast SEO plugin v27.3 - https:\/\/yoast.com\/product\/yoast-seo-wordpress\/ -->\n<title>Conditions L\u00e9gales - Eranovum<\/title>\n<meta name=\"robots\" content=\"index, follow, max-snippet:-1, max-image-preview:large, max-video-preview:-1\" \/>\n<link rel=\"canonical\" href=\"https:\/\/eranovum.energy\/fr\/conditions-legales\/\" \/>\n<meta property=\"og:locale\" content=\"fr_FR\" \/>\n<meta property=\"og:type\" content=\"article\" \/>\n<meta property=\"og:title\" content=\"Conditions L\u00e9gales - Eranovum\" \/>\n<meta property=\"og:description\" content=\"Conditions L\u00e9gales a. Identit\u00e9 du propri\u00e9taire du site web Eranovum Energy Services SLB88561600Adresse : Calle&hellip;\" \/>\n<meta property=\"og:url\" content=\"https:\/\/eranovum.energy\/fr\/conditions-legales\/\" \/>\n<meta property=\"og:site_name\" content=\"Eranovum\" \/>\n<meta property=\"article:modified_time\" content=\"2024-04-01T10:52:43+00:00\" \/>\n<meta property=\"og:image\" content=\"https:\/\/eranovum.energy\/wp-content\/uploads\/2024\/01\/Eranovum-Logo-1.jpg\" \/>\n\t<meta property=\"og:image:width\" content=\"1200\" \/>\n\t<meta property=\"og:image:height\" content=\"675\" \/>\n\t<meta property=\"og:image:type\" content=\"image\/jpeg\" \/>\n<meta name=\"twitter:card\" content=\"summary_large_image\" \/>\n<meta name=\"twitter:label1\" content=\"Dur\u00e9e de lecture estim\u00e9e\" \/>\n\t<meta name=\"twitter:data1\" content=\"7 minutes\" \/>\n<script type=\"application\/ld+json\" class=\"yoast-schema-graph\">{\"@context\":\"https:\\\/\\\/schema.org\",\"@graph\":[{\"@type\":\"WebPage\",\"@id\":\"https:\\\/\\\/eranovum.energy\\\/fr\\\/conditions-legales\\\/\",\"url\":\"https:\\\/\\\/eranovum.energy\\\/fr\\\/conditions-legales\\\/\",\"name\":\"Conditions L\u00e9gales - Eranovum\",\"isPartOf\":{\"@id\":\"https:\\\/\\\/eranovum.energy\\\/fr\\\/#website\"},\"datePublished\":\"2022-04-18T09:43:21+00:00\",\"dateModified\":\"2024-04-01T10:52:43+00:00\",\"breadcrumb\":{\"@id\":\"https:\\\/\\\/eranovum.energy\\\/fr\\\/conditions-legales\\\/#breadcrumb\"},\"inLanguage\":\"fr-FR\",\"potentialAction\":[{\"@type\":\"ReadAction\",\"target\":[\"https:\\\/\\\/eranovum.energy\\\/fr\\\/conditions-legales\\\/\"]}]},{\"@type\":\"BreadcrumbList\",\"@id\":\"https:\\\/\\\/eranovum.energy\\\/fr\\\/conditions-legales\\\/#breadcrumb\",\"itemListElement\":[{\"@type\":\"ListItem\",\"position\":1,\"name\":\"Home\",\"item\":\"https:\\\/\\\/eranovum.energy\\\/fr\\\/\"},{\"@type\":\"ListItem\",\"position\":2,\"name\":\"Conditions L\u00e9gales\"}]},{\"@type\":\"WebSite\",\"@id\":\"https:\\\/\\\/eranovum.energy\\\/fr\\\/#website\",\"url\":\"https:\\\/\\\/eranovum.energy\\\/fr\\\/\",\"name\":\"Eranovum\",\"description\":\"Leading the new era of energy\",\"publisher\":{\"@id\":\"https:\\\/\\\/eranovum.energy\\\/fr\\\/#organization\"},\"potentialAction\":[{\"@type\":\"SearchAction\",\"target\":{\"@type\":\"EntryPoint\",\"urlTemplate\":\"https:\\\/\\\/eranovum.energy\\\/fr\\\/?s={search_term_string}\"},\"query-input\":{\"@type\":\"PropertyValueSpecification\",\"valueRequired\":true,\"valueName\":\"search_term_string\"}}],\"inLanguage\":\"fr-FR\"},{\"@type\":\"Organization\",\"@id\":\"https:\\\/\\\/eranovum.energy\\\/fr\\\/#organization\",\"name\":\"Eranovum\",\"url\":\"https:\\\/\\\/eranovum.energy\\\/fr\\\/\",\"logo\":{\"@type\":\"ImageObject\",\"inLanguage\":\"fr-FR\",\"@id\":\"https:\\\/\\\/eranovum.energy\\\/fr\\\/#\\\/schema\\\/logo\\\/image\\\/\",\"url\":\"https:\\\/\\\/eranovum.energy\\\/wp-content\\\/uploads\\\/2022\\\/04\\\/cropped-eranovum-logo-web.png\",\"contentUrl\":\"https:\\\/\\\/eranovum.energy\\\/wp-content\\\/uploads\\\/2022\\\/04\\\/cropped-eranovum-logo-web.png\",\"width\":351,\"height\":41,\"caption\":\"Eranovum\"},\"image\":{\"@id\":\"https:\\\/\\\/eranovum.energy\\\/fr\\\/#\\\/schema\\\/logo\\\/image\\\/\"}}]}<\/script>\n<!-- \/ Yoast SEO plugin. -->","yoast_head_json":{"title":"Conditions L\u00e9gales - Eranovum","robots":{"index":"index","follow":"follow","max-snippet":"max-snippet:-1","max-image-preview":"max-image-preview:large","max-video-preview":"max-video-preview:-1"},"canonical":"https:\/\/eranovum.energy\/fr\/conditions-legales\/","og_locale":"fr_FR","og_type":"article","og_title":"Conditions L\u00e9gales - Eranovum","og_description":"Conditions L\u00e9gales a. Identit\u00e9 du propri\u00e9taire du site web Eranovum Energy Services SLB88561600Adresse : Calle&hellip;","og_url":"https:\/\/eranovum.energy\/fr\/conditions-legales\/","og_site_name":"Eranovum","article_modified_time":"2024-04-01T10:52:43+00:00","og_image":[{"width":1200,"height":675,"url":"https:\/\/eranovum.energy\/wp-content\/uploads\/2024\/01\/Eranovum-Logo-1.jpg","type":"image\/jpeg"}],"twitter_card":"summary_large_image","twitter_misc":{"Dur\u00e9e de lecture estim\u00e9e":"7 minutes"},"schema":{"@context":"https:\/\/schema.org","@graph":[{"@type":"WebPage","@id":"https:\/\/eranovum.energy\/fr\/conditions-legales\/","url":"https:\/\/eranovum.energy\/fr\/conditions-legales\/","name":"Conditions L\u00e9gales - Eranovum","isPartOf":{"@id":"https:\/\/eranovum.energy\/fr\/#website"},"datePublished":"2022-04-18T09:43:21+00:00","dateModified":"2024-04-01T10:52:43+00:00","breadcrumb":{"@id":"https:\/\/eranovum.energy\/fr\/conditions-legales\/#breadcrumb"},"inLanguage":"fr-FR","potentialAction":[{"@type":"ReadAction","target":["https:\/\/eranovum.energy\/fr\/conditions-legales\/"]}]},{"@type":"BreadcrumbList","@id":"https:\/\/eranovum.energy\/fr\/conditions-legales\/#breadcrumb","itemListElement":[{"@type":"ListItem","position":1,"name":"Home","item":"https:\/\/eranovum.energy\/fr\/"},{"@type":"ListItem","position":2,"name":"Conditions L\u00e9gales"}]},{"@type":"WebSite","@id":"https:\/\/eranovum.energy\/fr\/#website","url":"https:\/\/eranovum.energy\/fr\/","name":"Eranovum","description":"Leading the new era of energy","publisher":{"@id":"https:\/\/eranovum.energy\/fr\/#organization"},"potentialAction":[{"@type":"SearchAction","target":{"@type":"EntryPoint","urlTemplate":"https:\/\/eranovum.energy\/fr\/?s={search_term_string}"},"query-input":{"@type":"PropertyValueSpecification","valueRequired":true,"valueName":"search_term_string"}}],"inLanguage":"fr-FR"},{"@type":"Organization","@id":"https:\/\/eranovum.energy\/fr\/#organization","name":"Eranovum","url":"https:\/\/eranovum.energy\/fr\/","logo":{"@type":"ImageObject","inLanguage":"fr-FR","@id":"https:\/\/eranovum.energy\/fr\/#\/schema\/logo\/image\/","url":"https:\/\/eranovum.energy\/wp-content\/uploads\/2022\/04\/cropped-eranovum-logo-web.png","contentUrl":"https:\/\/eranovum.energy\/wp-content\/uploads\/2022\/04\/cropped-eranovum-logo-web.png","width":351,"height":41,"caption":"Eranovum"},"image":{"@id":"https:\/\/eranovum.energy\/fr\/#\/schema\/logo\/image\/"}}]}},"acf":[],"_links":{"self":[{"href":"https:\/\/eranovum.energy\/fr\/wp-json\/wp\/v2\/pages\/4135","targetHints":{"allow":["GET"]}}],"collection":[{"href":"https:\/\/eranovum.energy\/fr\/wp-json\/wp\/v2\/pages"}],"about":[{"href":"https:\/\/eranovum.energy\/fr\/wp-json\/wp\/v2\/types\/page"}],"author":[{"embeddable":true,"href":"https:\/\/eranovum.energy\/fr\/wp-json\/wp\/v2\/users\/1"}],"replies":[{"embeddable":true,"href":"https:\/\/eranovum.energy\/fr\/wp-json\/wp\/v2\/comments?post=4135"}],"version-history":[{"count":0,"href":"https:\/\/eranovum.energy\/fr\/wp-json\/wp\/v2\/pages\/4135\/revisions"}],"wp:attachment":[{"href":"https:\/\/eranovum.energy\/fr\/wp-json\/wp\/v2\/media?parent=4135"}],"curies":[{"name":"wp","href":"https:\/\/api.w.org\/{rel}","templated":true}]}}