{"id":14886,"date":"2024-11-26T09:48:08","date_gmt":"2024-11-26T08:48:08","guid":{"rendered":"https:\/\/eranovum.energy\/?page_id=14886"},"modified":"2024-12-10T16:39:26","modified_gmt":"2024-12-10T15:39:26","slug":"promotion-5-belgique","status":"publish","type":"page","link":"https:\/\/eranovum.energy\/fr\/promotion-5-belgique\/","title":{"rendered":"Promotion 5% Belgique"},"content":{"rendered":"\t\t<div data-elementor-type=\"wp-page\" data-elementor-id=\"14886\" class=\"elementor elementor-14886\">\n\t\t\t\t<div class=\"e-con-height-full elementor-element elementor-element-49b588f e-con-full e-flex sc_layouts_column_icons_position_left e-con e-parent\" data-id=\"49b588f\" data-element_type=\"container\" data-e-type=\"container\">\n\t\t<div class=\"e-con-gap-no elementor-element elementor-element-2547658 e-con-full animated-slow e-flex sc_layouts_column_icons_position_left animation_type_block elementor-invisible e-con e-child\" data-animation-type=\"block\" data-id=\"2547658\" data-element_type=\"container\" data-e-type=\"container\" data-settings=\"{&quot;background_background&quot;:&quot;classic&quot;,&quot;animation&quot;:&quot;qwery-fadein&quot;}\">\n\t\t<div data-animation-type=\"block\" class=\"elementor-element elementor-element-9c5ba89 e-con-full animated-slow e-flex sc_layouts_column_icons_position_left animation_type_block elementor-invisible e-con e-child\" data-id=\"9c5ba89\" data-element_type=\"container\" data-e-type=\"container\" data-settings=\"{&quot;animation&quot;:&quot;qwery-fadeinleft&quot;}\">\n\t\t<div class=\"elementor-element elementor-element-e721109 e-con-full e-flex sc_layouts_column_icons_position_left sc_gradient_animation_none e-con e-child\" data-id=\"e721109\" data-element_type=\"container\" data-e-type=\"container\" data-settings=\"{&quot;background_background&quot;:&quot;gradient&quot;}\">\n\t\t\t\t<div class=\"elementor-element elementor-element-c58ea14 sc_fly_static elementor-widget elementor-widget-heading\" data-id=\"c58ea14\" data-element_type=\"widget\" data-e-type=\"widget\" data-widget_type=\"heading.default\">\n\t\t\t\t<div class=\"elementor-widget-container\">\n\t\t\t\t\t<h1 class=\"elementor-heading-title elementor-size-default\">Promotion sp\u00e9ciale<\/h1>\t\t\t\t<\/div>\n\t\t\t\t<\/div>\n\t\t\t\t<\/div>\n\t\t<div class=\"elementor-element elementor-element-bf8aa9b e-con-full e-flex sc_layouts_column_icons_position_left e-con e-child\" data-id=\"bf8aa9b\" data-element_type=\"container\" data-e-type=\"container\" data-settings=\"{&quot;background_background&quot;:&quot;classic&quot;}\">\n\t\t\t\t<div class=\"elementor-element elementor-element-ad280ad sc_fly_static elementor-widget elementor-widget-heading\" data-id=\"ad280ad\" data-element_type=\"widget\" data-e-type=\"widget\" data-widget_type=\"heading.default\">\n\t\t\t\t<div class=\"elementor-widget-container\">\n\t\t\t\t\t<h2 class=\"elementor-heading-title elementor-size-default\">5% de r\u00e9duction sur toutes vos recharges<\/h2>\t\t\t\t<\/div>\n\t\t\t\t<\/div>\n\t\t\t\t<\/div>\n\t\t\t\t<\/div>\n\t\t\t\t<\/div>\n\t\t<div class=\"elementor-element elementor-element-fd6aba7 e-con-full e-flex sc_layouts_column_icons_position_left e-con e-child\" data-id=\"fd6aba7\" data-element_type=\"container\" data-e-type=\"container\" data-settings=\"{&quot;background_background&quot;:&quot;classic&quot;}\">\n\t\t<div data-animation-type=\"block\" class=\"elementor-element elementor-element-5ff6ab9 e-con-full animated-slow e-flex sc_layouts_column_icons_position_left animation_type_block elementor-invisible e-con e-child\" data-id=\"5ff6ab9\" data-element_type=\"container\" data-e-type=\"container\" data-settings=\"{&quot;animation&quot;:&quot;qwery-fadeinright&quot;}\">\n\t\t\t\t<div class=\"elementor-element elementor-element-8311c6e sc_fly_static elementor-widget elementor-widget-text-editor\" data-id=\"8311c6e\" data-element_type=\"widget\" data-e-type=\"widget\" data-widget_type=\"text-editor.default\">\n\t\t\t\t<div class=\"elementor-widget-container\">\n\t\t\t\t\t\t\t\t\t<p>Pour b\u00e9n\u00e9ficier de cette promotion, vous devez<\/p>\t\t\t\t\t\t\t\t<\/div>\n\t\t\t\t<\/div>\n\t\t\t\t<div class=\"elementor-element elementor-element-c86cc7c sc_fly_static elementor-widget elementor-widget-spacer\" data-id=\"c86cc7c\" data-element_type=\"widget\" data-e-type=\"widget\" data-widget_type=\"spacer.default\">\n\t\t\t\t<div class=\"elementor-widget-container\">\n\t\t\t\t\t\t\t<div class=\"elementor-spacer\">\n\t\t\t<div class=\"elementor-spacer-inner\"><\/div>\n\t\t<\/div>\n\t\t\t\t\t\t<\/div>\n\t\t\t\t<\/div>\n\t\t\t\t<div class=\"elementor-element elementor-element-dddb9e6 sc_fly_static elementor-widget elementor-widget-text-editor\" data-id=\"dddb9e6\" data-element_type=\"widget\" data-e-type=\"widget\" data-widget_type=\"text-editor.default\">\n\t\t\t\t<div class=\"elementor-widget-container\">\n\t\t\t\t\t\t\t\t\t<p>1. \u00catre inscrit dans l&rsquo;application Eranovum.<\/p>\t\t\t\t\t\t\t\t<\/div>\n\t\t\t\t<\/div>\n\t\t\t\t<div class=\"elementor-element elementor-element-d857a16 sc_fly_static elementor-widget elementor-widget-text-editor\" data-id=\"d857a16\" data-element_type=\"widget\" data-e-type=\"widget\" data-widget_type=\"text-editor.default\">\n\t\t\t\t<div class=\"elementor-widget-container\">\n\t\t\t\t\t\t\t\t\t<p>2. Nous suivre sur l&rsquo;un de nos r\u00e9seaux sociaux.<\/p>\t\t\t\t\t\t\t\t<\/div>\n\t\t\t\t<\/div>\n\t\t\t\t<div class=\"elementor-element elementor-element-325824a sc_fly_static elementor-widget elementor-widget-spacer\" data-id=\"325824a\" data-element_type=\"widget\" data-e-type=\"widget\" data-widget_type=\"spacer.default\">\n\t\t\t\t<div class=\"elementor-widget-container\">\n\t\t\t\t\t\t\t<div class=\"elementor-spacer\">\n\t\t\t<div class=\"elementor-spacer-inner\"><\/div>\n\t\t<\/div>\n\t\t\t\t\t\t<\/div>\n\t\t\t\t<\/div>\n\t\t\t\t<div class=\"elementor-element elementor-element-5c78ca5 sc_fly_static elementor-widget elementor-widget-trx_sc_contact_form_7\" data-id=\"5c78ca5\" data-element_type=\"widget\" data-e-type=\"widget\" data-widget_type=\"trx_sc_contact_form_7.default\">\n\t\t\t\t<div class=\"elementor-widget-container\">\n\t\t\t\t\t\n<div class=\"wpcf7 no-js\" id=\"wpcf7-f14888-o1\" lang=\"es-ES\" dir=\"ltr\" data-wpcf7-id=\"14888\">\n<div class=\"screen-reader-response\"><p role=\"status\" aria-live=\"polite\" aria-atomic=\"true\"><\/p> <ul><\/ul><\/div>\n<form action=\"\/fr\/wp-json\/wp\/v2\/pages\/14886#wpcf7-f14888-o1\" method=\"post\" class=\"wpcf7-form init\" aria-label=\"Formulario de contacto\" novalidate=\"novalidate\" data-status=\"init\">\n<fieldset class=\"hidden-fields-container\"><input type=\"hidden\" name=\"_wpcf7\" value=\"14888\" \/><input type=\"hidden\" name=\"_wpcf7_version\" value=\"6.1.5\" \/><input type=\"hidden\" name=\"_wpcf7_locale\" value=\"es_ES\" \/><input type=\"hidden\" name=\"_wpcf7_unit_tag\" value=\"wpcf7-f14888-o1\" \/><input type=\"hidden\" name=\"_wpcf7_container_post\" value=\"0\" \/><input type=\"hidden\" name=\"_wpcf7_posted_data_hash\" value=\"\" \/>\n<\/fieldset>\n<div class=\"fila-superior-contacto\">\n\t<div class=\"fila-contacto-landing\">\n\t\t<p><label><b> L'email avec lequel vous \u00eates enregistr\u00e9 dans notre application<\/b><br \/>\n<span style=\"color: #3E3E3E\">Si vous n'\u00eates pas encore un utilisateur d'Eranovum, inscrivez-vous <a href=\"https:\/\/onelink.to\/zmf8jc\" target=\"_blank\" style=\"font-weight:bold; color:#f9b233\">ici !<\/a><\/span><br \/>\n<span class=\"wpcf7-form-control-wrap\" data-name=\"your-email\"><input size=\"40\" maxlength=\"400\" class=\"wpcf7-form-control wpcf7-email wpcf7-validates-as-required wpcf7-text wpcf7-validates-as-email\" aria-required=\"true\" aria-invalid=\"false\" placeholder=\"email@email.com\" value=\"\" type=\"email\" name=\"your-email\" \/><\/span> <\/label>\n\t\t<\/p>\n\t<\/div>\n\t<div class=\"fila-contacto-landing\">\n\t\t<p><label><b>R\u00e9seau social avec lequel vous nous suivez<\/b><br \/>\n<span style=\"color: #3E3E3E\">Suivez-nous sur <a href=\"https:\/\/www.instagram.com\/eranovum_energy\/\" target=\"_blank\" style=\"font-weight:bold; color:#f9b233\">Instagram<\/a>, <a href=\"https:\/\/www.facebook.com\/people\/Eranovum\/61558372349696\/\" target=\"_blank\" style=\"font-weight:bold; color:#f9b233\">Facebook<\/a>, <a href=\"https:\/\/twitter.com\/eranovum_energy\/\" target=\"_blank\" style=\"font-weight:bold; color:#f9b233\">X<\/a> ou <a href=\"https:\/\/es.linkedin.com\/company\/eranovum-energy\" target=\"_blank\" style=\"font-weight:bold; color:#f9b233\">LinkedIn<\/a><\/span><br \/>\n<span class=\"wpcf7-form-control-wrap\" data-name=\"redes\"><input size=\"40\" maxlength=\"400\" class=\"wpcf7-form-control wpcf7-text wpcf7-validates-as-required\" aria-required=\"true\" aria-invalid=\"false\" placeholder=\"@user\" value=\"\" type=\"text\" name=\"redes\" \/><\/span> <\/label>\n\t\t<\/p>\n\t<\/div>\n<\/div>\n<div>\n\t<p style=\"margin:16px 0px;\"><span class=\"wpcf7-form-control-wrap\" data-name=\"contact_acceptance\"><span class=\"wpcf7-form-control wpcf7-acceptance\"><span class=\"wpcf7-list-item\"><input type=\"checkbox\" name=\"contact_acceptance\" value=\"1\" aria-invalid=\"false\" \/><\/span><\/span><\/span> J'ai lu et j'accepte les <a href=\"https:\/\/eranovum.energy\/es\/aviso-legal\/\" style=\"font-weight:bold\">mentions l\u00e9gales<\/a>, les informations de base sur la protection des donn\u00e9es et la\n\t<\/p>\n\t<p style=\"margin-bottom:16px;\"><span class=\"wpcf7-form-control-wrap\" data-name=\"contact_acceptance\"><span class=\"wpcf7-form-control wpcf7-acceptance\"><span class=\"wpcf7-list-item\"><label><input type=\"checkbox\" name=\"contact_acceptance\" value=\"1\" aria-invalid=\"false\" \/><span class=\"wpcf7-list-item-label\">J'ai lu et accept\u00e9 les <a href=\"https:\/\/eranovum.energy\/fr\/conditions-legales\/\" style=\"font-weight:bold\">conditions l\u00e9gales<\/a>, les informations de base du GDPR et la <a href=\"https:\/\/eranovum.energy\/fr\/politique-de-confidentialite\/\" style=\"font-weight:bold\">politique de confidentialit\u00e9.<\/a>.<\/span><\/label><\/span><\/span><\/span>\n\t<\/p>\n\t<p><input class=\"wpcf7-form-control wpcf7-submit has-spinner\" type=\"submit\" value=\"Submit\" \/>\n\t<\/p>\n\t<p style=\"font-size:12px;margin-top:24px;\">Informations de base sur le GDPR - Responsable : Eranovum E-mobility SL | Objectif : Contact avec l'utilisateur et demande de gestion de l'information | Droits : Vous pouvez appliquer vos droits concernant le GDPR par e-mail \u00e0 gdpr@eranovum.energy.\n\t<\/p>\n<\/div><div class=\"wpcf7-response-output\" aria-hidden=\"true\"><\/div>\n<\/form>\n<\/div>\n\t\t\t\t<\/div>\n\t\t\t\t<\/div>\n\t\t\t\t<div class=\"elementor-element elementor-element-03bc8b7 sc_fly_static elementor-widget elementor-widget-spacer\" data-id=\"03bc8b7\" data-element_type=\"widget\" data-e-type=\"widget\" data-widget_type=\"spacer.default\">\n\t\t\t\t<div class=\"elementor-widget-container\">\n\t\t\t\t\t\t\t<div class=\"elementor-spacer\">\n\t\t\t<div class=\"elementor-spacer-inner\"><\/div>\n\t\t<\/div>\n\t\t\t\t\t\t<\/div>\n\t\t\t\t<\/div>\n\t\t\t\t<div class=\"elementor-element elementor-element-f21a1f6 sc_fly_static elementor-widget elementor-widget-text-editor\" data-id=\"f21a1f6\" data-element_type=\"widget\" data-e-type=\"widget\" data-widget_type=\"text-editor.default\">\n\t\t\t\t<div class=\"elementor-widget-container\">\n\t\t\t\t\t\t\t\t\t<p>*Promotion valable jusqu&rsquo;au 15 janvier 2025.<\/p>\t\t\t\t\t\t\t\t<\/div>\n\t\t\t\t<\/div>\n\t\t\t\t<\/div>\n\t\t\t\t<\/div>\n\t\t\t\t<\/div>\n\t\t\t\t<\/div>\n\t\t","protected":false},"excerpt":{"rendered":"<p>Promotion sp\u00e9ciale 5% de r\u00e9duction sur toutes vos recharges Pour b\u00e9n\u00e9ficier de cette promotion, vous&hellip;<\/p>\n","protected":false},"author":1,"featured_media":0,"parent":0,"menu_order":0,"comment_status":"closed","ping_status":"closed","template":"","meta":{"_stopmodifiedupdate":false,"_modified_date":"","_acf_changed":false,"footnotes":""},"class_list":["post-14886","page","type-page","status-publish","hentry"],"yoast_head":"<!-- This site is optimized with the Yoast SEO plugin v27.5 - https:\/\/yoast.com\/product\/yoast-seo-wordpress\/ -->\n<title>Promotion 5% Belgique - Eranovum<\/title>\n<meta name=\"robots\" content=\"index, follow, max-snippet:-1, max-image-preview:large, max-video-preview:-1\" \/>\n<link rel=\"canonical\" href=\"https:\/\/eranovum.energy\/fr\/promotion-5-belgique\/\" \/>\n<meta property=\"og:locale\" content=\"fr_FR\" \/>\n<meta property=\"og:type\" content=\"article\" \/>\n<meta property=\"og:title\" content=\"5% de descuento en tus recargas\" \/>\n<meta property=\"og:description\" content=\"Promoci\u00f3n especial de descuento en tus recargas. M\u00e1s de 800 puntos de recarga operativos en Espa\u00f1a, Francia y B\u00e9lgica.\" \/>\n<meta property=\"og:url\" content=\"https:\/\/eranovum.energy\/fr\/promotion-5-belgique\/\" \/>\n<meta property=\"og:site_name\" content=\"Eranovum\" \/>\n<meta property=\"article:modified_time\" content=\"2024-12-10T15:39:26+00:00\" \/>\n<meta property=\"og:image\" content=\"https:\/\/eranovum.energy\/wp-content\/uploads\/2024\/11\/Eranovum-Promocion-AEDIVE.jpg\" \/>\n\t<meta property=\"og:image:width\" content=\"400\" \/>\n\t<meta property=\"og:image:height\" content=\"267\" \/>\n\t<meta property=\"og:image:type\" content=\"image\/jpeg\" \/>\n<meta name=\"twitter:card\" content=\"summary_large_image\" \/>\n<meta name=\"twitter:title\" content=\"5% de descuento en tus recargas\" \/>\n<meta name=\"twitter:description\" content=\"Promoci\u00f3n especial de descuento en tus recargas. M\u00e1s de 800 puntos de recarga operativos en Espa\u00f1a, Francia y B\u00e9lgica.\" \/>\n<meta name=\"twitter:image\" content=\"https:\/\/eranovum.energy\/wp-content\/uploads\/2024\/11\/Eranovum-Promocion-AEDIVE.jpg\" \/>\n<meta name=\"twitter:label1\" content=\"Dur\u00e9e de lecture estim\u00e9e\" \/>\n\t<meta name=\"twitter:data1\" content=\"1 minute\" \/>\n<script type=\"application\/ld+json\" class=\"yoast-schema-graph\">{\"@context\":\"https:\\\/\\\/schema.org\",\"@graph\":[{\"@type\":\"WebPage\",\"@id\":\"https:\\\/\\\/eranovum.energy\\\/fr\\\/promotion-5-belgique\\\/\",\"url\":\"https:\\\/\\\/eranovum.energy\\\/fr\\\/promotion-5-belgique\\\/\",\"name\":\"Promotion 5% Belgique - Eranovum\",\"isPartOf\":{\"@id\":\"https:\\\/\\\/eranovum.energy\\\/fr\\\/#website\"},\"datePublished\":\"2024-11-26T08:48:08+00:00\",\"dateModified\":\"2024-12-10T15:39:26+00:00\",\"breadcrumb\":{\"@id\":\"https:\\\/\\\/eranovum.energy\\\/fr\\\/promotion-5-belgique\\\/#breadcrumb\"},\"inLanguage\":\"fr-FR\",\"potentialAction\":[{\"@type\":\"ReadAction\",\"target\":[\"https:\\\/\\\/eranovum.energy\\\/fr\\\/promotion-5-belgique\\\/\"]}]},{\"@type\":\"BreadcrumbList\",\"@id\":\"https:\\\/\\\/eranovum.energy\\\/fr\\\/promotion-5-belgique\\\/#breadcrumb\",\"itemListElement\":[{\"@type\":\"ListItem\",\"position\":1,\"name\":\"Home\",\"item\":\"https:\\\/\\\/eranovum.energy\\\/fr\\\/\"},{\"@type\":\"ListItem\",\"position\":2,\"name\":\"Promotion 5% Belgique\"}]},{\"@type\":\"WebSite\",\"@id\":\"https:\\\/\\\/eranovum.energy\\\/fr\\\/#website\",\"url\":\"https:\\\/\\\/eranovum.energy\\\/fr\\\/\",\"name\":\"Eranovum\",\"description\":\"Leading the new era of energy\",\"publisher\":{\"@id\":\"https:\\\/\\\/eranovum.energy\\\/fr\\\/#organization\"},\"potentialAction\":[{\"@type\":\"SearchAction\",\"target\":{\"@type\":\"EntryPoint\",\"urlTemplate\":\"https:\\\/\\\/eranovum.energy\\\/fr\\\/?s={search_term_string}\"},\"query-input\":{\"@type\":\"PropertyValueSpecification\",\"valueRequired\":true,\"valueName\":\"search_term_string\"}}],\"inLanguage\":\"fr-FR\"},{\"@type\":\"Organization\",\"@id\":\"https:\\\/\\\/eranovum.energy\\\/fr\\\/#organization\",\"name\":\"Eranovum\",\"url\":\"https:\\\/\\\/eranovum.energy\\\/fr\\\/\",\"logo\":{\"@type\":\"ImageObject\",\"inLanguage\":\"fr-FR\",\"@id\":\"https:\\\/\\\/eranovum.energy\\\/fr\\\/#\\\/schema\\\/logo\\\/image\\\/\",\"url\":\"https:\\\/\\\/eranovum.energy\\\/wp-content\\\/uploads\\\/2022\\\/04\\\/cropped-eranovum-logo-web.png\",\"contentUrl\":\"https:\\\/\\\/eranovum.energy\\\/wp-content\\\/uploads\\\/2022\\\/04\\\/cropped-eranovum-logo-web.png\",\"width\":351,\"height\":41,\"caption\":\"Eranovum\"},\"image\":{\"@id\":\"https:\\\/\\\/eranovum.energy\\\/fr\\\/#\\\/schema\\\/logo\\\/image\\\/\"}}]}<\/script>\n<!-- \/ Yoast SEO plugin. -->","yoast_head_json":{"title":"Promotion 5% Belgique - Eranovum","robots":{"index":"index","follow":"follow","max-snippet":"max-snippet:-1","max-image-preview":"max-image-preview:large","max-video-preview":"max-video-preview:-1"},"canonical":"https:\/\/eranovum.energy\/fr\/promotion-5-belgique\/","og_locale":"fr_FR","og_type":"article","og_title":"5% de descuento en tus recargas","og_description":"Promoci\u00f3n especial de descuento en tus recargas. M\u00e1s de 800 puntos de recarga operativos en Espa\u00f1a, Francia y B\u00e9lgica.","og_url":"https:\/\/eranovum.energy\/fr\/promotion-5-belgique\/","og_site_name":"Eranovum","article_modified_time":"2024-12-10T15:39:26+00:00","og_image":[{"width":400,"height":267,"url":"https:\/\/eranovum.energy\/wp-content\/uploads\/2024\/11\/Eranovum-Promocion-AEDIVE.jpg","type":"image\/jpeg"}],"twitter_card":"summary_large_image","twitter_title":"5% de descuento en tus recargas","twitter_description":"Promoci\u00f3n especial de descuento en tus recargas. M\u00e1s de 800 puntos de recarga operativos en Espa\u00f1a, Francia y B\u00e9lgica.","twitter_image":"https:\/\/eranovum.energy\/wp-content\/uploads\/2024\/11\/Eranovum-Promocion-AEDIVE.jpg","twitter_misc":{"Dur\u00e9e de lecture estim\u00e9e":"1 minute"},"schema":{"@context":"https:\/\/schema.org","@graph":[{"@type":"WebPage","@id":"https:\/\/eranovum.energy\/fr\/promotion-5-belgique\/","url":"https:\/\/eranovum.energy\/fr\/promotion-5-belgique\/","name":"Promotion 5% Belgique - Eranovum","isPartOf":{"@id":"https:\/\/eranovum.energy\/fr\/#website"},"datePublished":"2024-11-26T08:48:08+00:00","dateModified":"2024-12-10T15:39:26+00:00","breadcrumb":{"@id":"https:\/\/eranovum.energy\/fr\/promotion-5-belgique\/#breadcrumb"},"inLanguage":"fr-FR","potentialAction":[{"@type":"ReadAction","target":["https:\/\/eranovum.energy\/fr\/promotion-5-belgique\/"]}]},{"@type":"BreadcrumbList","@id":"https:\/\/eranovum.energy\/fr\/promotion-5-belgique\/#breadcrumb","itemListElement":[{"@type":"ListItem","position":1,"name":"Home","item":"https:\/\/eranovum.energy\/fr\/"},{"@type":"ListItem","position":2,"name":"Promotion 5% Belgique"}]},{"@type":"WebSite","@id":"https:\/\/eranovum.energy\/fr\/#website","url":"https:\/\/eranovum.energy\/fr\/","name":"Eranovum","description":"Leading the new era of energy","publisher":{"@id":"https:\/\/eranovum.energy\/fr\/#organization"},"potentialAction":[{"@type":"SearchAction","target":{"@type":"EntryPoint","urlTemplate":"https:\/\/eranovum.energy\/fr\/?s={search_term_string}"},"query-input":{"@type":"PropertyValueSpecification","valueRequired":true,"valueName":"search_term_string"}}],"inLanguage":"fr-FR"},{"@type":"Organization","@id":"https:\/\/eranovum.energy\/fr\/#organization","name":"Eranovum","url":"https:\/\/eranovum.energy\/fr\/","logo":{"@type":"ImageObject","inLanguage":"fr-FR","@id":"https:\/\/eranovum.energy\/fr\/#\/schema\/logo\/image\/","url":"https:\/\/eranovum.energy\/wp-content\/uploads\/2022\/04\/cropped-eranovum-logo-web.png","contentUrl":"https:\/\/eranovum.energy\/wp-content\/uploads\/2022\/04\/cropped-eranovum-logo-web.png","width":351,"height":41,"caption":"Eranovum"},"image":{"@id":"https:\/\/eranovum.energy\/fr\/#\/schema\/logo\/image\/"}}]}},"acf":[],"_links":{"self":[{"href":"https:\/\/eranovum.energy\/fr\/wp-json\/wp\/v2\/pages\/14886","targetHints":{"allow":["GET"]}}],"collection":[{"href":"https:\/\/eranovum.energy\/fr\/wp-json\/wp\/v2\/pages"}],"about":[{"href":"https:\/\/eranovum.energy\/fr\/wp-json\/wp\/v2\/types\/page"}],"author":[{"embeddable":true,"href":"https:\/\/eranovum.energy\/fr\/wp-json\/wp\/v2\/users\/1"}],"replies":[{"embeddable":true,"href":"https:\/\/eranovum.energy\/fr\/wp-json\/wp\/v2\/comments?post=14886"}],"version-history":[{"count":0,"href":"https:\/\/eranovum.energy\/fr\/wp-json\/wp\/v2\/pages\/14886\/revisions"}],"wp:attachment":[{"href":"https:\/\/eranovum.energy\/fr\/wp-json\/wp\/v2\/media?parent=14886"}],"curies":[{"name":"wp","href":"https:\/\/api.w.org\/{rel}","templated":true}]}}