{"id":9522,"date":"2024-06-04T11:26:42","date_gmt":"2024-06-04T10:26:42","guid":{"rendered":"https:\/\/eranovum.energy\/?page_id=9522"},"modified":"2024-07-01T09:35:14","modified_gmt":"2024-07-01T08:35:14","slug":"activacion-rfid","status":"publish","type":"page","link":"https:\/\/eranovum.energy\/es\/activacion-rfid\/","title":{"rendered":"Activaci\u00f3n RFID"},"content":{"rendered":"\t\t<div data-elementor-type=\"wp-page\" data-elementor-id=\"9522\" class=\"elementor elementor-9522\">\n\t\t\t\t\t\t<section class=\"elementor-section-with-custom-width elementor-section elementor-inner-section elementor-element elementor-element-64439b0 elementor-section-content-middle elementor-section-boxed elementor-section-height-default elementor-section-height-default sc_gradient_animation_none sc_fly_static\" data-id=\"64439b0\" data-element_type=\"section\" data-e-type=\"section\" data-settings=\"{&quot;background_background&quot;:&quot;gradient&quot;}\">\n\t\t\t\t\t\t<div class=\"elementor-container elementor-column-gap-wider\">\n\t\t\t\t\t<div data-animation-type=\"block\" class=\"elementor-column elementor-col-100 elementor-inner-column elementor-element elementor-element-2a4e7046 sc_content_align_inherit sc_layouts_column_icons_position_left animation_type_block sc_fly_static elementor-invisible\" data-id=\"2a4e7046\" data-element_type=\"column\" data-e-type=\"column\" data-settings=\"{&quot;background_background&quot;:&quot;classic&quot;,&quot;animation&quot;:&quot;qwery-fadeinup&quot;}\">\n\t\t\t<div class=\"elementor-widget-wrap elementor-element-populated\">\n\t\t\t\t\t\t<div class=\"elementor-element elementor-element-787936a2 sc_fly_static elementor-widget elementor-widget-heading\" data-id=\"787936a2\" data-element_type=\"widget\" data-e-type=\"widget\" data-widget_type=\"heading.default\">\n\t\t\t\t<div class=\"elementor-widget-container\">\n\t\t\t\t\t<h1 class=\"elementor-heading-title elementor-size-default\">Activa tu dispositivo RFID<\/h1>\t\t\t\t<\/div>\n\t\t\t\t<\/div>\n\t\t\t\t<div class=\"elementor-element elementor-element-70a1ecc sc_fly_static elementor-widget elementor-widget-spacer\" data-id=\"70a1ecc\" data-element_type=\"widget\" data-e-type=\"widget\" data-widget_type=\"spacer.default\">\n\t\t\t\t<div class=\"elementor-widget-container\">\n\t\t\t\t\t\t\t<div class=\"elementor-spacer\">\n\t\t\t<div class=\"elementor-spacer-inner\"><\/div>\n\t\t<\/div>\n\t\t\t\t\t\t<\/div>\n\t\t\t\t<\/div>\n\t\t\t\t<div class=\"elementor-element elementor-element-0ef307c sc_fly_static elementor-widget elementor-widget-text-editor\" data-id=\"0ef307c\" data-element_type=\"widget\" data-e-type=\"widget\" data-widget_type=\"text-editor.default\">\n\t\t\t\t<div class=\"elementor-widget-container\">\n\t\t\t\t\t\t\t\t\t<div class=\"TypographyPresentation TypographyPresentation--m RichText3-paragraph--withVSpacingNormal RichText3-paragraph\">Los dispositivos RFID son una ventaja que te permitir\u00e1 recargar sin necesidad de abrir la app, simplemente acerc\u00e1ndolo al lector del cargador.<\/div><div>\u00a0<\/div><div class=\"TypographyPresentation TypographyPresentation--m RichText3-paragraph--withVSpacingNormal RichText3-paragraph\">Este nuevo m\u00e9todo de autentificaci\u00f3n facilitar\u00e1 tu d\u00eda a d\u00eda haciendo las <strong>recargas m\u00e1s r\u00e1pidas y sencillas.<\/strong><\/div>\t\t\t\t\t\t\t\t<\/div>\n\t\t\t\t<\/div>\n\t\t\t\t<div class=\"elementor-element elementor-element-20cc4138 sc_fly_static elementor-widget elementor-widget-spacer\" data-id=\"20cc4138\" data-element_type=\"widget\" data-e-type=\"widget\" data-widget_type=\"spacer.default\">\n\t\t\t\t<div class=\"elementor-widget-container\">\n\t\t\t\t\t\t\t<div class=\"elementor-spacer\">\n\t\t\t<div class=\"elementor-spacer-inner\"><\/div>\n\t\t<\/div>\n\t\t\t\t\t\t<\/div>\n\t\t\t\t<\/div>\n\t\t\t\t<div class=\"elementor-element elementor-element-358495f6 sc_fly_static elementor-widget elementor-widget-trx_sc_contact_form_7\" data-id=\"358495f6\" data-element_type=\"widget\" data-e-type=\"widget\" data-widget_type=\"trx_sc_contact_form_7.default\">\n\t\t\t\t<div class=\"elementor-widget-container\">\n\t\t\t\t\t\n<div class=\"wpcf7 no-js\" id=\"wpcf7-f9525-o1\" lang=\"es-ES\" dir=\"ltr\" data-wpcf7-id=\"9525\">\n<div class=\"screen-reader-response\"><p role=\"status\" aria-live=\"polite\" aria-atomic=\"true\"><\/p> <ul><\/ul><\/div>\n<form action=\"\/es\/wp-json\/wp\/v2\/pages\/9522#wpcf7-f9525-o1\" method=\"post\" class=\"wpcf7-form init\" aria-label=\"Formulario de contacto\" enctype=\"multipart\/form-data\" novalidate=\"novalidate\" data-status=\"init\">\n<fieldset class=\"hidden-fields-container\"><input type=\"hidden\" name=\"_wpcf7\" value=\"9525\" \/><input type=\"hidden\" name=\"_wpcf7_version\" value=\"6.1.5\" \/><input type=\"hidden\" name=\"_wpcf7_locale\" value=\"es_ES\" \/><input type=\"hidden\" name=\"_wpcf7_unit_tag\" value=\"wpcf7-f9525-o1\" \/><input type=\"hidden\" name=\"_wpcf7_container_post\" value=\"0\" \/><input type=\"hidden\" name=\"_wpcf7_posted_data_hash\" value=\"\" \/>\n<\/fieldset>\n<div class=\"fila-superior-contacto\" style=\"display: flex\">\n\t<div class=\"fila-contacto-landing\" style=\"min-width: 49%; max-width:50%;padding: 0 10px\">\n\t\t<p><label> Nombre<br \/>\n<span class=\"wpcf7-form-control-wrap\" data-name=\"nombre\"><input size=\"40\" maxlength=\"400\" class=\"wpcf7-form-control wpcf7-text wpcf7-validates-as-required\" aria-required=\"true\" aria-invalid=\"false\" placeholder=\"Nombre\" value=\"\" type=\"text\" name=\"nombre\" \/><\/span> <\/label>\n\t\t<\/p>\n\t<\/div>\n\t<div class=\"fila-contacto-landing\" style=\"min-width: 49%; max-width:50%;padding: 0 10px\">\n\t\t<p><label> Apellidos<br \/>\n<span class=\"wpcf7-form-control-wrap\" data-name=\"apellidos\"><input size=\"40\" maxlength=\"400\" class=\"wpcf7-form-control wpcf7-text wpcf7-validates-as-required\" aria-required=\"true\" aria-invalid=\"false\" placeholder=\"Apellidos\" value=\"\" type=\"text\" name=\"apellidos\" \/><\/span> <\/label>\n\t\t<\/p>\n\t<\/div>\n<\/div>\n<div class=\"fila-superior-contacto\" style=\"display: flex\">\n\t<div class=\"fila-contacto-landing\" style=\"min-width: 99%; max-width:100%;padding: 0 10px\">\n\t\t<p><label> Email registrado en la app<br \/>\n<span class=\"wpcf7-form-control-wrap\" data-name=\"email\"><input size=\"40\" maxlength=\"400\" class=\"wpcf7-form-control wpcf7-email wpcf7-validates-as-required wpcf7-text wpcf7-validates-as-email\" aria-required=\"true\" aria-invalid=\"false\" placeholder=\"e-mail@e-mail.com\" value=\"\" type=\"email\" name=\"email\" \/><\/span> <\/label>\n\t\t<\/p>\n\t<\/div>\n<\/div>\n<div class=\"fila-contacto-landing\" style=\"background-color:#F7F7F7; padding:16px 20px 0px 20px; border-radius:10px;\">\n\t<p><label style=\"line-height:1.7em;\"><b>N\u00famero de tu dispositivo RFID:<\/b><br \/>\nSube una imagen donde se visualice el n\u00famero de tu dispositivo RFID<span style=\"margin-top:10px;\"><span class=\"wpcf7-form-control-wrap\" data-name=\"rfid\"><input size=\"40\" class=\"wpcf7-form-control wpcf7-file wpcf7-validates-as-required\" accept=\".jpg,.jpeg,.png,.heic\" aria-required=\"true\" aria-invalid=\"false\" type=\"file\" name=\"rfid\" \/><\/span><\/span><\/label>\n\t<\/p>\n<\/div>\n<div class=\"vc_col-lg-12 vc_col-sm-12\">\n\t<p style=\"margin-bottom:16px;\"><span class=\"wpcf7-form-control-wrap\" data-name=\"contact_acceptance\"><span class=\"wpcf7-form-control wpcf7-acceptance\"><span class=\"wpcf7-list-item\"><label><input type=\"checkbox\" name=\"contact_acceptance\" value=\"1\" aria-invalid=\"false\" \/><span class=\"wpcf7-list-item-label\">He le\u00eddo y acepto el <a href=\"https:\/\/eranovum.energy\/es\/aviso-legal\/\" style=\"font-weight:bold\">aviso legal<\/a>, la informaci\u00f3n b\u00e1sica de Protecci\u00f3n de Datos y la <a href=\"https:\/\/eranovum.energy\/es\/politica-de-privacidad\/\" style=\"font-weight:bold\">Pol\u00edtica de privacidad<\/a>.<\/span><\/label><\/span><\/span><\/span>\n\t<\/p>\n\t<p><input class=\"wpcf7-form-control wpcf7-submit has-spinner\" type=\"submit\" value=\"Enviar\" \/>\n\t<\/p>\n<\/div><div class=\"wpcf7-response-output\" aria-hidden=\"true\"><\/div>\n<\/form>\n<\/div>\n\t\t\t\t<\/div>\n\t\t\t\t<\/div>\n\t\t\t\t\t<\/div>\n\t\t<\/div>\n\t\t\t\t\t<\/div>\n\t\t<\/section>\n\t\t\t\t<\/div>\n\t\t","protected":false},"excerpt":{"rendered":"<p>Activa tu dispositivo RFID Los dispositivos RFID son una ventaja que te permitir\u00e1 recargar sin&hellip;<\/p>\n","protected":false},"author":1,"featured_media":9456,"parent":0,"menu_order":0,"comment_status":"closed","ping_status":"closed","template":"","meta":{"_stopmodifiedupdate":false,"_modified_date":"","_acf_changed":false,"footnotes":""},"class_list":["post-9522","page","type-page","status-publish","has-post-thumbnail","hentry"],"yoast_head":"<!-- This site is optimized with the Yoast SEO plugin v27.4 - https:\/\/yoast.com\/product\/yoast-seo-wordpress\/ -->\n<title>Activaci\u00f3n RFID - Eranovum<\/title>\n<meta name=\"robots\" content=\"index, follow, max-snippet:-1, max-image-preview:large, max-video-preview:-1\" \/>\n<link rel=\"canonical\" href=\"https:\/\/eranovum.energy\/es\/activacion-rfid\/\" \/>\n<meta property=\"og:locale\" content=\"es_ES\" \/>\n<meta property=\"og:type\" content=\"article\" \/>\n<meta property=\"og:title\" content=\"Order your RFID device for free\" \/>\n<meta property=\"og:description\" content=\"Activa tu dispositivo RFID Los dispositivos RFID son una ventaja que te permitir\u00e1 recargar sin&hellip;\" \/>\n<meta property=\"og:url\" content=\"https:\/\/eranovum.energy\/es\/activacion-rfid\/\" \/>\n<meta property=\"og:site_name\" content=\"Eranovum\" \/>\n<meta property=\"article:modified_time\" content=\"2024-07-01T08:35:14+00:00\" \/>\n<meta property=\"og:image\" content=\"https:\/\/eranovum.energy\/wp-content\/uploads\/2024\/05\/Eranovum-RFID-IMG.jpg\" \/>\n\t<meta property=\"og:image:width\" content=\"400\" \/>\n\t<meta property=\"og:image:height\" content=\"267\" \/>\n\t<meta property=\"og:image:type\" content=\"image\/jpeg\" \/>\n<meta name=\"twitter:card\" content=\"summary_large_image\" \/>\n<meta name=\"twitter:label1\" content=\"Tiempo de lectura\" \/>\n\t<meta name=\"twitter:data1\" content=\"1 minuto\" \/>\n<script type=\"application\/ld+json\" class=\"yoast-schema-graph\">{\"@context\":\"https:\\\/\\\/schema.org\",\"@graph\":[{\"@type\":\"WebPage\",\"@id\":\"https:\\\/\\\/eranovum.energy\\\/es\\\/activacion-rfid\\\/\",\"url\":\"https:\\\/\\\/eranovum.energy\\\/es\\\/activacion-rfid\\\/\",\"name\":\"Activaci\u00f3n RFID - Eranovum\",\"isPartOf\":{\"@id\":\"https:\\\/\\\/eranovum.energy\\\/es\\\/#website\"},\"primaryImageOfPage\":{\"@id\":\"https:\\\/\\\/eranovum.energy\\\/es\\\/activacion-rfid\\\/#primaryimage\"},\"image\":{\"@id\":\"https:\\\/\\\/eranovum.energy\\\/es\\\/activacion-rfid\\\/#primaryimage\"},\"thumbnailUrl\":\"https:\\\/\\\/eranovum.energy\\\/wp-content\\\/uploads\\\/2024\\\/05\\\/Eranovum-RFID-IMG.jpg\",\"datePublished\":\"2024-06-04T10:26:42+00:00\",\"dateModified\":\"2024-07-01T08:35:14+00:00\",\"breadcrumb\":{\"@id\":\"https:\\\/\\\/eranovum.energy\\\/es\\\/activacion-rfid\\\/#breadcrumb\"},\"inLanguage\":\"es\",\"potentialAction\":[{\"@type\":\"ReadAction\",\"target\":[\"https:\\\/\\\/eranovum.energy\\\/es\\\/activacion-rfid\\\/\"]}]},{\"@type\":\"ImageObject\",\"inLanguage\":\"es\",\"@id\":\"https:\\\/\\\/eranovum.energy\\\/es\\\/activacion-rfid\\\/#primaryimage\",\"url\":\"https:\\\/\\\/eranovum.energy\\\/wp-content\\\/uploads\\\/2024\\\/05\\\/Eranovum-RFID-IMG.jpg\",\"contentUrl\":\"https:\\\/\\\/eranovum.energy\\\/wp-content\\\/uploads\\\/2024\\\/05\\\/Eranovum-RFID-IMG.jpg\",\"width\":400,\"height\":267},{\"@type\":\"BreadcrumbList\",\"@id\":\"https:\\\/\\\/eranovum.energy\\\/es\\\/activacion-rfid\\\/#breadcrumb\",\"itemListElement\":[{\"@type\":\"ListItem\",\"position\":1,\"name\":\"Home\",\"item\":\"https:\\\/\\\/eranovum.energy\\\/es\\\/\"},{\"@type\":\"ListItem\",\"position\":2,\"name\":\"Activaci\u00f3n RFID\"}]},{\"@type\":\"WebSite\",\"@id\":\"https:\\\/\\\/eranovum.energy\\\/es\\\/#website\",\"url\":\"https:\\\/\\\/eranovum.energy\\\/es\\\/\",\"name\":\"Eranovum\",\"description\":\"Leading the new era of energy\",\"publisher\":{\"@id\":\"https:\\\/\\\/eranovum.energy\\\/es\\\/#organization\"},\"potentialAction\":[{\"@type\":\"SearchAction\",\"target\":{\"@type\":\"EntryPoint\",\"urlTemplate\":\"https:\\\/\\\/eranovum.energy\\\/es\\\/?s={search_term_string}\"},\"query-input\":{\"@type\":\"PropertyValueSpecification\",\"valueRequired\":true,\"valueName\":\"search_term_string\"}}],\"inLanguage\":\"es\"},{\"@type\":\"Organization\",\"@id\":\"https:\\\/\\\/eranovum.energy\\\/es\\\/#organization\",\"name\":\"Eranovum\",\"url\":\"https:\\\/\\\/eranovum.energy\\\/es\\\/\",\"logo\":{\"@type\":\"ImageObject\",\"inLanguage\":\"es\",\"@id\":\"https:\\\/\\\/eranovum.energy\\\/es\\\/#\\\/schema\\\/logo\\\/image\\\/\",\"url\":\"https:\\\/\\\/eranovum.energy\\\/wp-content\\\/uploads\\\/2022\\\/04\\\/cropped-eranovum-logo-web.png\",\"contentUrl\":\"https:\\\/\\\/eranovum.energy\\\/wp-content\\\/uploads\\\/2022\\\/04\\\/cropped-eranovum-logo-web.png\",\"width\":351,\"height\":41,\"caption\":\"Eranovum\"},\"image\":{\"@id\":\"https:\\\/\\\/eranovum.energy\\\/es\\\/#\\\/schema\\\/logo\\\/image\\\/\"}}]}<\/script>\n<!-- \/ Yoast SEO plugin. -->","yoast_head_json":{"title":"Activaci\u00f3n RFID - Eranovum","robots":{"index":"index","follow":"follow","max-snippet":"max-snippet:-1","max-image-preview":"max-image-preview:large","max-video-preview":"max-video-preview:-1"},"canonical":"https:\/\/eranovum.energy\/es\/activacion-rfid\/","og_locale":"es_ES","og_type":"article","og_title":"Order your RFID device for free","og_description":"Activa tu dispositivo RFID Los dispositivos RFID son una ventaja que te permitir\u00e1 recargar sin&hellip;","og_url":"https:\/\/eranovum.energy\/es\/activacion-rfid\/","og_site_name":"Eranovum","article_modified_time":"2024-07-01T08:35:14+00:00","og_image":[{"width":400,"height":267,"url":"https:\/\/eranovum.energy\/wp-content\/uploads\/2024\/05\/Eranovum-RFID-IMG.jpg","type":"image\/jpeg"}],"twitter_card":"summary_large_image","twitter_misc":{"Tiempo de lectura":"1 minuto"},"schema":{"@context":"https:\/\/schema.org","@graph":[{"@type":"WebPage","@id":"https:\/\/eranovum.energy\/es\/activacion-rfid\/","url":"https:\/\/eranovum.energy\/es\/activacion-rfid\/","name":"Activaci\u00f3n RFID - Eranovum","isPartOf":{"@id":"https:\/\/eranovum.energy\/es\/#website"},"primaryImageOfPage":{"@id":"https:\/\/eranovum.energy\/es\/activacion-rfid\/#primaryimage"},"image":{"@id":"https:\/\/eranovum.energy\/es\/activacion-rfid\/#primaryimage"},"thumbnailUrl":"https:\/\/eranovum.energy\/wp-content\/uploads\/2024\/05\/Eranovum-RFID-IMG.jpg","datePublished":"2024-06-04T10:26:42+00:00","dateModified":"2024-07-01T08:35:14+00:00","breadcrumb":{"@id":"https:\/\/eranovum.energy\/es\/activacion-rfid\/#breadcrumb"},"inLanguage":"es","potentialAction":[{"@type":"ReadAction","target":["https:\/\/eranovum.energy\/es\/activacion-rfid\/"]}]},{"@type":"ImageObject","inLanguage":"es","@id":"https:\/\/eranovum.energy\/es\/activacion-rfid\/#primaryimage","url":"https:\/\/eranovum.energy\/wp-content\/uploads\/2024\/05\/Eranovum-RFID-IMG.jpg","contentUrl":"https:\/\/eranovum.energy\/wp-content\/uploads\/2024\/05\/Eranovum-RFID-IMG.jpg","width":400,"height":267},{"@type":"BreadcrumbList","@id":"https:\/\/eranovum.energy\/es\/activacion-rfid\/#breadcrumb","itemListElement":[{"@type":"ListItem","position":1,"name":"Home","item":"https:\/\/eranovum.energy\/es\/"},{"@type":"ListItem","position":2,"name":"Activaci\u00f3n RFID"}]},{"@type":"WebSite","@id":"https:\/\/eranovum.energy\/es\/#website","url":"https:\/\/eranovum.energy\/es\/","name":"Eranovum","description":"Leading the new era of energy","publisher":{"@id":"https:\/\/eranovum.energy\/es\/#organization"},"potentialAction":[{"@type":"SearchAction","target":{"@type":"EntryPoint","urlTemplate":"https:\/\/eranovum.energy\/es\/?s={search_term_string}"},"query-input":{"@type":"PropertyValueSpecification","valueRequired":true,"valueName":"search_term_string"}}],"inLanguage":"es"},{"@type":"Organization","@id":"https:\/\/eranovum.energy\/es\/#organization","name":"Eranovum","url":"https:\/\/eranovum.energy\/es\/","logo":{"@type":"ImageObject","inLanguage":"es","@id":"https:\/\/eranovum.energy\/es\/#\/schema\/logo\/image\/","url":"https:\/\/eranovum.energy\/wp-content\/uploads\/2022\/04\/cropped-eranovum-logo-web.png","contentUrl":"https:\/\/eranovum.energy\/wp-content\/uploads\/2022\/04\/cropped-eranovum-logo-web.png","width":351,"height":41,"caption":"Eranovum"},"image":{"@id":"https:\/\/eranovum.energy\/es\/#\/schema\/logo\/image\/"}}]}},"acf":[],"_links":{"self":[{"href":"https:\/\/eranovum.energy\/es\/wp-json\/wp\/v2\/pages\/9522","targetHints":{"allow":["GET"]}}],"collection":[{"href":"https:\/\/eranovum.energy\/es\/wp-json\/wp\/v2\/pages"}],"about":[{"href":"https:\/\/eranovum.energy\/es\/wp-json\/wp\/v2\/types\/page"}],"author":[{"embeddable":true,"href":"https:\/\/eranovum.energy\/es\/wp-json\/wp\/v2\/users\/1"}],"replies":[{"embeddable":true,"href":"https:\/\/eranovum.energy\/es\/wp-json\/wp\/v2\/comments?post=9522"}],"version-history":[{"count":0,"href":"https:\/\/eranovum.energy\/es\/wp-json\/wp\/v2\/pages\/9522\/revisions"}],"wp:featuredmedia":[{"embeddable":true,"href":"https:\/\/eranovum.energy\/es\/wp-json\/wp\/v2\/media\/9456"}],"wp:attachment":[{"href":"https:\/\/eranovum.energy\/es\/wp-json\/wp\/v2\/media?parent=9522"}],"curies":[{"name":"wp","href":"https:\/\/api.w.org\/{rel}","templated":true}]}}