{"id":2399,"date":"2022-10-28T13:23:17","date_gmt":"2022-10-28T12:23:17","guid":{"rendered":"https:\/\/eranovum.energy\/?page_id=2399"},"modified":"2024-06-04T08:43:05","modified_gmt":"2024-06-04T07:43:05","slug":"contacto","status":"publish","type":"page","link":"https:\/\/eranovum.energy\/es\/contacto\/","title":{"rendered":"Contacto"},"content":{"rendered":"\t\t<div data-elementor-type=\"wp-page\" data-elementor-id=\"2399\" class=\"elementor elementor-2399\">\n\t\t\t\t\t\t<section data-animation-type=\"block\" class=\"elementor-section elementor-top-section elementor-element elementor-element-49df3a4a elementor-section-boxed elementor-section-height-default elementor-section-height-default animation_type_block sc_fly_static elementor-invisible\" data-id=\"49df3a4a\" data-element_type=\"section\" data-e-type=\"section\" data-settings=\"{&quot;background_background&quot;:&quot;classic&quot;,&quot;animation&quot;:&quot;qwery-fadein&quot;}\">\n\t\t\t\t\t\t\t<div class=\"elementor-background-overlay\"><\/div>\n\t\t\t\t\t\t\t<div class=\"elementor-container elementor-column-gap-extended\">\n\t\t\t\t\t<div class=\"elementor-column elementor-col-100 elementor-top-column elementor-element elementor-element-20b52696 sc_content_align_inherit sc_layouts_column_icons_position_left sc_fly_static\" data-id=\"20b52696\" data-element_type=\"column\" data-e-type=\"column\">\n\t\t\t<div class=\"elementor-widget-wrap elementor-element-populated\">\n\t\t\t\t\t\t<div class=\"elementor-element elementor-element-73b275f3 sc_fly_static elementor-widget elementor-widget-spacer\" data-id=\"73b275f3\" data-element_type=\"widget\" data-e-type=\"widget\" data-widget_type=\"spacer.default\">\n\t\t\t\t<div class=\"elementor-widget-container\">\n\t\t\t\t\t\t\t<div class=\"elementor-spacer\">\n\t\t\t<div class=\"elementor-spacer-inner\"><\/div>\n\t\t<\/div>\n\t\t\t\t\t\t<\/div>\n\t\t\t\t<\/div>\n\t\t\t\t<div class=\"elementor-element elementor-element-2599a78 sc_fly_static elementor-widget elementor-widget-heading\" data-id=\"2599a78\" data-element_type=\"widget\" data-e-type=\"widget\" data-widget_type=\"heading.default\">\n\t\t\t\t<div class=\"elementor-widget-container\">\n\t\t\t\t\t<h1 class=\"elementor-heading-title elementor-size-default\">Contacto<\/h1>\t\t\t\t<\/div>\n\t\t\t\t<\/div>\n\t\t\t\t<div class=\"elementor-element elementor-element-59f74c4d sc_fly_static elementor-widget elementor-widget-spacer\" data-id=\"59f74c4d\" data-element_type=\"widget\" data-e-type=\"widget\" data-widget_type=\"spacer.default\">\n\t\t\t\t<div class=\"elementor-widget-container\">\n\t\t\t\t\t\t\t<div class=\"elementor-spacer\">\n\t\t\t<div class=\"elementor-spacer-inner\"><\/div>\n\t\t<\/div>\n\t\t\t\t\t\t<\/div>\n\t\t\t\t<\/div>\n\t\t\t\t\t<\/div>\n\t\t<\/div>\n\t\t\t\t\t<\/div>\n\t\t<\/section>\n\t\t\t\t<section class=\"elementor-section elementor-top-section elementor-element elementor-element-630eeae elementor-section-content-middle elementor-reverse-tablet elementor-reverse-mobile elementor-section-boxed elementor-section-height-default elementor-section-height-default sc_fly_static\" data-id=\"630eeae\" data-element_type=\"section\" data-e-type=\"section\" data-settings=\"{&quot;background_background&quot;:&quot;classic&quot;}\">\n\t\t\t\t\t\t<div class=\"elementor-container elementor-column-gap-no\">\n\t\t\t\t\t<div class=\"elementor-column elementor-col-50 elementor-top-column elementor-element elementor-element-532b003 sc_content_align_inherit sc_layouts_column_icons_position_left sc_fly_static\" data-id=\"532b003\" data-element_type=\"column\" data-e-type=\"column\" data-settings=\"{&quot;background_background&quot;:&quot;classic&quot;}\">\n\t\t\t<div class=\"elementor-widget-wrap elementor-element-populated\">\n\t\t\t\t\t\t<div data-animation-type=\"sequental\" data-animation-stagger=\"\" class=\"elementor-element elementor-element-ecc02ed animation_type_sequental sc_fly_static elementor-invisible elementor-widget elementor-widget-trx_sc_contact_form_7\" data-id=\"ecc02ed\" data-element_type=\"widget\" data-e-type=\"widget\" data-settings=\"{&quot;_animation&quot;:&quot;qwery-fadeinup&quot;}\" data-widget_type=\"trx_sc_contact_form_7.default\">\n\t\t\t\t<div class=\"elementor-widget-container\">\n\t\t\t\t\t\n<div class=\"wpcf7 no-js\" id=\"wpcf7-f3564-o1\" lang=\"es-ES\" dir=\"ltr\" data-wpcf7-id=\"3564\">\n<div class=\"screen-reader-response\"><p role=\"status\" aria-live=\"polite\" aria-atomic=\"true\"><\/p> <ul><\/ul><\/div>\n<form action=\"\/es\/wp-json\/wp\/v2\/pages\/2399#wpcf7-f3564-o1\" method=\"post\" class=\"wpcf7-form init\" aria-label=\"Formulario de contacto\" novalidate=\"novalidate\" data-status=\"init\">\n<fieldset class=\"hidden-fields-container\"><input type=\"hidden\" name=\"_wpcf7\" value=\"3564\" \/><input type=\"hidden\" name=\"_wpcf7_version\" value=\"6.1.5\" \/><input type=\"hidden\" name=\"_wpcf7_locale\" value=\"es_ES\" \/><input type=\"hidden\" name=\"_wpcf7_unit_tag\" value=\"wpcf7-f3564-o1\" \/><input type=\"hidden\" name=\"_wpcf7_container_post\" value=\"0\" \/><input type=\"hidden\" name=\"_wpcf7_posted_data_hash\" value=\"\" \/>\n<\/fieldset>\n<div class=\"vc_col-lg-4 vc_col-sm-12\">\n\t<p><label> Nombre*<br \/>\n<span class=\"wpcf7-form-control-wrap\" data-name=\"your-name\"><input size=\"40\" maxlength=\"400\" class=\"wpcf7-form-control wpcf7-text wpcf7-validates-as-required\" aria-required=\"true\" aria-invalid=\"false\" placeholder=\"Nombre\" value=\"\" type=\"text\" name=\"your-name\" \/><\/span> <\/label>\n\t<\/p>\n<\/div>\n<div class=\"vc_col-lg-4 vc_col-sm-12\">\n\t<p><label> Email*<br \/>\n<span class=\"wpcf7-form-control-wrap\" data-name=\"your-email\"><input size=\"40\" maxlength=\"400\" class=\"wpcf7-form-control wpcf7-email wpcf7-validates-as-required wpcf7-text wpcf7-validates-as-email\" aria-required=\"true\" aria-invalid=\"false\" placeholder=\"Email\" value=\"\" type=\"email\" name=\"your-email\" \/><\/span> <\/label>\n\t<\/p>\n<\/div>\n<div class=\"vc_col-lg-4 vc_col-sm-12\">\n\t<p><label> \u00bfCon qui\u00e9n quieres contactar?*<br \/>\n<span class=\"wpcf7-form-control-wrap\" data-name=\"destinatario\"><select class=\"wpcf7-form-control wpcf7-select\" aria-invalid=\"false\" name=\"destinatario\"><option value=\"\">--Por favor, elige una opci\u00f3n--<\/option><option value=\"E-mobility\">E-mobility<\/option><option value=\"Renovables\">Renovables<\/option><option value=\"Comunicaci\u00f3n\">Comunicaci\u00f3n<\/option><\/select><\/span><br \/>\n<\/label>\n\t<\/p>\n<\/div>\n<div class=\"vc_col-lg-12 vc_col-sm-12\">\n\t<p><label> Mensaje*<br \/>\n<span class=\"wpcf7-form-control-wrap\" data-name=\"message\"><textarea cols=\"40\" rows=\"10\" maxlength=\"2000\" class=\"wpcf7-form-control wpcf7-textarea wpcf7-validates-as-required\" aria-required=\"true\" aria-invalid=\"false\" placeholder=\"D\u00e9janos un breve mensaje\" name=\"message\"><\/textarea><\/span> <\/label>\n\t<\/p>\n<\/div>\n<div class=\"vc_col-lg-12 vc_col-sm-12\">\n\t<p style=\"margin-bottom:16px;\"><span class=\"wpcf7-form-control-wrap\" data-name=\"contact_acceptance\"><span class=\"wpcf7-form-control wpcf7-acceptance\"><span class=\"wpcf7-list-item\"><label><input type=\"checkbox\" name=\"contact_acceptance\" value=\"1\" aria-invalid=\"false\" \/><span class=\"wpcf7-list-item-label\">He le\u00eddo y acepto el <a href=\"https:\/\/eranovum.energy\/es\/aviso-legal\/\" style=\"font-weight:bold\">aviso legal<\/a>, la informaci\u00f3n b\u00e1sica de Protecci\u00f3n de Datos y la <a href=\"https:\/\/eranovum.energy\/es\/politica-de-privacidad\/\" style=\"font-weight:bold\">Pol\u00edtica de privacidad<\/a>.<\/span><\/label><\/span><\/span><\/span>\n\t<\/p>\n\t<p><input class=\"wpcf7-form-control wpcf7-submit has-spinner\" type=\"submit\" value=\"Enviar\" \/>\n\t<\/p>\n<\/div>\n<p style=\"font-size:12px;margin-top:24px;\">Informaci\u00f3n b\u00e1sica de Protecci\u00f3n de Datos \u2013 Responsable: Eranovum e-mobility SL. Objetivo: Contacto de usuarios y solicitud de gesti\u00f3n de informaci\u00f3n; Derechos: Puede solicitar sus derechos en materia de Protecci\u00f3n de Datos v\u00eda email en gdpr@eranovum.energy\n<\/p><div class=\"wpcf7-response-output\" aria-hidden=\"true\"><\/div>\n<\/form>\n<\/div>\n\t\t\t\t<\/div>\n\t\t\t\t<\/div>\n\t\t\t\t\t<\/div>\n\t\t<\/div>\n\t\t\t\t<div data-animation-type=\"block\" class=\"elementor-column elementor-col-50 elementor-top-column elementor-element elementor-element-30fb972 sc_content_align_inherit sc_layouts_column_icons_position_left animation_type_block sc_fly_static elementor-invisible\" data-id=\"30fb972\" data-element_type=\"column\" data-e-type=\"column\" data-settings=\"{&quot;background_background&quot;:&quot;classic&quot;,&quot;animation&quot;:&quot;qwery-fadeinright&quot;}\">\n\t\t\t<div class=\"elementor-widget-wrap elementor-element-populated\">\n\t\t\t\t\t\t<div class=\"elementor-element elementor-element-1e3de36 sc_fly_static elementor-widget elementor-widget-text-editor\" data-id=\"1e3de36\" data-element_type=\"widget\" data-e-type=\"widget\" data-widget_type=\"text-editor.default\">\n\t\t\t\t<div class=\"elementor-widget-container\">\n\t\t\t\t\t\t\t\t\t<p>Contacta con nuestros departamentos<\/p>\t\t\t\t\t\t\t\t<\/div>\n\t\t\t\t<\/div>\n\t\t\t\t<div class=\"elementor-element elementor-element-11998f7 sc_fly_static elementor-widget elementor-widget-spacer\" data-id=\"11998f7\" data-element_type=\"widget\" data-e-type=\"widget\" data-widget_type=\"spacer.default\">\n\t\t\t\t<div class=\"elementor-widget-container\">\n\t\t\t\t\t\t\t<div class=\"elementor-spacer\">\n\t\t\t<div class=\"elementor-spacer-inner\"><\/div>\n\t\t<\/div>\n\t\t\t\t\t\t<\/div>\n\t\t\t\t<\/div>\n\t\t\t\t<div class=\"elementor-element elementor-element-7177657 elementor-widget-mobile__width-initial sc_fly_static elementor-widget elementor-widget-text-editor\" data-id=\"7177657\" data-element_type=\"widget\" data-e-type=\"widget\" data-widget_type=\"text-editor.default\">\n\t\t\t\t<div class=\"elementor-widget-container\">\n\t\t\t\t\t\t\t\t\t<p>E-mobility<br \/><span style=\"color: #f9b233;\">e-contact@eranovum.energy<\/span><\/p><p>Renovables<br \/><span style=\"color: #f9b233;\">bd@eranovum.energy<\/span><\/p><p>Comunicaci\u00f3n<br \/><span style=\"color: #f9b233;\">comunicacion@eranovum.energy<\/span><\/p><p>General<br \/><a href=\"tel:910 880 879\">910 880 879<\/a><\/p>\t\t\t\t\t\t\t\t<\/div>\n\t\t\t\t<\/div>\n\t\t\t\t<div class=\"elementor-element elementor-element-0d96ffc sc_fly_static elementor-widget elementor-widget-spacer\" data-id=\"0d96ffc\" data-element_type=\"widget\" data-e-type=\"widget\" data-widget_type=\"spacer.default\">\n\t\t\t\t<div class=\"elementor-widget-container\">\n\t\t\t\t\t\t\t<div class=\"elementor-spacer\">\n\t\t\t<div class=\"elementor-spacer-inner\"><\/div>\n\t\t<\/div>\n\t\t\t\t\t\t<\/div>\n\t\t\t\t<\/div>\n\t\t\t\t<div class=\"elementor-element elementor-element-9f147d7 sc_fly_static elementor-widget elementor-widget-text-editor\" data-id=\"9f147d7\" data-element_type=\"widget\" data-e-type=\"widget\" data-widget_type=\"text-editor.default\">\n\t\t\t\t<div class=\"elementor-widget-container\">\n\t\t\t\t\t\t\t\t\t<p>Direcci\u00f3n<\/p>\t\t\t\t\t\t\t\t<\/div>\n\t\t\t\t<\/div>\n\t\t\t\t<div class=\"elementor-element elementor-element-bd03f91 sc_fly_static elementor-widget elementor-widget-spacer\" data-id=\"bd03f91\" data-element_type=\"widget\" data-e-type=\"widget\" data-widget_type=\"spacer.default\">\n\t\t\t\t<div class=\"elementor-widget-container\">\n\t\t\t\t\t\t\t<div class=\"elementor-spacer\">\n\t\t\t<div class=\"elementor-spacer-inner\"><\/div>\n\t\t<\/div>\n\t\t\t\t\t\t<\/div>\n\t\t\t\t<\/div>\n\t\t\t\t<div class=\"elementor-element elementor-element-e37eb75 sc_fly_static elementor-widget elementor-widget-text-editor\" data-id=\"e37eb75\" data-element_type=\"widget\" data-e-type=\"widget\" data-widget_type=\"text-editor.default\">\n\t\t\t\t<div class=\"elementor-widget-container\">\n\t\t\t\t\t\t\t\t\t<p><strong>Eranovum e-mobility S.L.<\/strong><br \/>Avenida del General Per\u00f3n 38<br \/>28020 Madrid<\/p>\t\t\t\t\t\t\t\t<\/div>\n\t\t\t\t<\/div>\n\t\t\t\t\t<\/div>\n\t\t<\/div>\n\t\t\t\t\t<\/div>\n\t\t<\/section>\n\t\t\t\t<\/div>\n\t\t","protected":false},"excerpt":{"rendered":"<p>Contacto Nombre* Email* \u00bfCon qui\u00e9n quieres contactar?* &#8211;Por favor, elige una opci\u00f3n&#8211;E-mobilityRenovablesComunicaci\u00f3n Mensaje He le\u00eddo&hellip;<\/p>\n","protected":false},"author":1,"featured_media":0,"parent":0,"menu_order":0,"comment_status":"closed","ping_status":"closed","template":"","meta":{"_stopmodifiedupdate":false,"_modified_date":"","_acf_changed":false,"footnotes":""},"class_list":["post-2399","page","type-page","status-publish","hentry"],"yoast_head":"<!-- This site is optimized with the Yoast SEO plugin v27.6 - https:\/\/yoast.com\/product\/yoast-seo-wordpress\/ -->\n<title>Informaci\u00f3n de contacto | Eranovum<\/title>\n<meta name=\"description\" content=\"Contacta con Eranovum a trav\u00e9s del formulario web o enviando un e-mail. Haz tu consulta sobre nuestros servicios y soluciones. \u00a1Escr\u00edbenos!\" \/>\n<meta name=\"robots\" content=\"index, follow, max-snippet:-1, max-image-preview:large, max-video-preview:-1\" \/>\n<link rel=\"canonical\" href=\"https:\/\/eranovum.energy\/es\/contacto\/\" \/>\n<meta property=\"og:locale\" content=\"es_ES\" \/>\n<meta property=\"og:type\" content=\"article\" \/>\n<meta property=\"og:title\" content=\"Informaci\u00f3n de contacto | Eranovum\" \/>\n<meta property=\"og:description\" content=\"Contacta con Eranovum a trav\u00e9s del formulario web o enviando un e-mail. Haz tu consulta sobre nuestros servicios y soluciones. \u00a1Escr\u00edbenos!\" \/>\n<meta property=\"og:url\" content=\"https:\/\/eranovum.energy\/es\/contacto\/\" \/>\n<meta property=\"og:site_name\" content=\"Eranovum\" \/>\n<meta property=\"article:modified_time\" content=\"2024-06-04T07:43:05+00:00\" \/>\n<meta property=\"og:image\" content=\"https:\/\/eranovum.energy\/wp-content\/uploads\/2024\/01\/Eranovum-Logo-1.jpg\" \/>\n\t<meta property=\"og:image:width\" content=\"1200\" \/>\n\t<meta property=\"og:image:height\" content=\"675\" \/>\n\t<meta property=\"og:image:type\" content=\"image\/jpeg\" \/>\n<meta name=\"twitter:card\" content=\"summary_large_image\" \/>\n<meta name=\"twitter:label1\" content=\"Tiempo de lectura\" \/>\n\t<meta name=\"twitter:data1\" content=\"1 minuto\" \/>\n<script type=\"application\/ld+json\" class=\"yoast-schema-graph\">{\"@context\":\"https:\\\/\\\/schema.org\",\"@graph\":[{\"@type\":\"WebPage\",\"@id\":\"https:\\\/\\\/eranovum.energy\\\/es\\\/contacto\\\/\",\"url\":\"https:\\\/\\\/eranovum.energy\\\/es\\\/contacto\\\/\",\"name\":\"Informaci\u00f3n de contacto | Eranovum\",\"isPartOf\":{\"@id\":\"https:\\\/\\\/eranovum.energy\\\/es\\\/#website\"},\"datePublished\":\"2022-10-28T12:23:17+00:00\",\"dateModified\":\"2024-06-04T07:43:05+00:00\",\"description\":\"Contacta con Eranovum a trav\u00e9s del formulario web o enviando un e-mail. Haz tu consulta sobre nuestros servicios y soluciones. \u00a1Escr\u00edbenos!\",\"breadcrumb\":{\"@id\":\"https:\\\/\\\/eranovum.energy\\\/es\\\/contacto\\\/#breadcrumb\"},\"inLanguage\":\"es\",\"potentialAction\":[{\"@type\":\"ReadAction\",\"target\":[\"https:\\\/\\\/eranovum.energy\\\/es\\\/contacto\\\/\"]}]},{\"@type\":\"BreadcrumbList\",\"@id\":\"https:\\\/\\\/eranovum.energy\\\/es\\\/contacto\\\/#breadcrumb\",\"itemListElement\":[{\"@type\":\"ListItem\",\"position\":1,\"name\":\"Home\",\"item\":\"https:\\\/\\\/eranovum.energy\\\/es\\\/\"},{\"@type\":\"ListItem\",\"position\":2,\"name\":\"Contacto\"}]},{\"@type\":\"WebSite\",\"@id\":\"https:\\\/\\\/eranovum.energy\\\/es\\\/#website\",\"url\":\"https:\\\/\\\/eranovum.energy\\\/es\\\/\",\"name\":\"Eranovum\",\"description\":\"Leading the new era of energy\",\"publisher\":{\"@id\":\"https:\\\/\\\/eranovum.energy\\\/es\\\/#organization\"},\"potentialAction\":[{\"@type\":\"SearchAction\",\"target\":{\"@type\":\"EntryPoint\",\"urlTemplate\":\"https:\\\/\\\/eranovum.energy\\\/es\\\/?s={search_term_string}\"},\"query-input\":{\"@type\":\"PropertyValueSpecification\",\"valueRequired\":true,\"valueName\":\"search_term_string\"}}],\"inLanguage\":\"es\"},{\"@type\":\"Organization\",\"@id\":\"https:\\\/\\\/eranovum.energy\\\/es\\\/#organization\",\"name\":\"Eranovum\",\"url\":\"https:\\\/\\\/eranovum.energy\\\/es\\\/\",\"logo\":{\"@type\":\"ImageObject\",\"inLanguage\":\"es\",\"@id\":\"https:\\\/\\\/eranovum.energy\\\/es\\\/#\\\/schema\\\/logo\\\/image\\\/\",\"url\":\"https:\\\/\\\/eranovum.energy\\\/wp-content\\\/uploads\\\/2022\\\/04\\\/cropped-eranovum-logo-web.png\",\"contentUrl\":\"https:\\\/\\\/eranovum.energy\\\/wp-content\\\/uploads\\\/2022\\\/04\\\/cropped-eranovum-logo-web.png\",\"width\":351,\"height\":41,\"caption\":\"Eranovum\"},\"image\":{\"@id\":\"https:\\\/\\\/eranovum.energy\\\/es\\\/#\\\/schema\\\/logo\\\/image\\\/\"}}]}<\/script>\n<!-- \/ Yoast SEO plugin. -->","yoast_head_json":{"title":"Informaci\u00f3n de contacto | Eranovum","description":"Contacta con Eranovum a trav\u00e9s del formulario web o enviando un e-mail. Haz tu consulta sobre nuestros servicios y soluciones. \u00a1Escr\u00edbenos!","robots":{"index":"index","follow":"follow","max-snippet":"max-snippet:-1","max-image-preview":"max-image-preview:large","max-video-preview":"max-video-preview:-1"},"canonical":"https:\/\/eranovum.energy\/es\/contacto\/","og_locale":"es_ES","og_type":"article","og_title":"Informaci\u00f3n de contacto | Eranovum","og_description":"Contacta con Eranovum a trav\u00e9s del formulario web o enviando un e-mail. Haz tu consulta sobre nuestros servicios y soluciones. \u00a1Escr\u00edbenos!","og_url":"https:\/\/eranovum.energy\/es\/contacto\/","og_site_name":"Eranovum","article_modified_time":"2024-06-04T07:43:05+00:00","og_image":[{"width":1200,"height":675,"url":"https:\/\/eranovum.energy\/wp-content\/uploads\/2024\/01\/Eranovum-Logo-1.jpg","type":"image\/jpeg"}],"twitter_card":"summary_large_image","twitter_misc":{"Tiempo de lectura":"1 minuto"},"schema":{"@context":"https:\/\/schema.org","@graph":[{"@type":"WebPage","@id":"https:\/\/eranovum.energy\/es\/contacto\/","url":"https:\/\/eranovum.energy\/es\/contacto\/","name":"Informaci\u00f3n de contacto | Eranovum","isPartOf":{"@id":"https:\/\/eranovum.energy\/es\/#website"},"datePublished":"2022-10-28T12:23:17+00:00","dateModified":"2024-06-04T07:43:05+00:00","description":"Contacta con Eranovum a trav\u00e9s del formulario web o enviando un e-mail. Haz tu consulta sobre nuestros servicios y soluciones. \u00a1Escr\u00edbenos!","breadcrumb":{"@id":"https:\/\/eranovum.energy\/es\/contacto\/#breadcrumb"},"inLanguage":"es","potentialAction":[{"@type":"ReadAction","target":["https:\/\/eranovum.energy\/es\/contacto\/"]}]},{"@type":"BreadcrumbList","@id":"https:\/\/eranovum.energy\/es\/contacto\/#breadcrumb","itemListElement":[{"@type":"ListItem","position":1,"name":"Home","item":"https:\/\/eranovum.energy\/es\/"},{"@type":"ListItem","position":2,"name":"Contacto"}]},{"@type":"WebSite","@id":"https:\/\/eranovum.energy\/es\/#website","url":"https:\/\/eranovum.energy\/es\/","name":"Eranovum","description":"Leading the new era of energy","publisher":{"@id":"https:\/\/eranovum.energy\/es\/#organization"},"potentialAction":[{"@type":"SearchAction","target":{"@type":"EntryPoint","urlTemplate":"https:\/\/eranovum.energy\/es\/?s={search_term_string}"},"query-input":{"@type":"PropertyValueSpecification","valueRequired":true,"valueName":"search_term_string"}}],"inLanguage":"es"},{"@type":"Organization","@id":"https:\/\/eranovum.energy\/es\/#organization","name":"Eranovum","url":"https:\/\/eranovum.energy\/es\/","logo":{"@type":"ImageObject","inLanguage":"es","@id":"https:\/\/eranovum.energy\/es\/#\/schema\/logo\/image\/","url":"https:\/\/eranovum.energy\/wp-content\/uploads\/2022\/04\/cropped-eranovum-logo-web.png","contentUrl":"https:\/\/eranovum.energy\/wp-content\/uploads\/2022\/04\/cropped-eranovum-logo-web.png","width":351,"height":41,"caption":"Eranovum"},"image":{"@id":"https:\/\/eranovum.energy\/es\/#\/schema\/logo\/image\/"}}]}},"acf":[],"_links":{"self":[{"href":"https:\/\/eranovum.energy\/es\/wp-json\/wp\/v2\/pages\/2399","targetHints":{"allow":["GET"]}}],"collection":[{"href":"https:\/\/eranovum.energy\/es\/wp-json\/wp\/v2\/pages"}],"about":[{"href":"https:\/\/eranovum.energy\/es\/wp-json\/wp\/v2\/types\/page"}],"author":[{"embeddable":true,"href":"https:\/\/eranovum.energy\/es\/wp-json\/wp\/v2\/users\/1"}],"replies":[{"embeddable":true,"href":"https:\/\/eranovum.energy\/es\/wp-json\/wp\/v2\/comments?post=2399"}],"version-history":[{"count":0,"href":"https:\/\/eranovum.energy\/es\/wp-json\/wp\/v2\/pages\/2399\/revisions"}],"wp:attachment":[{"href":"https:\/\/eranovum.energy\/es\/wp-json\/wp\/v2\/media?parent=2399"}],"curies":[{"name":"wp","href":"https:\/\/api.w.org\/{rel}","templated":true}]}}