{"id":16079,"date":"2025-02-14T12:14:56","date_gmt":"2025-02-14T11:14:56","guid":{"rendered":"https:\/\/eranovum.energy\/?page_id=16079"},"modified":"2025-05-23T09:19:03","modified_gmt":"2025-05-23T08:19:03","slug":"promocion-club-internacional-tenis-majadahonda","status":"publish","type":"page","link":"https:\/\/eranovum.energy\/es\/promocion-club-internacional-tenis-majadahonda\/","title":{"rendered":"Promoci\u00f3n Club Internacional Tenis Majadahonda"},"content":{"rendered":"\t\t<div data-elementor-type=\"wp-page\" data-elementor-id=\"16079\" class=\"elementor elementor-16079\">\n\t\t\t\t<div class=\"e-con-height-full elementor-element elementor-element-49b588f e-con-full e-flex sc_layouts_column_icons_position_left e-con e-parent\" data-id=\"49b588f\" data-element_type=\"container\" data-e-type=\"container\">\n\t\t<div class=\"e-con-gap-no elementor-element elementor-element-2547658 e-con-full animated-slow e-flex sc_layouts_column_icons_position_left animation_type_block elementor-invisible e-con e-child\" data-animation-type=\"block\" data-id=\"2547658\" data-element_type=\"container\" data-e-type=\"container\" data-settings=\"{&quot;background_background&quot;:&quot;classic&quot;,&quot;animation&quot;:&quot;qwery-fadein&quot;}\">\n\t\t<div data-animation-type=\"block\" class=\"elementor-element elementor-element-9c5ba89 e-con-full animated-slow e-flex sc_layouts_column_icons_position_left animation_type_block elementor-invisible e-con e-child\" data-id=\"9c5ba89\" data-element_type=\"container\" data-e-type=\"container\" data-settings=\"{&quot;animation&quot;:&quot;qwery-fadeinleft&quot;}\">\n\t\t<div class=\"elementor-element elementor-element-e721109 e-con-full e-flex sc_layouts_column_icons_position_left sc_gradient_animation_none e-con e-child\" data-id=\"e721109\" data-element_type=\"container\" data-e-type=\"container\" data-settings=\"{&quot;background_background&quot;:&quot;gradient&quot;}\">\n\t\t\t\t<div class=\"elementor-element elementor-element-c58ea14 sc_fly_static elementor-widget elementor-widget-heading\" data-id=\"c58ea14\" data-element_type=\"widget\" data-e-type=\"widget\" data-widget_type=\"heading.default\">\n\t\t\t\t<div class=\"elementor-widget-container\">\n\t\t\t\t\t<h1 class=\"elementor-heading-title elementor-size-default\">Promoci\u00f3n especial<\/h1>\t\t\t\t<\/div>\n\t\t\t\t<\/div>\n\t\t\t\t<div class=\"elementor-element elementor-element-34a87d7 sc_fly_static elementor-widget elementor-widget-image\" data-id=\"34a87d7\" data-element_type=\"widget\" data-e-type=\"widget\" data-widget_type=\"image.default\">\n\t\t\t\t<div class=\"elementor-widget-container\">\n\t\t\t\t\t\t\t\t\t\t\t\t\t\t\t<img fetchpriority=\"high\" decoding=\"async\" width=\"981\" height=\"506\" src=\"https:\/\/eranovum.energy\/wp-content\/uploads\/2025\/02\/CIT-Majadahonda-Logo.svg\" class=\"attachment-large size-large wp-image-16081\" alt=\"\" \/>\t\t\t\t\t\t\t\t\t\t\t\t\t\t\t<\/div>\n\t\t\t\t<\/div>\n\t\t\t\t<\/div>\n\t\t<div class=\"elementor-element elementor-element-bf8aa9b e-con-full e-flex sc_layouts_column_icons_position_left e-con e-child\" data-id=\"bf8aa9b\" data-element_type=\"container\" data-e-type=\"container\" data-settings=\"{&quot;background_background&quot;:&quot;classic&quot;}\">\n\t\t\t\t<div class=\"elementor-element elementor-element-ad280ad sc_fly_static elementor-widget elementor-widget-heading\" data-id=\"ad280ad\" data-element_type=\"widget\" data-e-type=\"widget\" data-widget_type=\"heading.default\">\n\t\t\t\t<div class=\"elementor-widget-container\">\n\t\t\t\t\t<h2 class=\"elementor-heading-title elementor-size-default\">10% de descuento en todas tus recargas<\/h2>\t\t\t\t<\/div>\n\t\t\t\t<\/div>\n\t\t\t\t<\/div>\n\t\t\t\t<\/div>\n\t\t\t\t<\/div>\n\t\t<div class=\"elementor-element elementor-element-fd6aba7 e-con-full e-flex sc_layouts_column_icons_position_left e-con e-child\" data-id=\"fd6aba7\" data-element_type=\"container\" data-e-type=\"container\" data-settings=\"{&quot;background_background&quot;:&quot;classic&quot;}\">\n\t\t<div data-animation-type=\"block\" class=\"elementor-element elementor-element-5ff6ab9 e-con-full animated-slow e-flex sc_layouts_column_icons_position_left animation_type_block elementor-invisible e-con e-child\" data-id=\"5ff6ab9\" data-element_type=\"container\" data-e-type=\"container\" data-settings=\"{&quot;animation&quot;:&quot;qwery-fadeinright&quot;}\">\n\t\t\t\t<div class=\"elementor-element elementor-element-8311c6e sc_fly_static elementor-widget elementor-widget-text-editor\" data-id=\"8311c6e\" data-element_type=\"widget\" data-e-type=\"widget\" data-widget_type=\"text-editor.default\">\n\t\t\t\t<div class=\"elementor-widget-container\">\n\t\t\t\t\t\t\t\t\t<p>Para disfrutar de esta promoci\u00f3n debes:<\/p>\t\t\t\t\t\t\t\t<\/div>\n\t\t\t\t<\/div>\n\t\t\t\t<div class=\"elementor-element elementor-element-c86cc7c sc_fly_static elementor-widget elementor-widget-spacer\" data-id=\"c86cc7c\" data-element_type=\"widget\" data-e-type=\"widget\" data-widget_type=\"spacer.default\">\n\t\t\t\t<div class=\"elementor-widget-container\">\n\t\t\t\t\t\t\t<div class=\"elementor-spacer\">\n\t\t\t<div class=\"elementor-spacer-inner\"><\/div>\n\t\t<\/div>\n\t\t\t\t\t\t<\/div>\n\t\t\t\t<\/div>\n\t\t\t\t<div class=\"elementor-element elementor-element-dddb9e6 sc_fly_static elementor-widget elementor-widget-text-editor\" data-id=\"dddb9e6\" data-element_type=\"widget\" data-e-type=\"widget\" data-widget_type=\"text-editor.default\">\n\t\t\t\t<div class=\"elementor-widget-container\">\n\t\t\t\t\t\t\t\t\t<p>1. Estar dado de alta en la app de Eranovum<br \/>2. Seguirnos en alguna de nuestras redes sociales<\/p>\t\t\t\t\t\t\t\t<\/div>\n\t\t\t\t<\/div>\n\t\t\t\t<div class=\"elementor-element elementor-element-325824a sc_fly_static elementor-widget elementor-widget-spacer\" data-id=\"325824a\" data-element_type=\"widget\" data-e-type=\"widget\" data-widget_type=\"spacer.default\">\n\t\t\t\t<div class=\"elementor-widget-container\">\n\t\t\t\t\t\t\t<div class=\"elementor-spacer\">\n\t\t\t<div class=\"elementor-spacer-inner\"><\/div>\n\t\t<\/div>\n\t\t\t\t\t\t<\/div>\n\t\t\t\t<\/div>\n\t\t\t\t<div class=\"elementor-element elementor-element-5c78ca5 sc_fly_static elementor-widget elementor-widget-trx_sc_contact_form_7\" data-id=\"5c78ca5\" data-element_type=\"widget\" data-e-type=\"widget\" data-widget_type=\"trx_sc_contact_form_7.default\">\n\t\t\t\t<div class=\"elementor-widget-container\">\n\t\t\t\t\t\n<div class=\"wpcf7 no-js\" id=\"wpcf7-f16078-o1\" lang=\"en-US\" dir=\"ltr\" data-wpcf7-id=\"16078\">\n<div class=\"screen-reader-response\"><p role=\"status\" aria-live=\"polite\" aria-atomic=\"true\"><\/p> <ul><\/ul><\/div>\n<form action=\"\/es\/wp-json\/wp\/v2\/pages\/16079#wpcf7-f16078-o1\" method=\"post\" class=\"wpcf7-form init\" aria-label=\"Contact form\" novalidate=\"novalidate\" data-status=\"init\">\n<fieldset class=\"hidden-fields-container\"><input type=\"hidden\" name=\"_wpcf7\" value=\"16078\" \/><input type=\"hidden\" name=\"_wpcf7_version\" value=\"6.1.5\" \/><input type=\"hidden\" name=\"_wpcf7_locale\" value=\"en_US\" \/><input type=\"hidden\" name=\"_wpcf7_unit_tag\" value=\"wpcf7-f16078-o1\" \/><input type=\"hidden\" name=\"_wpcf7_container_post\" value=\"0\" \/><input type=\"hidden\" name=\"_wpcf7_posted_data_hash\" value=\"\" \/>\n<\/fieldset>\n<div class=\"fila-superior-contacto\">\n\t<div class=\"fila-contacto-landing\">\n\t\t<p><label><b> Email con el que est\u00e1s registrado en nuestra app<\/b><br \/>\n<span style=\"color: #3E3E3E\">\u00bfTodav\u00eda no eres usuario de Eranovum? \u00a1Reg\u00edstrate <a href=\"https:\/\/onelink.to\/zmf8jc?utm_source=formulario&utm_medium=CTA-landing&utm_campaign=campana-verano-10\" target=\"_blank\" style=\"font-weight:bold; color:#f9b233\">aqu\u00ed!<\/a><\/span><br \/>\n<span class=\"wpcf7-form-control-wrap\" data-name=\"your-email\"><input size=\"40\" maxlength=\"400\" class=\"wpcf7-form-control wpcf7-email wpcf7-validates-as-required wpcf7-text wpcf7-validates-as-email\" aria-required=\"true\" aria-invalid=\"false\" placeholder=\"email@email.com\" value=\"\" type=\"email\" name=\"your-email\" \/><\/span> <\/label>\n\t\t<\/p>\n\t<\/div>\n\t<div class=\"fila-contacto-landing\">\n\t\t<p><label><b>N\u00famero de socio del Club Internacional de Tenis<\/b><br \/>\n<span class=\"wpcf7-form-control-wrap\" data-name=\"socio\"><input size=\"40\" maxlength=\"400\" class=\"wpcf7-form-control wpcf7-text wpcf7-validates-as-required\" aria-required=\"true\" aria-invalid=\"false\" placeholder=\"123456\" value=\"\" type=\"text\" name=\"socio\" \/><\/span> <\/label>\n\t\t<\/p>\n\t<\/div>\n\t<div class=\"fila-contacto-landing\">\n\t\t<p><label><b>Usuario de la red social con la que nos sigues (Opcional)<\/b><br \/>\n<span style=\"color: #3E3E3E\">S\u00edguenos en <a href=\"https:\/\/www.instagram.com\/eranovum_energy\/\" target=\"_blank\" style=\"font-weight:bold; color:#f9b233\">Instagram<\/a>, <a href=\"https:\/\/www.facebook.com\/people\/Eranovum\/61558372349696\/\" target=\"_blank\" style=\"font-weight:bold; color:#f9b233\">Facebook<\/a>, <a href=\"https:\/\/twitter.com\/eranovum_energy\/\" target=\"_blank\" style=\"font-weight:bold; color:#f9b233\">X<\/a> o <a href=\"https:\/\/es.linkedin.com\/company\/eranovum-energy\" target=\"_blank\" style=\"font-weight:bold; color:#f9b233\">LinkedIn<\/a><\/span><br \/>\n<span class=\"wpcf7-form-control-wrap\" data-name=\"redes\"><input size=\"40\" maxlength=\"400\" class=\"wpcf7-form-control wpcf7-text\" aria-invalid=\"false\" placeholder=\"@usuario\" value=\"\" type=\"text\" name=\"redes\" \/><\/span> <\/label>\n\t\t<\/p>\n\t<\/div>\n<\/div>\n<div>\n\t<p style=\"margin:16px 0px;\"><span class=\"wpcf7-form-control-wrap\" data-name=\"contact_acceptance\"><span class=\"wpcf7-form-control wpcf7-acceptance\"><span class=\"wpcf7-list-item\"><label><input type=\"checkbox\" name=\"contact_acceptance\" value=\"1\" aria-invalid=\"false\" \/><span class=\"wpcf7-list-item-label\">He le\u00eddo y acepto el <a href=\"https:\/\/eranovum.energy\/es\/aviso-legal\/\" style=\"font-weight:bold\">aviso legal<\/a>, la informaci\u00f3n b\u00e1sica de Protecci\u00f3n de Datos y la <a href=\"https:\/\/eranovum.energy\/es\/politica-de-privacidad\/\" style=\"font-weight:bold\">Pol\u00edtica de privacidad<\/a>.<\/span><\/label><\/span><\/span><\/span>\n\t<\/p>\n\t<p><input class=\"wpcf7-form-control wpcf7-submit has-spinner\" type=\"submit\" value=\"Enviar\" \/>\n\t<\/p>\n<\/div>\n<p style=\"font-size:12px;margin-top:24px;\">Informaci\u00f3n b\u00e1sica de Protecci\u00f3n de Datos \u2013 Responsable: Eranovum e-mobility SL. Objetivo: Contacto de usuarios y solicitud de gesti\u00f3n de informaci\u00f3n; Derechos: Puede solicitar sus derechos en materia de Protecci\u00f3n de Datos v\u00eda email en gdpr@eranovum.energy.\n<\/p><div class=\"wpcf7-response-output\" aria-hidden=\"true\"><\/div>\n<\/form>\n<\/div>\n\t\t\t\t<\/div>\n\t\t\t\t<\/div>\n\t\t\t\t<div class=\"elementor-element elementor-element-7bcdfad sc_fly_static elementor-widget elementor-widget-spacer\" data-id=\"7bcdfad\" data-element_type=\"widget\" data-e-type=\"widget\" data-widget_type=\"spacer.default\">\n\t\t\t\t<div class=\"elementor-widget-container\">\n\t\t\t\t\t\t\t<div class=\"elementor-spacer\">\n\t\t\t<div class=\"elementor-spacer-inner\"><\/div>\n\t\t<\/div>\n\t\t\t\t\t\t<\/div>\n\t\t\t\t<\/div>\n\t\t\t\t<div class=\"elementor-element elementor-element-3d70761 sc_fly_static elementor-widget elementor-widget-text-editor\" data-id=\"3d70761\" data-element_type=\"widget\" data-e-type=\"widget\" data-widget_type=\"text-editor.default\">\n\t\t\t\t<div class=\"elementor-widget-container\">\n\t\t\t\t\t\t\t\t\t<p>*Promoci\u00f3n v\u00e1lida hasta el 31 de agosto.<\/p>\t\t\t\t\t\t\t\t<\/div>\n\t\t\t\t<\/div>\n\t\t\t\t<\/div>\n\t\t\t\t<\/div>\n\t\t\t\t<\/div>\n\t\t\t\t<\/div>\n\t\t","protected":false},"excerpt":{"rendered":"<p>Promoci\u00f3n especial 10% de descuento en todas tus recargas Para disfrutar de esta promoci\u00f3n debes:&hellip;<\/p>\n","protected":false},"author":1,"featured_media":0,"parent":0,"menu_order":0,"comment_status":"closed","ping_status":"closed","template":"","meta":{"_stopmodifiedupdate":false,"_modified_date":"","_acf_changed":false,"footnotes":""},"class_list":["post-16079","page","type-page","status-publish","hentry"],"yoast_head":"<!-- This site is optimized with the Yoast SEO plugin v27.3 - https:\/\/yoast.com\/product\/yoast-seo-wordpress\/ -->\n<title>Promoci\u00f3n Club Internacional Tenis Majadahonda - Eranovum<\/title>\n<meta name=\"robots\" content=\"noindex, follow\" \/>\n<meta property=\"og:locale\" content=\"es_ES\" \/>\n<meta property=\"og:type\" content=\"article\" \/>\n<meta property=\"og:title\" content=\"10% de descuento en tus recargas\" \/>\n<meta property=\"og:description\" content=\"Promoci\u00f3n especial de descuento en tus recargas. M\u00e1s de 900 puntos de recarga operativos en Espa\u00f1a, Francia y B\u00e9lgica.\" \/>\n<meta property=\"og:url\" content=\"https:\/\/eranovum.energy\/es\/promocion-club-internacional-tenis-majadahonda\/\" \/>\n<meta property=\"og:site_name\" content=\"Eranovum\" \/>\n<meta property=\"article:modified_time\" content=\"2025-05-23T08:19:03+00:00\" \/>\n<meta property=\"og:image\" content=\"https:\/\/eranovum.energy\/wp-content\/uploads\/2025\/02\/Eranovum-IMG-Share-FTCV.jpg\" \/>\n\t<meta property=\"og:image:width\" content=\"400\" \/>\n\t<meta property=\"og:image:height\" content=\"267\" \/>\n\t<meta property=\"og:image:type\" content=\"image\/jpeg\" \/>\n<meta name=\"twitter:card\" content=\"summary_large_image\" \/>\n<meta name=\"twitter:title\" content=\"10% de descuento en tus recargas\" \/>\n<meta name=\"twitter:description\" content=\"Promoci\u00f3n especial de descuento en tus recargas. M\u00e1s de 900 puntos de recarga operativos en Espa\u00f1a, Francia y B\u00e9lgica.\" \/>\n<meta name=\"twitter:image\" content=\"https:\/\/eranovum.energy\/wp-content\/uploads\/2025\/02\/Eranovum-IMG-Share-FTCV.jpg\" \/>\n<meta name=\"twitter:label1\" content=\"Tiempo de lectura\" \/>\n\t<meta name=\"twitter:data1\" content=\"1 minuto\" \/>\n<script type=\"application\/ld+json\" class=\"yoast-schema-graph\">{\"@context\":\"https:\\\/\\\/schema.org\",\"@graph\":[{\"@type\":\"WebPage\",\"@id\":\"https:\\\/\\\/eranovum.energy\\\/es\\\/promocion-club-internacional-tenis-majadahonda\\\/\",\"url\":\"https:\\\/\\\/eranovum.energy\\\/es\\\/promocion-club-internacional-tenis-majadahonda\\\/\",\"name\":\"Promoci\u00f3n Club Internacional Tenis Majadahonda - Eranovum\",\"isPartOf\":{\"@id\":\"https:\\\/\\\/eranovum.energy\\\/es\\\/#website\"},\"primaryImageOfPage\":{\"@id\":\"https:\\\/\\\/eranovum.energy\\\/es\\\/promocion-club-internacional-tenis-majadahonda\\\/#primaryimage\"},\"image\":{\"@id\":\"https:\\\/\\\/eranovum.energy\\\/es\\\/promocion-club-internacional-tenis-majadahonda\\\/#primaryimage\"},\"thumbnailUrl\":\"https:\\\/\\\/eranovum.energy\\\/wp-content\\\/uploads\\\/2025\\\/02\\\/CIT-Majadahonda-Logo.svg\",\"datePublished\":\"2025-02-14T11:14:56+00:00\",\"dateModified\":\"2025-05-23T08:19:03+00:00\",\"breadcrumb\":{\"@id\":\"https:\\\/\\\/eranovum.energy\\\/es\\\/promocion-club-internacional-tenis-majadahonda\\\/#breadcrumb\"},\"inLanguage\":\"es\",\"potentialAction\":[{\"@type\":\"ReadAction\",\"target\":[\"https:\\\/\\\/eranovum.energy\\\/es\\\/promocion-club-internacional-tenis-majadahonda\\\/\"]}]},{\"@type\":\"ImageObject\",\"inLanguage\":\"es\",\"@id\":\"https:\\\/\\\/eranovum.energy\\\/es\\\/promocion-club-internacional-tenis-majadahonda\\\/#primaryimage\",\"url\":\"https:\\\/\\\/eranovum.energy\\\/wp-content\\\/uploads\\\/2025\\\/02\\\/CIT-Majadahonda-Logo.svg\",\"contentUrl\":\"https:\\\/\\\/eranovum.energy\\\/wp-content\\\/uploads\\\/2025\\\/02\\\/CIT-Majadahonda-Logo.svg\"},{\"@type\":\"BreadcrumbList\",\"@id\":\"https:\\\/\\\/eranovum.energy\\\/es\\\/promocion-club-internacional-tenis-majadahonda\\\/#breadcrumb\",\"itemListElement\":[{\"@type\":\"ListItem\",\"position\":1,\"name\":\"Home\",\"item\":\"https:\\\/\\\/eranovum.energy\\\/es\\\/\"},{\"@type\":\"ListItem\",\"position\":2,\"name\":\"Promoci\u00f3n Club Internacional Tenis Majadahonda\"}]},{\"@type\":\"WebSite\",\"@id\":\"https:\\\/\\\/eranovum.energy\\\/es\\\/#website\",\"url\":\"https:\\\/\\\/eranovum.energy\\\/es\\\/\",\"name\":\"Eranovum\",\"description\":\"Leading the new era of energy\",\"publisher\":{\"@id\":\"https:\\\/\\\/eranovum.energy\\\/es\\\/#organization\"},\"potentialAction\":[{\"@type\":\"SearchAction\",\"target\":{\"@type\":\"EntryPoint\",\"urlTemplate\":\"https:\\\/\\\/eranovum.energy\\\/es\\\/?s={search_term_string}\"},\"query-input\":{\"@type\":\"PropertyValueSpecification\",\"valueRequired\":true,\"valueName\":\"search_term_string\"}}],\"inLanguage\":\"es\"},{\"@type\":\"Organization\",\"@id\":\"https:\\\/\\\/eranovum.energy\\\/es\\\/#organization\",\"name\":\"Eranovum\",\"url\":\"https:\\\/\\\/eranovum.energy\\\/es\\\/\",\"logo\":{\"@type\":\"ImageObject\",\"inLanguage\":\"es\",\"@id\":\"https:\\\/\\\/eranovum.energy\\\/es\\\/#\\\/schema\\\/logo\\\/image\\\/\",\"url\":\"https:\\\/\\\/eranovum.energy\\\/wp-content\\\/uploads\\\/2022\\\/04\\\/cropped-eranovum-logo-web.png\",\"contentUrl\":\"https:\\\/\\\/eranovum.energy\\\/wp-content\\\/uploads\\\/2022\\\/04\\\/cropped-eranovum-logo-web.png\",\"width\":351,\"height\":41,\"caption\":\"Eranovum\"},\"image\":{\"@id\":\"https:\\\/\\\/eranovum.energy\\\/es\\\/#\\\/schema\\\/logo\\\/image\\\/\"}}]}<\/script>\n<!-- \/ Yoast SEO plugin. -->","yoast_head_json":{"title":"Promoci\u00f3n Club Internacional Tenis Majadahonda - Eranovum","robots":{"index":"noindex","follow":"follow"},"og_locale":"es_ES","og_type":"article","og_title":"10% de descuento en tus recargas","og_description":"Promoci\u00f3n especial de descuento en tus recargas. M\u00e1s de 900 puntos de recarga operativos en Espa\u00f1a, Francia y B\u00e9lgica.","og_url":"https:\/\/eranovum.energy\/es\/promocion-club-internacional-tenis-majadahonda\/","og_site_name":"Eranovum","article_modified_time":"2025-05-23T08:19:03+00:00","og_image":[{"width":400,"height":267,"url":"https:\/\/eranovum.energy\/wp-content\/uploads\/2025\/02\/Eranovum-IMG-Share-FTCV.jpg","type":"image\/jpeg"}],"twitter_card":"summary_large_image","twitter_title":"10% de descuento en tus recargas","twitter_description":"Promoci\u00f3n especial de descuento en tus recargas. M\u00e1s de 900 puntos de recarga operativos en Espa\u00f1a, Francia y B\u00e9lgica.","twitter_image":"https:\/\/eranovum.energy\/wp-content\/uploads\/2025\/02\/Eranovum-IMG-Share-FTCV.jpg","twitter_misc":{"Tiempo de lectura":"1 minuto"},"schema":{"@context":"https:\/\/schema.org","@graph":[{"@type":"WebPage","@id":"https:\/\/eranovum.energy\/es\/promocion-club-internacional-tenis-majadahonda\/","url":"https:\/\/eranovum.energy\/es\/promocion-club-internacional-tenis-majadahonda\/","name":"Promoci\u00f3n Club Internacional Tenis Majadahonda - Eranovum","isPartOf":{"@id":"https:\/\/eranovum.energy\/es\/#website"},"primaryImageOfPage":{"@id":"https:\/\/eranovum.energy\/es\/promocion-club-internacional-tenis-majadahonda\/#primaryimage"},"image":{"@id":"https:\/\/eranovum.energy\/es\/promocion-club-internacional-tenis-majadahonda\/#primaryimage"},"thumbnailUrl":"https:\/\/eranovum.energy\/wp-content\/uploads\/2025\/02\/CIT-Majadahonda-Logo.svg","datePublished":"2025-02-14T11:14:56+00:00","dateModified":"2025-05-23T08:19:03+00:00","breadcrumb":{"@id":"https:\/\/eranovum.energy\/es\/promocion-club-internacional-tenis-majadahonda\/#breadcrumb"},"inLanguage":"es","potentialAction":[{"@type":"ReadAction","target":["https:\/\/eranovum.energy\/es\/promocion-club-internacional-tenis-majadahonda\/"]}]},{"@type":"ImageObject","inLanguage":"es","@id":"https:\/\/eranovum.energy\/es\/promocion-club-internacional-tenis-majadahonda\/#primaryimage","url":"https:\/\/eranovum.energy\/wp-content\/uploads\/2025\/02\/CIT-Majadahonda-Logo.svg","contentUrl":"https:\/\/eranovum.energy\/wp-content\/uploads\/2025\/02\/CIT-Majadahonda-Logo.svg"},{"@type":"BreadcrumbList","@id":"https:\/\/eranovum.energy\/es\/promocion-club-internacional-tenis-majadahonda\/#breadcrumb","itemListElement":[{"@type":"ListItem","position":1,"name":"Home","item":"https:\/\/eranovum.energy\/es\/"},{"@type":"ListItem","position":2,"name":"Promoci\u00f3n Club Internacional Tenis Majadahonda"}]},{"@type":"WebSite","@id":"https:\/\/eranovum.energy\/es\/#website","url":"https:\/\/eranovum.energy\/es\/","name":"Eranovum","description":"Leading the new era of energy","publisher":{"@id":"https:\/\/eranovum.energy\/es\/#organization"},"potentialAction":[{"@type":"SearchAction","target":{"@type":"EntryPoint","urlTemplate":"https:\/\/eranovum.energy\/es\/?s={search_term_string}"},"query-input":{"@type":"PropertyValueSpecification","valueRequired":true,"valueName":"search_term_string"}}],"inLanguage":"es"},{"@type":"Organization","@id":"https:\/\/eranovum.energy\/es\/#organization","name":"Eranovum","url":"https:\/\/eranovum.energy\/es\/","logo":{"@type":"ImageObject","inLanguage":"es","@id":"https:\/\/eranovum.energy\/es\/#\/schema\/logo\/image\/","url":"https:\/\/eranovum.energy\/wp-content\/uploads\/2022\/04\/cropped-eranovum-logo-web.png","contentUrl":"https:\/\/eranovum.energy\/wp-content\/uploads\/2022\/04\/cropped-eranovum-logo-web.png","width":351,"height":41,"caption":"Eranovum"},"image":{"@id":"https:\/\/eranovum.energy\/es\/#\/schema\/logo\/image\/"}}]}},"acf":[],"_links":{"self":[{"href":"https:\/\/eranovum.energy\/es\/wp-json\/wp\/v2\/pages\/16079","targetHints":{"allow":["GET"]}}],"collection":[{"href":"https:\/\/eranovum.energy\/es\/wp-json\/wp\/v2\/pages"}],"about":[{"href":"https:\/\/eranovum.energy\/es\/wp-json\/wp\/v2\/types\/page"}],"author":[{"embeddable":true,"href":"https:\/\/eranovum.energy\/es\/wp-json\/wp\/v2\/users\/1"}],"replies":[{"embeddable":true,"href":"https:\/\/eranovum.energy\/es\/wp-json\/wp\/v2\/comments?post=16079"}],"version-history":[{"count":0,"href":"https:\/\/eranovum.energy\/es\/wp-json\/wp\/v2\/pages\/16079\/revisions"}],"wp:attachment":[{"href":"https:\/\/eranovum.energy\/es\/wp-json\/wp\/v2\/media?parent=16079"}],"curies":[{"name":"wp","href":"https:\/\/api.w.org\/{rel}","templated":true}]}}