{"id":14803,"date":"2024-11-25T11:08:06","date_gmt":"2024-11-25T10:08:06","guid":{"rendered":"https:\/\/eranovum.energy\/?page_id=14803"},"modified":"2025-05-23T09:20:06","modified_gmt":"2025-05-23T08:20:06","slug":"promocion-san-cugat-business-park","status":"publish","type":"page","link":"https:\/\/eranovum.energy\/es\/promocion-san-cugat-business-park\/","title":{"rendered":"Promoci\u00f3n San Cugat Business Park"},"content":{"rendered":"\t\t<div data-elementor-type=\"wp-page\" data-elementor-id=\"14803\" class=\"elementor elementor-14803\">\n\t\t\t\t<div class=\"e-con-with-custom-width elementor-element elementor-element-7f17c8c e-flex e-con-boxed sc_layouts_column_icons_position_left e-con e-parent\" data-id=\"7f17c8c\" data-element_type=\"container\" data-e-type=\"container\" data-settings=\"{&quot;background_background&quot;:&quot;classic&quot;}\">\n\t\t\t\t\t<div class=\"e-con-inner\">\n\t\t<div data-animation-type=\"block\" class=\"elementor-element elementor-element-e239c4a e-con-full e-flex sc_layouts_column_icons_position_left sc_gradient_animation_none animation_type_block elementor-invisible e-con e-child\" data-id=\"e239c4a\" data-element_type=\"container\" data-e-type=\"container\" data-settings=\"{&quot;background_background&quot;:&quot;gradient&quot;,&quot;animation&quot;:&quot;qwery-fadeinup&quot;}\">\n\t\t\t\t<div class=\"elementor-element elementor-element-c000386 sc_fly_static elementor-widget elementor-widget-image\" data-id=\"c000386\" data-element_type=\"widget\" data-e-type=\"widget\" data-widget_type=\"image.default\">\n\t\t\t\t<div class=\"elementor-widget-container\">\n\t\t\t\t\t\t\t\t\t\t\t\t\t\t\t<img decoding=\"async\" width=\"144\" height=\"130\" src=\"https:\/\/eranovum.energy\/wp-content\/uploads\/2024\/11\/arroba-sant-cugat-logo-verd_no_arroba.png\" class=\"attachment-large size-large wp-image-14805\" alt=\"\" \/>\t\t\t\t\t\t\t\t\t\t\t\t\t\t\t<\/div>\n\t\t\t\t<\/div>\n\t\t\t\t<div class=\"elementor-element elementor-element-f328b1a sc_fly_static elementor-widget elementor-widget-heading\" data-id=\"f328b1a\" data-element_type=\"widget\" data-e-type=\"widget\" data-widget_type=\"heading.default\">\n\t\t\t\t<div class=\"elementor-widget-container\">\n\t\t\t\t\t<h1 class=\"elementor-heading-title elementor-size-default\">Promoci\u00f3n especial para socios<\/h1>\t\t\t\t<\/div>\n\t\t\t\t<\/div>\n\t\t\t\t<\/div>\n\t\t<div data-animation-type=\"block\" class=\"elementor-element elementor-element-29ac463 e-con-full e-flex sc_layouts_column_icons_position_left animation_type_block elementor-invisible e-con e-child\" data-id=\"29ac463\" data-element_type=\"container\" data-e-type=\"container\" data-settings=\"{&quot;background_background&quot;:&quot;classic&quot;,&quot;animation&quot;:&quot;qwery-fadeinup&quot;}\">\n\t\t\t\t<div class=\"elementor-element elementor-element-3d2fefc sc_fly_static elementor-widget elementor-widget-heading\" data-id=\"3d2fefc\" data-element_type=\"widget\" data-e-type=\"widget\" data-widget_type=\"heading.default\">\n\t\t\t\t<div class=\"elementor-widget-container\">\n\t\t\t\t\t<h2 class=\"elementor-heading-title elementor-size-default\">Esta promoci\u00f3n ha finalizado.<\/h2>\t\t\t\t<\/div>\n\t\t\t\t<\/div>\n\t\t\t\t<div class=\"elementor-element elementor-element-606f98e sc_fly_static elementor-widget elementor-widget-spacer\" data-id=\"606f98e\" data-element_type=\"widget\" data-e-type=\"widget\" data-widget_type=\"spacer.default\">\n\t\t\t\t<div class=\"elementor-widget-container\">\n\t\t\t\t\t\t\t<div class=\"elementor-spacer\">\n\t\t\t<div class=\"elementor-spacer-inner\"><\/div>\n\t\t<\/div>\n\t\t\t\t\t\t<\/div>\n\t\t\t\t<\/div>\n\t\t\t\t<div data-animation-type=\"block\" class=\"elementor-element elementor-element-ed07836 animated-slow elementor-align-center animation_type_block sc_fly_static elementor-invisible elementor-widget elementor-widget-button\" data-id=\"ed07836\" data-element_type=\"widget\" data-e-type=\"widget\" data-settings=\"{&quot;_animation&quot;:&quot;qwery-fadeinup&quot;}\" data-widget_type=\"button.default\">\n\t\t\t\t<div class=\"elementor-widget-container\">\n\t\t\t\t\t\t\t\t\t<div class=\"elementor-button-wrapper\">\n\t\t\t\t\t<a class=\"elementor-button elementor-button-link elementor-size-sm\" href=\"https:\/\/eranovum.energy\/es\/\">\n\t\t\t\t\t\t<span class=\"elementor-button-content-wrapper\">\n\t\t\t\t\t\t<span class=\"elementor-button-icon\">\n\t\t\t\t<i aria-hidden=\"true\" class=\"fas fa-angle-right\"><\/i>\t\t\t<\/span>\n\t\t\t\t\t\t\t\t\t<span class=\"elementor-button-text\">Ir a la Home<\/span>\n\t\t\t\t\t<\/span>\n\t\t\t\t\t<\/a>\n\t\t\t\t<\/div>\n\t\t\t\t\t\t\t\t<\/div>\n\t\t\t\t<\/div>\n\t\t\t\t<\/div>\n\t\t\t\t\t<\/div>\n\t\t\t\t<\/div>\n\t\t\t\t<\/div>\n\t\t","protected":false},"excerpt":{"rendered":"<p>Promoci\u00f3n especial para socios Esta promoci\u00f3n ha finalizado. Ir a la Home<\/p>\n","protected":false},"author":1,"featured_media":0,"parent":0,"menu_order":0,"comment_status":"closed","ping_status":"closed","template":"","meta":{"_stopmodifiedupdate":false,"_modified_date":"","_acf_changed":false,"footnotes":""},"class_list":["post-14803","page","type-page","status-publish","hentry"],"yoast_head":"<!-- This site is optimized with the Yoast SEO plugin v27.4 - https:\/\/yoast.com\/product\/yoast-seo-wordpress\/ -->\n<title>Promoci\u00f3n San Cugat Business Park - Eranovum<\/title>\n<meta name=\"robots\" content=\"noindex, follow\" \/>\n<meta property=\"og:locale\" content=\"es_ES\" \/>\n<meta property=\"og:type\" content=\"article\" \/>\n<meta property=\"og:title\" content=\"5% de descuento en tus recargas\" \/>\n<meta property=\"og:description\" content=\"Promoci\u00f3n especial de descuento en tus recargas. M\u00e1s de 800 puntos de recarga operativos en Espa\u00f1a, Francia y B\u00e9lgica.\" \/>\n<meta property=\"og:url\" content=\"https:\/\/eranovum.energy\/es\/promocion-san-cugat-business-park\/\" \/>\n<meta property=\"og:site_name\" content=\"Eranovum\" \/>\n<meta property=\"article:modified_time\" content=\"2025-05-23T08:20:06+00:00\" \/>\n<meta property=\"og:image\" content=\"https:\/\/eranovum.energy\/wp-content\/uploads\/2024\/11\/Eranovum-Promocion-AEDIVE.jpg\" \/>\n\t<meta property=\"og:image:width\" content=\"400\" \/>\n\t<meta property=\"og:image:height\" content=\"267\" \/>\n\t<meta property=\"og:image:type\" content=\"image\/jpeg\" \/>\n<meta name=\"twitter:card\" content=\"summary_large_image\" \/>\n<meta name=\"twitter:title\" content=\"5% de descuento en tus recargas\" \/>\n<meta name=\"twitter:description\" content=\"Promoci\u00f3n especial de descuento en tus recargas. M\u00e1s de 800 puntos de recarga operativos en Espa\u00f1a, Francia y B\u00e9lgica.\" \/>\n<meta name=\"twitter:image\" content=\"https:\/\/eranovum.energy\/wp-content\/uploads\/2024\/11\/Eranovum-Promocion-AEDIVE.jpg\" \/>\n<meta name=\"twitter:label1\" content=\"Tiempo de lectura\" \/>\n\t<meta name=\"twitter:data1\" content=\"1 minuto\" \/>\n<script type=\"application\/ld+json\" class=\"yoast-schema-graph\">{\"@context\":\"https:\\\/\\\/schema.org\",\"@graph\":[{\"@type\":\"WebPage\",\"@id\":\"https:\\\/\\\/eranovum.energy\\\/es\\\/promocion-san-cugat-business-park\\\/\",\"url\":\"https:\\\/\\\/eranovum.energy\\\/es\\\/promocion-san-cugat-business-park\\\/\",\"name\":\"Promoci\u00f3n San Cugat Business Park - Eranovum\",\"isPartOf\":{\"@id\":\"https:\\\/\\\/eranovum.energy\\\/es\\\/#website\"},\"primaryImageOfPage\":{\"@id\":\"https:\\\/\\\/eranovum.energy\\\/es\\\/promocion-san-cugat-business-park\\\/#primaryimage\"},\"image\":{\"@id\":\"https:\\\/\\\/eranovum.energy\\\/es\\\/promocion-san-cugat-business-park\\\/#primaryimage\"},\"thumbnailUrl\":\"https:\\\/\\\/eranovum.energy\\\/wp-content\\\/uploads\\\/2024\\\/11\\\/arroba-sant-cugat-logo-verd_no_arroba.png\",\"datePublished\":\"2024-11-25T10:08:06+00:00\",\"dateModified\":\"2025-05-23T08:20:06+00:00\",\"breadcrumb\":{\"@id\":\"https:\\\/\\\/eranovum.energy\\\/es\\\/promocion-san-cugat-business-park\\\/#breadcrumb\"},\"inLanguage\":\"es\",\"potentialAction\":[{\"@type\":\"ReadAction\",\"target\":[\"https:\\\/\\\/eranovum.energy\\\/es\\\/promocion-san-cugat-business-park\\\/\"]}]},{\"@type\":\"ImageObject\",\"inLanguage\":\"es\",\"@id\":\"https:\\\/\\\/eranovum.energy\\\/es\\\/promocion-san-cugat-business-park\\\/#primaryimage\",\"url\":\"https:\\\/\\\/eranovum.energy\\\/wp-content\\\/uploads\\\/2024\\\/11\\\/arroba-sant-cugat-logo-verd_no_arroba.png\",\"contentUrl\":\"https:\\\/\\\/eranovum.energy\\\/wp-content\\\/uploads\\\/2024\\\/11\\\/arroba-sant-cugat-logo-verd_no_arroba.png\"},{\"@type\":\"BreadcrumbList\",\"@id\":\"https:\\\/\\\/eranovum.energy\\\/es\\\/promocion-san-cugat-business-park\\\/#breadcrumb\",\"itemListElement\":[{\"@type\":\"ListItem\",\"position\":1,\"name\":\"Home\",\"item\":\"https:\\\/\\\/eranovum.energy\\\/es\\\/\"},{\"@type\":\"ListItem\",\"position\":2,\"name\":\"Promoci\u00f3n San Cugat Business Park\"}]},{\"@type\":\"WebSite\",\"@id\":\"https:\\\/\\\/eranovum.energy\\\/es\\\/#website\",\"url\":\"https:\\\/\\\/eranovum.energy\\\/es\\\/\",\"name\":\"Eranovum\",\"description\":\"Leading the new era of energy\",\"publisher\":{\"@id\":\"https:\\\/\\\/eranovum.energy\\\/es\\\/#organization\"},\"potentialAction\":[{\"@type\":\"SearchAction\",\"target\":{\"@type\":\"EntryPoint\",\"urlTemplate\":\"https:\\\/\\\/eranovum.energy\\\/es\\\/?s={search_term_string}\"},\"query-input\":{\"@type\":\"PropertyValueSpecification\",\"valueRequired\":true,\"valueName\":\"search_term_string\"}}],\"inLanguage\":\"es\"},{\"@type\":\"Organization\",\"@id\":\"https:\\\/\\\/eranovum.energy\\\/es\\\/#organization\",\"name\":\"Eranovum\",\"url\":\"https:\\\/\\\/eranovum.energy\\\/es\\\/\",\"logo\":{\"@type\":\"ImageObject\",\"inLanguage\":\"es\",\"@id\":\"https:\\\/\\\/eranovum.energy\\\/es\\\/#\\\/schema\\\/logo\\\/image\\\/\",\"url\":\"https:\\\/\\\/eranovum.energy\\\/wp-content\\\/uploads\\\/2022\\\/04\\\/cropped-eranovum-logo-web.png\",\"contentUrl\":\"https:\\\/\\\/eranovum.energy\\\/wp-content\\\/uploads\\\/2022\\\/04\\\/cropped-eranovum-logo-web.png\",\"width\":351,\"height\":41,\"caption\":\"Eranovum\"},\"image\":{\"@id\":\"https:\\\/\\\/eranovum.energy\\\/es\\\/#\\\/schema\\\/logo\\\/image\\\/\"}}]}<\/script>\n<!-- \/ Yoast SEO plugin. -->","yoast_head_json":{"title":"Promoci\u00f3n San Cugat Business Park - Eranovum","robots":{"index":"noindex","follow":"follow"},"og_locale":"es_ES","og_type":"article","og_title":"5% de descuento en tus recargas","og_description":"Promoci\u00f3n especial de descuento en tus recargas. M\u00e1s de 800 puntos de recarga operativos en Espa\u00f1a, Francia y B\u00e9lgica.","og_url":"https:\/\/eranovum.energy\/es\/promocion-san-cugat-business-park\/","og_site_name":"Eranovum","article_modified_time":"2025-05-23T08:20:06+00:00","og_image":[{"width":400,"height":267,"url":"https:\/\/eranovum.energy\/wp-content\/uploads\/2024\/11\/Eranovum-Promocion-AEDIVE.jpg","type":"image\/jpeg"}],"twitter_card":"summary_large_image","twitter_title":"5% de descuento en tus recargas","twitter_description":"Promoci\u00f3n especial de descuento en tus recargas. M\u00e1s de 800 puntos de recarga operativos en Espa\u00f1a, Francia y B\u00e9lgica.","twitter_image":"https:\/\/eranovum.energy\/wp-content\/uploads\/2024\/11\/Eranovum-Promocion-AEDIVE.jpg","twitter_misc":{"Tiempo de lectura":"1 minuto"},"schema":{"@context":"https:\/\/schema.org","@graph":[{"@type":"WebPage","@id":"https:\/\/eranovum.energy\/es\/promocion-san-cugat-business-park\/","url":"https:\/\/eranovum.energy\/es\/promocion-san-cugat-business-park\/","name":"Promoci\u00f3n San Cugat Business Park - Eranovum","isPartOf":{"@id":"https:\/\/eranovum.energy\/es\/#website"},"primaryImageOfPage":{"@id":"https:\/\/eranovum.energy\/es\/promocion-san-cugat-business-park\/#primaryimage"},"image":{"@id":"https:\/\/eranovum.energy\/es\/promocion-san-cugat-business-park\/#primaryimage"},"thumbnailUrl":"https:\/\/eranovum.energy\/wp-content\/uploads\/2024\/11\/arroba-sant-cugat-logo-verd_no_arroba.png","datePublished":"2024-11-25T10:08:06+00:00","dateModified":"2025-05-23T08:20:06+00:00","breadcrumb":{"@id":"https:\/\/eranovum.energy\/es\/promocion-san-cugat-business-park\/#breadcrumb"},"inLanguage":"es","potentialAction":[{"@type":"ReadAction","target":["https:\/\/eranovum.energy\/es\/promocion-san-cugat-business-park\/"]}]},{"@type":"ImageObject","inLanguage":"es","@id":"https:\/\/eranovum.energy\/es\/promocion-san-cugat-business-park\/#primaryimage","url":"https:\/\/eranovum.energy\/wp-content\/uploads\/2024\/11\/arroba-sant-cugat-logo-verd_no_arroba.png","contentUrl":"https:\/\/eranovum.energy\/wp-content\/uploads\/2024\/11\/arroba-sant-cugat-logo-verd_no_arroba.png"},{"@type":"BreadcrumbList","@id":"https:\/\/eranovum.energy\/es\/promocion-san-cugat-business-park\/#breadcrumb","itemListElement":[{"@type":"ListItem","position":1,"name":"Home","item":"https:\/\/eranovum.energy\/es\/"},{"@type":"ListItem","position":2,"name":"Promoci\u00f3n San Cugat Business Park"}]},{"@type":"WebSite","@id":"https:\/\/eranovum.energy\/es\/#website","url":"https:\/\/eranovum.energy\/es\/","name":"Eranovum","description":"Leading the new era of energy","publisher":{"@id":"https:\/\/eranovum.energy\/es\/#organization"},"potentialAction":[{"@type":"SearchAction","target":{"@type":"EntryPoint","urlTemplate":"https:\/\/eranovum.energy\/es\/?s={search_term_string}"},"query-input":{"@type":"PropertyValueSpecification","valueRequired":true,"valueName":"search_term_string"}}],"inLanguage":"es"},{"@type":"Organization","@id":"https:\/\/eranovum.energy\/es\/#organization","name":"Eranovum","url":"https:\/\/eranovum.energy\/es\/","logo":{"@type":"ImageObject","inLanguage":"es","@id":"https:\/\/eranovum.energy\/es\/#\/schema\/logo\/image\/","url":"https:\/\/eranovum.energy\/wp-content\/uploads\/2022\/04\/cropped-eranovum-logo-web.png","contentUrl":"https:\/\/eranovum.energy\/wp-content\/uploads\/2022\/04\/cropped-eranovum-logo-web.png","width":351,"height":41,"caption":"Eranovum"},"image":{"@id":"https:\/\/eranovum.energy\/es\/#\/schema\/logo\/image\/"}}]}},"acf":[],"_links":{"self":[{"href":"https:\/\/eranovum.energy\/es\/wp-json\/wp\/v2\/pages\/14803","targetHints":{"allow":["GET"]}}],"collection":[{"href":"https:\/\/eranovum.energy\/es\/wp-json\/wp\/v2\/pages"}],"about":[{"href":"https:\/\/eranovum.energy\/es\/wp-json\/wp\/v2\/types\/page"}],"author":[{"embeddable":true,"href":"https:\/\/eranovum.energy\/es\/wp-json\/wp\/v2\/users\/1"}],"replies":[{"embeddable":true,"href":"https:\/\/eranovum.energy\/es\/wp-json\/wp\/v2\/comments?post=14803"}],"version-history":[{"count":0,"href":"https:\/\/eranovum.energy\/es\/wp-json\/wp\/v2\/pages\/14803\/revisions"}],"wp:attachment":[{"href":"https:\/\/eranovum.energy\/es\/wp-json\/wp\/v2\/media?parent=14803"}],"curies":[{"name":"wp","href":"https:\/\/api.w.org\/{rel}","templated":true}]}}