{"id":1117,"date":"2022-04-18T10:47:24","date_gmt":"2022-04-18T10:47:24","guid":{"rendered":"https:\/\/eranovum.energy\/?page_id=1117"},"modified":"2024-04-01T11:54:33","modified_gmt":"2024-04-01T10:54:33","slug":"cookie-policy","status":"publish","type":"page","link":"https:\/\/eranovum.energy\/en\/cookie-policy\/","title":{"rendered":"Cookie Policy"},"content":{"rendered":"\t\t<div data-elementor-type=\"wp-page\" data-elementor-id=\"1117\" class=\"elementor elementor-1117\">\n\t\t\t\t\t\t<section data-animation-type=\"block\" class=\"elementor-section elementor-top-section elementor-element elementor-element-763ebb9c elementor-section-boxed elementor-section-height-default elementor-section-height-default animation_type_block sc_fly_static elementor-invisible\" data-id=\"763ebb9c\" data-element_type=\"section\" data-e-type=\"section\" data-settings=\"{&quot;background_background&quot;:&quot;classic&quot;,&quot;animation&quot;:&quot;qwery-fadein&quot;}\">\n\t\t\t\t\t\t\t<div class=\"elementor-background-overlay\"><\/div>\n\t\t\t\t\t\t\t<div class=\"elementor-container elementor-column-gap-extended\">\n\t\t\t\t\t<div class=\"elementor-column elementor-col-100 elementor-top-column elementor-element elementor-element-1c759af2 sc_content_align_inherit sc_layouts_column_icons_position_left sc_fly_static\" data-id=\"1c759af2\" data-element_type=\"column\" data-e-type=\"column\">\n\t\t\t<div class=\"elementor-widget-wrap elementor-element-populated\">\n\t\t\t\t\t\t<div class=\"elementor-element elementor-element-473cb1b7 sc_fly_static elementor-widget elementor-widget-spacer\" data-id=\"473cb1b7\" data-element_type=\"widget\" data-e-type=\"widget\" data-widget_type=\"spacer.default\">\n\t\t\t\t<div class=\"elementor-widget-container\">\n\t\t\t\t\t\t\t<div class=\"elementor-spacer\">\n\t\t\t<div class=\"elementor-spacer-inner\"><\/div>\n\t\t<\/div>\n\t\t\t\t\t\t<\/div>\n\t\t\t\t<\/div>\n\t\t\t\t<div class=\"elementor-element elementor-element-13d99fef sc_fly_static elementor-widget elementor-widget-heading\" data-id=\"13d99fef\" data-element_type=\"widget\" data-e-type=\"widget\" data-widget_type=\"heading.default\">\n\t\t\t\t<div class=\"elementor-widget-container\">\n\t\t\t\t\t<h1 class=\"elementor-heading-title elementor-size-default\">Cookie Policy<\/h1>\t\t\t\t<\/div>\n\t\t\t\t<\/div>\n\t\t\t\t<div class=\"elementor-element elementor-element-5251766 sc_fly_static elementor-widget elementor-widget-spacer\" data-id=\"5251766\" data-element_type=\"widget\" data-e-type=\"widget\" data-widget_type=\"spacer.default\">\n\t\t\t\t<div class=\"elementor-widget-container\">\n\t\t\t\t\t\t\t<div class=\"elementor-spacer\">\n\t\t\t<div class=\"elementor-spacer-inner\"><\/div>\n\t\t<\/div>\n\t\t\t\t\t\t<\/div>\n\t\t\t\t<\/div>\n\t\t\t\t<div class=\"elementor-element elementor-element-92f0af8 sc_fly_static elementor-widget elementor-widget-spacer\" data-id=\"92f0af8\" data-element_type=\"widget\" data-e-type=\"widget\" data-widget_type=\"spacer.default\">\n\t\t\t\t<div class=\"elementor-widget-container\">\n\t\t\t\t\t\t\t<div class=\"elementor-spacer\">\n\t\t\t<div class=\"elementor-spacer-inner\"><\/div>\n\t\t<\/div>\n\t\t\t\t\t\t<\/div>\n\t\t\t\t<\/div>\n\t\t\t\t\t<\/div>\n\t\t<\/div>\n\t\t\t\t\t<\/div>\n\t\t<\/section>\n\t\t\t\t<section class=\"elementor-section-with-custom-width elementor-section elementor-top-section elementor-element elementor-element-61d79958 elementor-section-boxed elementor-section-height-default elementor-section-height-default sc_fly_static\" data-id=\"61d79958\" data-element_type=\"section\" data-e-type=\"section\">\n\t\t\t\t\t\t<div class=\"elementor-container elementor-column-gap-extended\">\n\t\t\t\t\t<div class=\"elementor-column elementor-col-100 elementor-top-column elementor-element elementor-element-2c496e9e sc_content_align_inherit sc_layouts_column_icons_position_left sc_fly_static\" data-id=\"2c496e9e\" data-element_type=\"column\" data-e-type=\"column\">\n\t\t\t<div class=\"elementor-widget-wrap elementor-element-populated\">\n\t\t\t\t\t\t<div class=\"elementor-element elementor-element-6c742a4 sc_fly_static elementor-widget elementor-widget-spacer\" data-id=\"6c742a4\" data-element_type=\"widget\" data-e-type=\"widget\" data-widget_type=\"spacer.default\">\n\t\t\t\t<div class=\"elementor-widget-container\">\n\t\t\t\t\t\t\t<div class=\"elementor-spacer\">\n\t\t\t<div class=\"elementor-spacer-inner\"><\/div>\n\t\t<\/div>\n\t\t\t\t\t\t<\/div>\n\t\t\t\t<\/div>\n\t\t\t\t<div class=\"elementor-element elementor-element-67ec268f sc_fly_static elementor-widget elementor-widget-text-editor\" data-id=\"67ec268f\" data-element_type=\"widget\" data-e-type=\"widget\" data-widget_type=\"text-editor.default\">\n\t\t\t\t<div class=\"elementor-widget-container\">\n\t\t\t\t\t\t\t\t\t<p><b>a. \u00bfQu\u00e9 son las cookies?<\/b><\/p><p><a name=\"_Hlk536689215\"><\/a>Las cookies son peque\u00f1os archivos o dispositivos de uso generalizado, que se instalan en el navegador del usuario, con la finalidad de almacenar, recuperar o actualizar datos. Permiten al responsable de un sitio web conocer las preferencias de los usuarios al navegar por su sitio web y personalizar los servicios ofrecidos, en base a esas preferencias.\u00a0<\/p><p><b>b. \u00bfQu\u00e9 tipos de cookies existen?<\/b><\/p><p>En funci\u00f3n de su finalidad, las cookies pueden ser:<\/p><ol><li value=\"1\">Cookies t\u00e9cnicas: son necesarias para la navegaci\u00f3n. Sin ellas la p\u00e1gina no funcionar\u00eda adecuadamente (cookies del \u201centrada del usuario\u201d, de sesi\u00f3n del reproductor multimedia,\u2026).<\/li><li>Cookies de personalizaci\u00f3n o configuraci\u00f3n: permiten que la p\u00e1gina reconozca el idioma del usuario, el tama\u00f1o de letra,\u2026<\/li><li>Cookies de seguridad: impiden o dificultan ataques contra el sitio web o a sus usuarios.<\/li><li>Cookies de an\u00e1lisis:\u00a0permiten medir la actividad de los usuarios y elaborar estad\u00edsticas de navegaci\u00f3n.<\/li><li>Cookies publicitarias: gestionan la frecuencia y el contenido de los anuncios.<\/li><li>Cookies de publicidad comportamental: almacenan informaci\u00f3n sobre los usuarios para mostrarles publicidad personalizada.<\/li><\/ol><p><b>c. \u00bfQu\u00e9 cookies utilizamos?<\/b><\/p><p>En Eranovum \u00fanicamente utilizamos cookies propias, con los siguientes fines:<\/p><ol><li><ol><li>Cookies t\u00e9cnicas temporales, propias de sesi\u00f3n, que nos permiten asegurar que nuestro sitio web funcionan correctamente y poder navegar entre la paginas web del site. Una vez abandona la web, estas cookies son borradas del navegador. La eliminaci\u00f3n de estas cookies podr\u00e1 suponer el mal funcionamiento de la web o la imposibilidad de acceder a partes de las mismas.<\/li><li>Cookies estad\u00edsticas de Google Analytics para analizar el tr\u00e1fico de usuarios. Algunos de los datos recogidos son el n\u00famero de visitas recibidas, el origen de las visitas, las palabras clave utilizadas para encontrar el sitio o las horas de mayor afluencia de visitantes. Puedes obtener m\u00e1s informaci\u00f3n sobre la pol\u00edtica de privacidad de Google Analytics visitando\u00a0<a href=\"https:\/\/support.google.com\/analytics\/answer\/6004245?hl=es\">este enlace<\/a>.<\/li><\/ol><\/li><\/ol><p>A continuaci\u00f3n, se incluye un detalle de las cookies de publicidad o anal\u00edticas usadas en nuestra web:<\/p><p>\u00a0<\/p><table><tbody><tr><td>\u00a0<\/td><td>Tipo<\/td><td>Origen<\/td><td>Finalidad<\/td><td>Duraci\u00f3n<\/td><\/tr><tr><td>Google analytics<\/td><td>anal\u00edtica<\/td><td>Google<\/td><td>Google anallyticshttps:\/\/support.google.com\/analytics\/answer\/6004245?hl=es<\/td><td>365 d\u00edas<\/td><\/tr><tr><td>Cookie_notice_accepted<\/td><td>De personalizaci\u00f3n<\/td><td>Propia<\/td><td>Validar la aceptaci\u00f3n de la pol\u00edtica de cookies para no mostrarla en pr\u00f3ximas visitas<\/td><td>6 meses<\/td><\/tr><tr><td>cookielawinfo-checkbox-advertisement<\/td><td>De personalizaci\u00f3n<\/td><td>GDPR Cookie Consent<\/td><td>Utilizada por GDPR Cookie Consent para guardar el consentimiento de cookies de la categor\u00eda \u201cAdvertisement\u201d<\/td><td>11 meses<\/td><\/tr><tr><td>cookielawinfo-checkbox-analytics<\/td><td>De personalizaci\u00f3n<\/td><td>GDPR Cookie Consent<\/td><td>Utilizada por GDPR Cookie Consent para guardar el consentimiento de cookies de la categor\u00eda \u201cAnalytics\u201d<\/td><td>11 meses<\/td><\/tr><tr><td>cookielawinfo-checkbox-functional<\/td><td>De personalizaci\u00f3n<\/td><td>GDPR Cookie Consent<\/td><td>Utilizada por GDPR Cookie Consent para guardar el consentimiento de cookies de la categor\u00eda \u201cFunctional\u201d<\/td><td>11 meses<\/td><\/tr><tr><td>cookielawinfo-checkbox-necessary<\/td><td>De personalizaci\u00f3n<\/td><td>GDPR Cookie Consent<\/td><td>Utilizada por GDPR Cookie Consent para guardar el consentimiento de cookies de la categor\u00eda \u201cNecessary\u201d<\/td><td>11 meses<\/td><\/tr><tr><td>cookielawinfo-checkbox-others<\/td><td>De personalizaci\u00f3n<\/td><td>GDPR Cookie Consent<\/td><td>Utilizada por GDPR Cookie Consent para guardar el consentimiento de cookies de la categor\u00eda \u201cOthers\u201d<\/td><td>11 meses<\/td><\/tr><tr><td>cookielawinfo-checkbox-performance<\/td><td>De personalizaci\u00f3n<\/td><td>GDPR Cookie Consent<\/td><td>Utilizada por GDPR Cookie Consent para guardar el consentimiento de cookies de la categor\u00eda \u201cPerformance\u201d<\/td><td>11 meses<\/td><\/tr><\/tbody><\/table><p>\u00a0<\/p><p><b>d. \u00bfC\u00f3mo se puede controlar el uso de cookies y balizas web?<\/b><\/p><p>Si se desea eliminar las cookies y balizas web, que ya est\u00e9n establecidas en las terminales de los usuarios, se puede hacer, desde el navegador. Se puede encontrar la manera de hacerlo dirigi\u00e9ndose al men\u00fa de ayuda del navegador, d\u00f3nde vienen establecidos los pasos para proceder con su eliminaci\u00f3n. Para m\u00e1s informaci\u00f3n:<\/p><p>Internet Explorer<\/p><p><u><a href=\"http:\/\/windows.microsoft.com\/es-es\/windows-vista\/block-or-allow-cookies\">http:\/\/windows.microsoft.com\/es-es\/windows-vista\/block-or-allow-cookies<\/a><\/u><\/p><p>Mozilla Firefox<\/p><p><u><a href=\"http:\/\/support.mozilla.org\/es\/kb\/habilitar-y-deshabilitar-cookies-que-los-sitios-we\">http:\/\/support.mozilla.org\/es\/kb\/habilitar-y-deshabilitar-cookies-que-los-sitios-we<\/a><\/u><\/p><p><span lang=\"en-GB\">Google Chrome<\/span><\/p><p><u><a href=\"https:\/\/support.google.com\/chrome\/answer\/95647?hl=es\"><span lang=\"en-GB\">https:\/\/support.google.com\/chrome\/answer\/95647?hl=es<\/span><\/a><\/u><\/p><p>Safari<\/p><p><u><a href=\"http:\/\/support.apple.com\/kb\/ph5042\"><span lang=\"en-GB\">http:\/\/support.apple.com\/kb\/ph5042<\/span><\/a><\/u><\/p><p>Esta pol\u00edtica de cookies ha sido revisada por \u00faltima vez el 13 de diciembre de 2021, por Eranovum, y se reserva el derecho a efectuar, en cualquier momento, los cambios que considere necesarios para adaptarla a novedades legislativas o jurisprudenciales.<\/p>\t\t\t\t\t\t\t\t<\/div>\n\t\t\t\t<\/div>\n\t\t\t\t<div class=\"elementor-element elementor-element-34db45af sc_fly_static elementor-widget elementor-widget-spacer\" data-id=\"34db45af\" data-element_type=\"widget\" data-e-type=\"widget\" data-widget_type=\"spacer.default\">\n\t\t\t\t<div class=\"elementor-widget-container\">\n\t\t\t\t\t\t\t<div class=\"elementor-spacer\">\n\t\t\t<div class=\"elementor-spacer-inner\"><\/div>\n\t\t<\/div>\n\t\t\t\t\t\t<\/div>\n\t\t\t\t<\/div>\n\t\t\t\t\t<\/div>\n\t\t<\/div>\n\t\t\t\t\t<\/div>\n\t\t<\/section>\n\t\t\t\t<\/div>\n\t\t","protected":false},"excerpt":{"rendered":"<p>Cookie Policy a. \u00bfQu\u00e9 son las cookies? Las cookies son peque\u00f1os archivos o dispositivos de&hellip;<\/p>\n","protected":false},"author":1,"featured_media":0,"parent":0,"menu_order":0,"comment_status":"closed","ping_status":"closed","template":"","meta":{"_stopmodifiedupdate":false,"_modified_date":"","_acf_changed":false,"footnotes":""},"class_list":["post-1117","page","type-page","status-publish","hentry"],"yoast_head":"<!-- This site is optimized with the Yoast SEO plugin v27.4 - https:\/\/yoast.com\/product\/yoast-seo-wordpress\/ -->\n<title>Cookie Policy - Eranovum<\/title>\n<meta name=\"robots\" content=\"index, follow, max-snippet:-1, max-image-preview:large, max-video-preview:-1\" \/>\n<link rel=\"canonical\" href=\"https:\/\/eranovum.energy\/en\/cookie-policy\/\" \/>\n<meta property=\"og:locale\" content=\"en_US\" \/>\n<meta property=\"og:type\" content=\"article\" \/>\n<meta property=\"og:title\" content=\"Cookie Policy - Eranovum\" \/>\n<meta property=\"og:description\" content=\"Cookie Policy a. \u00bfQu\u00e9 son las cookies? Las cookies son peque\u00f1os archivos o dispositivos de&hellip;\" \/>\n<meta property=\"og:url\" content=\"https:\/\/eranovum.energy\/en\/cookie-policy\/\" \/>\n<meta property=\"og:site_name\" content=\"Eranovum\" \/>\n<meta property=\"article:modified_time\" content=\"2024-04-01T10:54:33+00:00\" \/>\n<meta property=\"og:image\" content=\"https:\/\/eranovum.energy\/wp-content\/uploads\/2024\/01\/Eranovum-Logo-1.jpg\" \/>\n\t<meta property=\"og:image:width\" content=\"1200\" \/>\n\t<meta property=\"og:image:height\" content=\"675\" \/>\n\t<meta property=\"og:image:type\" content=\"image\/jpeg\" \/>\n<meta name=\"twitter:card\" content=\"summary_large_image\" \/>\n<meta name=\"twitter:label1\" content=\"Est. reading time\" \/>\n\t<meta name=\"twitter:data1\" content=\"3 minutes\" \/>\n<script type=\"application\/ld+json\" class=\"yoast-schema-graph\">{\"@context\":\"https:\\\/\\\/schema.org\",\"@graph\":[{\"@type\":\"WebPage\",\"@id\":\"https:\\\/\\\/eranovum.energy\\\/en\\\/cookie-policy\\\/\",\"url\":\"https:\\\/\\\/eranovum.energy\\\/en\\\/cookie-policy\\\/\",\"name\":\"Cookie Policy - Eranovum\",\"isPartOf\":{\"@id\":\"https:\\\/\\\/eranovum.energy\\\/en\\\/#website\"},\"datePublished\":\"2022-04-18T10:47:24+00:00\",\"dateModified\":\"2024-04-01T10:54:33+00:00\",\"breadcrumb\":{\"@id\":\"https:\\\/\\\/eranovum.energy\\\/en\\\/cookie-policy\\\/#breadcrumb\"},\"inLanguage\":\"en-US\",\"potentialAction\":[{\"@type\":\"ReadAction\",\"target\":[\"https:\\\/\\\/eranovum.energy\\\/en\\\/cookie-policy\\\/\"]}]},{\"@type\":\"BreadcrumbList\",\"@id\":\"https:\\\/\\\/eranovum.energy\\\/en\\\/cookie-policy\\\/#breadcrumb\",\"itemListElement\":[{\"@type\":\"ListItem\",\"position\":1,\"name\":\"Home\",\"item\":\"https:\\\/\\\/eranovum.energy\\\/en\\\/\"},{\"@type\":\"ListItem\",\"position\":2,\"name\":\"Cookie Policy\"}]},{\"@type\":\"WebSite\",\"@id\":\"https:\\\/\\\/eranovum.energy\\\/en\\\/#website\",\"url\":\"https:\\\/\\\/eranovum.energy\\\/en\\\/\",\"name\":\"Eranovum\",\"description\":\"Leading the new era of energy\",\"publisher\":{\"@id\":\"https:\\\/\\\/eranovum.energy\\\/en\\\/#organization\"},\"potentialAction\":[{\"@type\":\"SearchAction\",\"target\":{\"@type\":\"EntryPoint\",\"urlTemplate\":\"https:\\\/\\\/eranovum.energy\\\/en\\\/?s={search_term_string}\"},\"query-input\":{\"@type\":\"PropertyValueSpecification\",\"valueRequired\":true,\"valueName\":\"search_term_string\"}}],\"inLanguage\":\"en-US\"},{\"@type\":\"Organization\",\"@id\":\"https:\\\/\\\/eranovum.energy\\\/en\\\/#organization\",\"name\":\"Eranovum\",\"url\":\"https:\\\/\\\/eranovum.energy\\\/en\\\/\",\"logo\":{\"@type\":\"ImageObject\",\"inLanguage\":\"en-US\",\"@id\":\"https:\\\/\\\/eranovum.energy\\\/en\\\/#\\\/schema\\\/logo\\\/image\\\/\",\"url\":\"https:\\\/\\\/eranovum.energy\\\/wp-content\\\/uploads\\\/2022\\\/04\\\/cropped-eranovum-logo-web.png\",\"contentUrl\":\"https:\\\/\\\/eranovum.energy\\\/wp-content\\\/uploads\\\/2022\\\/04\\\/cropped-eranovum-logo-web.png\",\"width\":351,\"height\":41,\"caption\":\"Eranovum\"},\"image\":{\"@id\":\"https:\\\/\\\/eranovum.energy\\\/en\\\/#\\\/schema\\\/logo\\\/image\\\/\"}}]}<\/script>\n<!-- \/ Yoast SEO plugin. -->","yoast_head_json":{"title":"Cookie Policy - Eranovum","robots":{"index":"index","follow":"follow","max-snippet":"max-snippet:-1","max-image-preview":"max-image-preview:large","max-video-preview":"max-video-preview:-1"},"canonical":"https:\/\/eranovum.energy\/en\/cookie-policy\/","og_locale":"en_US","og_type":"article","og_title":"Cookie Policy - Eranovum","og_description":"Cookie Policy a. \u00bfQu\u00e9 son las cookies? Las cookies son peque\u00f1os archivos o dispositivos de&hellip;","og_url":"https:\/\/eranovum.energy\/en\/cookie-policy\/","og_site_name":"Eranovum","article_modified_time":"2024-04-01T10:54:33+00:00","og_image":[{"width":1200,"height":675,"url":"https:\/\/eranovum.energy\/wp-content\/uploads\/2024\/01\/Eranovum-Logo-1.jpg","type":"image\/jpeg"}],"twitter_card":"summary_large_image","twitter_misc":{"Est. reading time":"3 minutes"},"schema":{"@context":"https:\/\/schema.org","@graph":[{"@type":"WebPage","@id":"https:\/\/eranovum.energy\/en\/cookie-policy\/","url":"https:\/\/eranovum.energy\/en\/cookie-policy\/","name":"Cookie Policy - Eranovum","isPartOf":{"@id":"https:\/\/eranovum.energy\/en\/#website"},"datePublished":"2022-04-18T10:47:24+00:00","dateModified":"2024-04-01T10:54:33+00:00","breadcrumb":{"@id":"https:\/\/eranovum.energy\/en\/cookie-policy\/#breadcrumb"},"inLanguage":"en-US","potentialAction":[{"@type":"ReadAction","target":["https:\/\/eranovum.energy\/en\/cookie-policy\/"]}]},{"@type":"BreadcrumbList","@id":"https:\/\/eranovum.energy\/en\/cookie-policy\/#breadcrumb","itemListElement":[{"@type":"ListItem","position":1,"name":"Home","item":"https:\/\/eranovum.energy\/en\/"},{"@type":"ListItem","position":2,"name":"Cookie Policy"}]},{"@type":"WebSite","@id":"https:\/\/eranovum.energy\/en\/#website","url":"https:\/\/eranovum.energy\/en\/","name":"Eranovum","description":"Leading the new era of energy","publisher":{"@id":"https:\/\/eranovum.energy\/en\/#organization"},"potentialAction":[{"@type":"SearchAction","target":{"@type":"EntryPoint","urlTemplate":"https:\/\/eranovum.energy\/en\/?s={search_term_string}"},"query-input":{"@type":"PropertyValueSpecification","valueRequired":true,"valueName":"search_term_string"}}],"inLanguage":"en-US"},{"@type":"Organization","@id":"https:\/\/eranovum.energy\/en\/#organization","name":"Eranovum","url":"https:\/\/eranovum.energy\/en\/","logo":{"@type":"ImageObject","inLanguage":"en-US","@id":"https:\/\/eranovum.energy\/en\/#\/schema\/logo\/image\/","url":"https:\/\/eranovum.energy\/wp-content\/uploads\/2022\/04\/cropped-eranovum-logo-web.png","contentUrl":"https:\/\/eranovum.energy\/wp-content\/uploads\/2022\/04\/cropped-eranovum-logo-web.png","width":351,"height":41,"caption":"Eranovum"},"image":{"@id":"https:\/\/eranovum.energy\/en\/#\/schema\/logo\/image\/"}}]}},"acf":[],"_links":{"self":[{"href":"https:\/\/eranovum.energy\/en\/wp-json\/wp\/v2\/pages\/1117","targetHints":{"allow":["GET"]}}],"collection":[{"href":"https:\/\/eranovum.energy\/en\/wp-json\/wp\/v2\/pages"}],"about":[{"href":"https:\/\/eranovum.energy\/en\/wp-json\/wp\/v2\/types\/page"}],"author":[{"embeddable":true,"href":"https:\/\/eranovum.energy\/en\/wp-json\/wp\/v2\/users\/1"}],"replies":[{"embeddable":true,"href":"https:\/\/eranovum.energy\/en\/wp-json\/wp\/v2\/comments?post=1117"}],"version-history":[{"count":0,"href":"https:\/\/eranovum.energy\/en\/wp-json\/wp\/v2\/pages\/1117\/revisions"}],"wp:attachment":[{"href":"https:\/\/eranovum.energy\/en\/wp-json\/wp\/v2\/media?parent=1117"}],"curies":[{"name":"wp","href":"https:\/\/api.w.org\/{rel}","templated":true}]}}