{"id":1102,"date":"2022-04-18T10:43:21","date_gmt":"2022-04-18T10:43:21","guid":{"rendered":"https:\/\/eranovum.energy\/?page_id=1102"},"modified":"2025-08-27T11:34:29","modified_gmt":"2025-08-27T10:34:29","slug":"legal-terms","status":"publish","type":"page","link":"https:\/\/eranovum.energy\/en\/legal-terms\/","title":{"rendered":"Legal Terms"},"content":{"rendered":"\t\t<div data-elementor-type=\"wp-page\" data-elementor-id=\"1102\" class=\"elementor elementor-1102\">\n\t\t\t\t\t\t<section data-animation-type=\"block\" class=\"elementor-section elementor-top-section elementor-element elementor-element-41755e0d elementor-section-boxed elementor-section-height-default elementor-section-height-default animation_type_block sc_fly_static elementor-invisible\" data-id=\"41755e0d\" data-element_type=\"section\" data-e-type=\"section\" data-settings=\"{&quot;background_background&quot;:&quot;classic&quot;,&quot;animation&quot;:&quot;qwery-fadein&quot;}\">\n\t\t\t\t\t\t\t<div class=\"elementor-background-overlay\"><\/div>\n\t\t\t\t\t\t\t<div class=\"elementor-container elementor-column-gap-extended\">\n\t\t\t\t\t<div class=\"elementor-column elementor-col-100 elementor-top-column elementor-element elementor-element-6800eb5d sc_content_align_inherit sc_layouts_column_icons_position_left sc_fly_static\" data-id=\"6800eb5d\" data-element_type=\"column\" data-e-type=\"column\">\n\t\t\t<div class=\"elementor-widget-wrap elementor-element-populated\">\n\t\t\t\t\t\t<div class=\"elementor-element elementor-element-20685b22 sc_fly_static elementor-widget elementor-widget-spacer\" data-id=\"20685b22\" data-element_type=\"widget\" data-e-type=\"widget\" data-widget_type=\"spacer.default\">\n\t\t\t\t<div class=\"elementor-widget-container\">\n\t\t\t\t\t\t\t<div class=\"elementor-spacer\">\n\t\t\t<div class=\"elementor-spacer-inner\"><\/div>\n\t\t<\/div>\n\t\t\t\t\t\t<\/div>\n\t\t\t\t<\/div>\n\t\t\t\t<div class=\"elementor-element elementor-element-b133669 sc_fly_static elementor-widget elementor-widget-heading\" data-id=\"b133669\" data-element_type=\"widget\" data-e-type=\"widget\" data-widget_type=\"heading.default\">\n\t\t\t\t<div class=\"elementor-widget-container\">\n\t\t\t\t\t<h1 class=\"elementor-heading-title elementor-size-default\">Legal Terms<\/h1>\t\t\t\t<\/div>\n\t\t\t\t<\/div>\n\t\t\t\t<div class=\"elementor-element elementor-element-1613f558 sc_fly_static elementor-widget elementor-widget-spacer\" data-id=\"1613f558\" data-element_type=\"widget\" data-e-type=\"widget\" data-widget_type=\"spacer.default\">\n\t\t\t\t<div class=\"elementor-widget-container\">\n\t\t\t\t\t\t\t<div class=\"elementor-spacer\">\n\t\t\t<div class=\"elementor-spacer-inner\"><\/div>\n\t\t<\/div>\n\t\t\t\t\t\t<\/div>\n\t\t\t\t<\/div>\n\t\t\t\t<div class=\"elementor-element elementor-element-51c35297 sc_fly_static elementor-widget elementor-widget-spacer\" data-id=\"51c35297\" data-element_type=\"widget\" data-e-type=\"widget\" data-widget_type=\"spacer.default\">\n\t\t\t\t<div class=\"elementor-widget-container\">\n\t\t\t\t\t\t\t<div class=\"elementor-spacer\">\n\t\t\t<div class=\"elementor-spacer-inner\"><\/div>\n\t\t<\/div>\n\t\t\t\t\t\t<\/div>\n\t\t\t\t<\/div>\n\t\t\t\t\t<\/div>\n\t\t<\/div>\n\t\t\t\t\t<\/div>\n\t\t<\/section>\n\t\t\t\t<section class=\"elementor-section-with-custom-width elementor-section elementor-top-section elementor-element elementor-element-32e5acd elementor-section-boxed elementor-section-height-default elementor-section-height-default sc_fly_static\" data-id=\"32e5acd\" data-element_type=\"section\" data-e-type=\"section\">\n\t\t\t\t\t\t<div class=\"elementor-container elementor-column-gap-extended\">\n\t\t\t\t\t<div class=\"elementor-column elementor-col-100 elementor-top-column elementor-element elementor-element-05ed214 sc_content_align_inherit sc_layouts_column_icons_position_left sc_fly_static\" data-id=\"05ed214\" data-element_type=\"column\" data-e-type=\"column\">\n\t\t\t<div class=\"elementor-widget-wrap elementor-element-populated\">\n\t\t\t\t\t\t<div class=\"elementor-element elementor-element-0a5b75d sc_fly_static elementor-widget elementor-widget-spacer\" data-id=\"0a5b75d\" data-element_type=\"widget\" data-e-type=\"widget\" data-widget_type=\"spacer.default\">\n\t\t\t\t<div class=\"elementor-widget-container\">\n\t\t\t\t\t\t\t<div class=\"elementor-spacer\">\n\t\t\t<div class=\"elementor-spacer-inner\"><\/div>\n\t\t<\/div>\n\t\t\t\t\t\t<\/div>\n\t\t\t\t<\/div>\n\t\t\t\t<div class=\"elementor-element elementor-element-83a7d08 sc_fly_static elementor-widget elementor-widget-text-editor\" data-id=\"83a7d08\" data-element_type=\"widget\" data-e-type=\"widget\" data-widget_type=\"text-editor.default\">\n\t\t\t\t<div class=\"elementor-widget-container\">\n\t\t\t\t\t\t\t\t\t<p align=\"LEFT\"><b>a. Identidad del titular web<\/b><\/p><ul><li>Eranovum Energy Services SL<\/li><li>B88561600<\/li><li>Direcci\u00f3n: Calle Suero de Qui\u00f1ones 34-36, 28002 Madrid<\/li><li>Correo electr\u00f3nico:\u00a0<u><a href=\"mailto:info@eranovum.energy\">info@eranovum.energy<\/a><\/u><\/li><li>Inscrita\u00a0en el Registro Mercantil de Madrid, tomo 40074, folio 132, inscripci\u00f3n 2 con hoja M-711996, con NIF B88561600<\/li><\/ul><p>*Las empresas del Grupo Eranovum son:<\/p><p>Eranovum Energy Services SL \u2013\u00a0<span style=\"font-family: mont; font-size: 17px; font-style: normal; font-weight: 400; letter-spacing: 0.1px;\">Avenida del General Per\u00f3n 38, 7-3, 28020<\/span>\u00a0\u2013 CIF: B88561600<\/p><p>Eranovum e-mobility SL \u2013\u00a0<span style=\"font-family: mont; font-size: 17px; font-style: normal; font-weight: 400; letter-spacing: 0.1px;\">Avenida del General Per\u00f3n 38, 7-3, 28020<\/span>\u00a0\u2013 CIF: B05482310<\/p><p align=\"LEFT\"><b>b. Objeto<\/b><\/p><p>Eranovum Energy Services SL\u00a0<b>(en adelante Eranovum)<\/b>, responsable del sitio web, pone a disposici\u00f3n de los usuarios de su web\u00a0<u><a href=\"https:\/\/eranovum.energy\/\">https:\/\/eranovum.energy\/<\/a><\/u>\u00a0(en adelante \u2018la web\u2019 o \u2018sitio web\u2019) el presente aviso legal, con el que pretende dar cumplimiento a las obligaciones dispuestas en la Ley 34\/2002, de Servicios de la Sociedad de la Informaci\u00f3n y del Comercio Electr\u00f3nico (LSSI-CE), as\u00ed como informar, a todos los usuarios, respecto a cu\u00e1les son las condiciones de uso del sitio web<\/p><p>Toda persona que acceda a este sitio web asume el papel de usuario, comprometi\u00e9ndose a la observancia y cumplimiento riguroso de las disposiciones aqu\u00ed dispuestas, as\u00ed como a cualesquiera otras disposiciones legales, que fueran de aplicaci\u00f3n.<\/p><p><b>Eranovum<\/b>\u00a0se reserva el derecho a modificar cualquier tipo de informaci\u00f3n que pudiera aparecer en los mismos, sin que exista obligaci\u00f3n de preavisar o poner en conocimiento, de los usuarios, sobre dichas obligaciones, entendi\u00e9ndose suficiente con la publicaci\u00f3n en la web de\u00a0<b>Eranovum,\u00a0<\/b>a partir de la fecha de su publicaci\u00f3n.<\/p><p align=\"LEFT\"><b>c. Responsabilidades<\/b><\/p><p><b>Eranovum<\/b>\u00a0se exime de cualquier tipo de responsabilidad derivada de la informaci\u00f3n publicada en su web, siempre que esta informaci\u00f3n haya sido manipulada o introducida por un tercero, ajeno al mismo.<\/p><p align=\"LEFT\"><b>d. Enlaces y contenidos<\/b><\/p><p>Desde los diferentes espacios de Eranovum, es posible que se redirija a contenidos de sitios web, landing pages, o redes sociales de terceros. Estos enlaces no establecen, por s\u00ed mismos, ninguna vinculaci\u00f3n legal o negocial con aquellos a que van referidos.\u00a0<b>Eranovum,<\/b>\u00a0en ning\u00fan caso, asume ning\u00fan tipo de responsabilidad respecto a dichos contenidos, por ser totalmente ajenos a la misma.<\/p><p><b>Eranovum<\/b>\u00a0no se hace responsable de la informaci\u00f3n y contenidos almacenados o publicados en la web, en sus redes sociales o cualesquiera otros medios dispuestos por\u00a0<b>Eranovum,<\/b>\u00a0que permitan, a terceros, publicar contenidos, de forma independiente, dentro de los mismos.<\/p><p>No obstante lo anterior, y en cumplimiento de lo dispuesto en el art. 11 y 16 de la LSSI-CE,\u00a0<b>Eranovum<\/b>\u00a0se pone a disposici\u00f3n, de todos los usuarios, autoridades y fuerzas de seguridad, para colaborar, de forma activa, en la retirada o, en su caso bloqueo, de todos aquellos contenidos o enlaces que pudieran afectar o contravenir la legislaci\u00f3n nacional, o internacional, derechos de terceros o la moral y el orden p\u00fablico, poniendo en conocimiento de las autoridades competentes el contenido en cuesti\u00f3n.<\/p><p>En caso de que el usuario considere que existe, en la web de\u00a0<b>Eranovum<\/b>, alg\u00fan contenido o enlace que pudiera ser susceptible de esta clasificaci\u00f3n, se ruega lo notifique, de forma inmediata, a\u00a0<u><a href=\"mailto:info@eranovum.energy\">info@eranovum.energy<\/a><\/u>.<\/p><p align=\"LEFT\"><b>c. Pol\u00edtica de privacidad<\/b><\/p><p>En<b>\u00a0Eranovum<\/b>\u00a0estamos firmemente comprometidos con el respecto de la privacidad y el cumplimiento de la legislaci\u00f3n vigente, en materia de protecci\u00f3n de datos, de car\u00e1cter personal, de sus usuarios, partners, candidatos de empleo y dem\u00e1s personas que facilitan sus datos a\u00a0<b>Eranovum.<\/b><\/p><p>Si quieres saber, con mayor detalle, c\u00f3mo tratamos los datos que son proporcionados en la web\u00a0<u><a href=\"https:\/\/eranovum.energy\/\">eranovum.energy<\/a><\/u>\u00a0como a trav\u00e9s de cualquier otro medio, consulta, por favor, nuestra\u00a0<a href=\"https:\/\/eranovum.energy\/privacy-policy\/\"><u>pol\u00edtica de privacidad<\/u><\/a>\u00a0de\u00a0<b>Eranovum<\/b>.<\/p><p align=\"LEFT\"><b>d. Aviso sobre cookies<\/b><\/p><p>Las cookies son peque\u00f1os archivos, creados por los sitios web, que se almacenan en cada ordenador o dispositivo m\u00f3vil, y que muestran informaci\u00f3n sobre la navegaci\u00f3n en internet.<\/p><p>Si lo deseas, puedes eliminar las cookies instaladas, en cada navegador que sea utilizado, as\u00ed como configurar el mismo, para que las cookies no se instalen.<\/p><p>Para m\u00e1s detalle sobre c\u00f3mo se utilizan las cookies en la web de\u00a0<b>Eranovum<\/b>, lee, por favor, nuestra\u00a0<a href=\"https:\/\/eranovum.energy\/cookie-policy\/\"><u>pol\u00edtica de cookies<\/u><\/a><u>\u00a0<\/u>de\u00a0<b>Eranovum<\/b><u>.<\/u><\/p><p align=\"LEFT\"><b>e. Derechos de Propiedad Intelectual<\/b><\/p><p>Todos los contenidos de la web de\u00a0<b>Eranovum<\/b>, incluyendo, sin car\u00e1cter limitativo, bases de datos, im\u00e1genes y fotograf\u00edas, dibujos, gr\u00e1ficos y archivos de texto, son propiedad de\u00a0<b>Eranovum<\/b>, o de los terceros proveedores de contenidos, habiendo sido, en este \u00faltimo caso, objeto de licencia o cesi\u00f3n por parte de los mismos. De esta forma, est\u00e1n protegidos por las normas nacionales e internacionales de propiedad intelectual, especialmente por el Texto refundido de la Ley de Propiedad Intelectual aprobada por Real Decreto 1\/1996 de 12 de abril.<\/p><p>Los usuarios se comprometen a utilizar los contenidos puestos a disposici\u00f3n en\u00a0<u><a href=\"https:\/\/eranovum.energy\/\">eranovum.energy<\/a><\/u>, de acuerdo con la citada Ley, as\u00ed como la moral y las buenas costumbres aceptadas y el orden p\u00fablico.<\/p><p><b>Eranovum<\/b>\u00a0reconoce, a favor de sus titulares, los correspondientes derechos de propiedad industrial e intelectual, no implicando su sola menci\u00f3n o aparici\u00f3n en sus diferentes espacios la existencia de derechos o responsabilidad alguna de\u00a0<b>Eranovum\u00a0<\/b>sobre los mismos.<\/p><p>El usuario se abstendr\u00e1 de llevar a cabo conductas que atenten contra los derechos de propiedad intelectual o industrial de\u00a0<b>Eranovum<\/b>, o de terceros, o que vulneren o transgredan la intimidad personal o familiar o la imagen de terceros, o que sean il\u00edcitos o atenten contra la moralidad.<\/p><p>El usuario dejar\u00e1, en cualquier caso, indemne a\u00a0<b>Eranovum<\/b>\u00a0frente a cualquier reclamaci\u00f3n, judicial o extra judicial que se presente frente a ella como consecuencia de dicho uso.<\/p><p>Las marcas, r\u00f3tulos, signos distintivos o logos en la web de\u00a0<b>Eranovum<\/b>, son propiedad de\u00a0<b>Eranovum<\/b>, y est\u00e1n debidamente registrados, sin que pueda entenderse cedidos al usuario ninguno de los derechos de explotaci\u00f3n, m\u00e1s all\u00e1 que de lo estrictamente necesario para el correcto uso dicha web.<\/p><p>Los textos, datos y dibujos gr\u00e1ficos contenidos en la web de\u00a0<b>Eranovum<\/b>\u00a0no podr\u00e1n ser objeto de ulterior modificaci\u00f3n, copia, transformaci\u00f3n, alteraci\u00f3n, reproducci\u00f3n, adaptaci\u00f3n o traducci\u00f3n por parte de terceros, sin la expresa autorizaci\u00f3n por parte del titular de dicho contenido. La puesta a disposici\u00f3n de los textos, datos y dibujos gr\u00e1ficos no implica, en ning\u00fan caso, la cesi\u00f3n de su titularidad o la concesi\u00f3n de un derecho de explotaci\u00f3n, reproducci\u00f3n, difusi\u00f3n, transformaci\u00f3n, distribuci\u00f3n, o transmisi\u00f3n a su favor, distinto del derecho de uso que comporta la utilizaci\u00f3n leg\u00edtima de\u00a0<b>Eranovum<\/b>\u00a0y, salvo autorizaci\u00f3n expresa y por escrito, por parte de la misma.<\/p><p>Para realizar cualquier tipo de observaci\u00f3n, respecto a posibles incumplimientos de los derechos de propiedad intelectual o industrial, as\u00ed como sobre cualquiera de los contenidos del sitio web o solicitar autorizaciones para el uso de los textos, datos y dibujos gr\u00e1ficos disponibles en la misma, se pone, a disposici\u00f3n del usuario, el siguiente correo electr\u00f3nico:\u00a0<u><a href=\"mailto:info@eranovum.energy\">info@eranovum.energy<\/a><\/u>.<\/p><p><b>f. Manifestaciones<\/b><\/p><p><b>Eranovum<\/b>\u00a0manifiesta que, en su web\u00a0<u><a href=\"https:\/\/eranovum.energy\/\">eranovum.energy<\/a><\/u>, dispone de la tecnolog\u00eda adecuada para permitir el acceso y utilizaci\u00f3n de los mismos. No obstante,\u00a0<b>Eranovum<\/b>\u00a0no se responsabiliza por la eventual existencia de virus u otros elementos nocivos, introducidos por cualquier medio o por cualquier tercero, que puedan producir alteraciones en los diferentes sistemas inform\u00e1ticos.<\/p><p><b>Eranovum<\/b>\u00a0vela, de manera constante, para que el contenido expuesto en su sitio web\u00a0<u><a href=\"https:\/\/eranovum.energy\/\">eranovum.energy<\/a><\/u>\u00a0sea veraz. De todas maneras, podr\u00eda darse el caso de contener ciertas inexactitudes, omisiones relevantes, imprecisiones o erratas. En este caso,\u00a0<b>Eranovum<\/b>\u00a0no garantiza la veracidad, exactitud y actualidad de los datos contenidos en los mismos.<\/p><p>El usuario que accede a la web\u00a0<u><a href=\"https:\/\/eranovum.energy\/\">eranovum.energy<\/a><\/u>\u00a0exonera a\u00a0<b>Eranovum<\/b>\u00a0de cualquier responsabilidad, en relaci\u00f3n a la fiabilidad, utilidad o falsas expectativas que este estos espacios pudieran producirle.<\/p><p><b>g. Pol\u00edtica de menores de edad<\/b><\/p><p>La web\u00a0<u><a href=\"https:\/\/eranovum.energy\/\">eranovum.energy<\/a><\/u>\u00a0de\u00a0<b>Eranovum<\/b>\u00a0es apta para todo tipo de p\u00fablicos. En todo caso, los servicios de\u00a0<b>Eranovum<\/b>\u00a0estar\u00e1n destinados a mayores de 18 a\u00f1os con capacidad legal suficiente para poder contratar diferentes servicios y de acuerdo a las condiciones de contrataci\u00f3n que se establezcan en cada momento entre las partes. En el caso de contrataci\u00f3n, por menores de edad, se requiere la autorizaci\u00f3n de los padres o tutores para poder tratar sus datos.<\/p><p>El usuario es el \u00fanico responsable de la veracidad y exactitud de los datos proporcionados a\u00a0<b>Eranovum,\u00a0<\/b>para el mantenimiento de relaciones negociales.<\/p><p><b>Eranovum\u00a0<\/b>ofrece y establece los medios disponibles para verificar la edad de los usuarios que contratan sus servicios y pone su atenci\u00f3n en la protecci\u00f3n de los mismos.<\/p><p>En todo caso,\u00a0<b>Eranovum<\/b>\u00a0se exonera del tratamiento de datos realizado sobre menores sin el consentimiento de sus padres o tutores.<\/p><p align=\"LEFT\"><b>h. Ley aplicable y jurisdicci\u00f3n<\/b><\/p><p>Para la resoluci\u00f3n de todas las controversias o cuestiones relacionadas con la web de\u00a0<u><a href=\"https:\/\/eranovum.energy\/\">eranovum.energy<\/a><\/u>, o de las actividades en ella desarrollada, ser\u00e1 de aplicaci\u00f3n la legislaci\u00f3n espa\u00f1ola, a la que se someten expresamente las partes, siendo competentes para la resoluci\u00f3n de todos los conflictos derivados o relacionados con su uso los Juzgados y Tribunales de la ciudad de Madrid.<\/p><p align=\"LEFT\"><b>i. Publicaci\u00f3n<\/b><\/p><p>Esta pol\u00edtica de privacidad ha sido revisada por \u00faltima vez el 8 de Marzo de 2021.<\/p><p><b>Eranovum<\/b>\u00a0se reserva el derecho a efectuar, en cualquier momento, los cambios que considere necesarios, para adaptarla a novedades legislativas o jurisprudenciales.<\/p>\t\t\t\t\t\t\t\t<\/div>\n\t\t\t\t<\/div>\n\t\t\t\t<div class=\"elementor-element elementor-element-3997b0d sc_fly_static elementor-widget elementor-widget-spacer\" data-id=\"3997b0d\" data-element_type=\"widget\" data-e-type=\"widget\" data-widget_type=\"spacer.default\">\n\t\t\t\t<div class=\"elementor-widget-container\">\n\t\t\t\t\t\t\t<div class=\"elementor-spacer\">\n\t\t\t<div class=\"elementor-spacer-inner\"><\/div>\n\t\t<\/div>\n\t\t\t\t\t\t<\/div>\n\t\t\t\t<\/div>\n\t\t\t\t\t<\/div>\n\t\t<\/div>\n\t\t\t\t\t<\/div>\n\t\t<\/section>\n\t\t\t\t<\/div>\n\t\t","protected":false},"excerpt":{"rendered":"<p>Legal Terms a. Identidad del titular web Eranovum Energy Services SL B88561600 Direcci\u00f3n: Calle Suero&hellip;<\/p>\n","protected":false},"author":1,"featured_media":0,"parent":0,"menu_order":0,"comment_status":"closed","ping_status":"closed","template":"","meta":{"_stopmodifiedupdate":false,"_modified_date":"","_acf_changed":false,"footnotes":""},"class_list":["post-1102","page","type-page","status-publish","hentry"],"yoast_head":"<!-- This site is optimized with the Yoast SEO plugin v27.3 - https:\/\/yoast.com\/product\/yoast-seo-wordpress\/ -->\n<title>Legal Terms - Eranovum<\/title>\n<meta name=\"robots\" content=\"index, follow, max-snippet:-1, max-image-preview:large, max-video-preview:-1\" \/>\n<link rel=\"canonical\" href=\"https:\/\/eranovum.energy\/en\/legal-terms\/\" \/>\n<meta property=\"og:locale\" content=\"en_US\" \/>\n<meta property=\"og:type\" content=\"article\" \/>\n<meta property=\"og:title\" content=\"Legal Terms - Eranovum\" \/>\n<meta property=\"og:description\" content=\"Legal Terms a. Identidad del titular web Eranovum Energy Services SL B88561600 Direcci\u00f3n: Calle Suero&hellip;\" \/>\n<meta property=\"og:url\" content=\"https:\/\/eranovum.energy\/en\/legal-terms\/\" \/>\n<meta property=\"og:site_name\" content=\"Eranovum\" \/>\n<meta property=\"article:modified_time\" content=\"2025-08-27T10:34:29+00:00\" \/>\n<meta property=\"og:image\" content=\"https:\/\/eranovum.energy\/wp-content\/uploads\/2024\/01\/Eranovum-Logo-1.jpg\" \/>\n\t<meta property=\"og:image:width\" content=\"1200\" \/>\n\t<meta property=\"og:image:height\" content=\"675\" \/>\n\t<meta property=\"og:image:type\" content=\"image\/jpeg\" \/>\n<meta name=\"twitter:card\" content=\"summary_large_image\" \/>\n<meta name=\"twitter:label1\" content=\"Est. reading time\" \/>\n\t<meta name=\"twitter:data1\" content=\"7 minutes\" \/>\n<script type=\"application\/ld+json\" class=\"yoast-schema-graph\">{\"@context\":\"https:\\\/\\\/schema.org\",\"@graph\":[{\"@type\":\"WebPage\",\"@id\":\"https:\\\/\\\/eranovum.energy\\\/en\\\/legal-terms\\\/\",\"url\":\"https:\\\/\\\/eranovum.energy\\\/en\\\/legal-terms\\\/\",\"name\":\"Legal Terms - Eranovum\",\"isPartOf\":{\"@id\":\"https:\\\/\\\/eranovum.energy\\\/en\\\/#website\"},\"datePublished\":\"2022-04-18T10:43:21+00:00\",\"dateModified\":\"2025-08-27T10:34:29+00:00\",\"breadcrumb\":{\"@id\":\"https:\\\/\\\/eranovum.energy\\\/en\\\/legal-terms\\\/#breadcrumb\"},\"inLanguage\":\"en-US\",\"potentialAction\":[{\"@type\":\"ReadAction\",\"target\":[\"https:\\\/\\\/eranovum.energy\\\/en\\\/legal-terms\\\/\"]}]},{\"@type\":\"BreadcrumbList\",\"@id\":\"https:\\\/\\\/eranovum.energy\\\/en\\\/legal-terms\\\/#breadcrumb\",\"itemListElement\":[{\"@type\":\"ListItem\",\"position\":1,\"name\":\"Home\",\"item\":\"https:\\\/\\\/eranovum.energy\\\/en\\\/\"},{\"@type\":\"ListItem\",\"position\":2,\"name\":\"Legal Terms\"}]},{\"@type\":\"WebSite\",\"@id\":\"https:\\\/\\\/eranovum.energy\\\/en\\\/#website\",\"url\":\"https:\\\/\\\/eranovum.energy\\\/en\\\/\",\"name\":\"Eranovum\",\"description\":\"Leading the new era of energy\",\"publisher\":{\"@id\":\"https:\\\/\\\/eranovum.energy\\\/en\\\/#organization\"},\"potentialAction\":[{\"@type\":\"SearchAction\",\"target\":{\"@type\":\"EntryPoint\",\"urlTemplate\":\"https:\\\/\\\/eranovum.energy\\\/en\\\/?s={search_term_string}\"},\"query-input\":{\"@type\":\"PropertyValueSpecification\",\"valueRequired\":true,\"valueName\":\"search_term_string\"}}],\"inLanguage\":\"en-US\"},{\"@type\":\"Organization\",\"@id\":\"https:\\\/\\\/eranovum.energy\\\/en\\\/#organization\",\"name\":\"Eranovum\",\"url\":\"https:\\\/\\\/eranovum.energy\\\/en\\\/\",\"logo\":{\"@type\":\"ImageObject\",\"inLanguage\":\"en-US\",\"@id\":\"https:\\\/\\\/eranovum.energy\\\/en\\\/#\\\/schema\\\/logo\\\/image\\\/\",\"url\":\"https:\\\/\\\/eranovum.energy\\\/wp-content\\\/uploads\\\/2022\\\/04\\\/cropped-eranovum-logo-web.png\",\"contentUrl\":\"https:\\\/\\\/eranovum.energy\\\/wp-content\\\/uploads\\\/2022\\\/04\\\/cropped-eranovum-logo-web.png\",\"width\":351,\"height\":41,\"caption\":\"Eranovum\"},\"image\":{\"@id\":\"https:\\\/\\\/eranovum.energy\\\/en\\\/#\\\/schema\\\/logo\\\/image\\\/\"}}]}<\/script>\n<!-- \/ Yoast SEO plugin. -->","yoast_head_json":{"title":"Legal Terms - Eranovum","robots":{"index":"index","follow":"follow","max-snippet":"max-snippet:-1","max-image-preview":"max-image-preview:large","max-video-preview":"max-video-preview:-1"},"canonical":"https:\/\/eranovum.energy\/en\/legal-terms\/","og_locale":"en_US","og_type":"article","og_title":"Legal Terms - Eranovum","og_description":"Legal Terms a. Identidad del titular web Eranovum Energy Services SL B88561600 Direcci\u00f3n: Calle Suero&hellip;","og_url":"https:\/\/eranovum.energy\/en\/legal-terms\/","og_site_name":"Eranovum","article_modified_time":"2025-08-27T10:34:29+00:00","og_image":[{"width":1200,"height":675,"url":"https:\/\/eranovum.energy\/wp-content\/uploads\/2024\/01\/Eranovum-Logo-1.jpg","type":"image\/jpeg"}],"twitter_card":"summary_large_image","twitter_misc":{"Est. reading time":"7 minutes"},"schema":{"@context":"https:\/\/schema.org","@graph":[{"@type":"WebPage","@id":"https:\/\/eranovum.energy\/en\/legal-terms\/","url":"https:\/\/eranovum.energy\/en\/legal-terms\/","name":"Legal Terms - Eranovum","isPartOf":{"@id":"https:\/\/eranovum.energy\/en\/#website"},"datePublished":"2022-04-18T10:43:21+00:00","dateModified":"2025-08-27T10:34:29+00:00","breadcrumb":{"@id":"https:\/\/eranovum.energy\/en\/legal-terms\/#breadcrumb"},"inLanguage":"en-US","potentialAction":[{"@type":"ReadAction","target":["https:\/\/eranovum.energy\/en\/legal-terms\/"]}]},{"@type":"BreadcrumbList","@id":"https:\/\/eranovum.energy\/en\/legal-terms\/#breadcrumb","itemListElement":[{"@type":"ListItem","position":1,"name":"Home","item":"https:\/\/eranovum.energy\/en\/"},{"@type":"ListItem","position":2,"name":"Legal Terms"}]},{"@type":"WebSite","@id":"https:\/\/eranovum.energy\/en\/#website","url":"https:\/\/eranovum.energy\/en\/","name":"Eranovum","description":"Leading the new era of energy","publisher":{"@id":"https:\/\/eranovum.energy\/en\/#organization"},"potentialAction":[{"@type":"SearchAction","target":{"@type":"EntryPoint","urlTemplate":"https:\/\/eranovum.energy\/en\/?s={search_term_string}"},"query-input":{"@type":"PropertyValueSpecification","valueRequired":true,"valueName":"search_term_string"}}],"inLanguage":"en-US"},{"@type":"Organization","@id":"https:\/\/eranovum.energy\/en\/#organization","name":"Eranovum","url":"https:\/\/eranovum.energy\/en\/","logo":{"@type":"ImageObject","inLanguage":"en-US","@id":"https:\/\/eranovum.energy\/en\/#\/schema\/logo\/image\/","url":"https:\/\/eranovum.energy\/wp-content\/uploads\/2022\/04\/cropped-eranovum-logo-web.png","contentUrl":"https:\/\/eranovum.energy\/wp-content\/uploads\/2022\/04\/cropped-eranovum-logo-web.png","width":351,"height":41,"caption":"Eranovum"},"image":{"@id":"https:\/\/eranovum.energy\/en\/#\/schema\/logo\/image\/"}}]}},"acf":[],"_links":{"self":[{"href":"https:\/\/eranovum.energy\/en\/wp-json\/wp\/v2\/pages\/1102","targetHints":{"allow":["GET"]}}],"collection":[{"href":"https:\/\/eranovum.energy\/en\/wp-json\/wp\/v2\/pages"}],"about":[{"href":"https:\/\/eranovum.energy\/en\/wp-json\/wp\/v2\/types\/page"}],"author":[{"embeddable":true,"href":"https:\/\/eranovum.energy\/en\/wp-json\/wp\/v2\/users\/1"}],"replies":[{"embeddable":true,"href":"https:\/\/eranovum.energy\/en\/wp-json\/wp\/v2\/comments?post=1102"}],"version-history":[{"count":0,"href":"https:\/\/eranovum.energy\/en\/wp-json\/wp\/v2\/pages\/1102\/revisions"}],"wp:attachment":[{"href":"https:\/\/eranovum.energy\/en\/wp-json\/wp\/v2\/media?parent=1102"}],"curies":[{"name":"wp","href":"https:\/\/api.w.org\/{rel}","templated":true}]}}